{"id":1802,"date":"2023-04-03T12:52:45","date_gmt":"2023-04-03T09:52:45","guid":{"rendered":"https:\/\/staging.khome.es\/product\/instrumentu-nojume\/"},"modified":"2024-07-19T17:37:15","modified_gmt":"2024-07-19T14:37:15","slug":"instrumentu-nojume","status":"publish","type":"product","link":"https:\/\/kronushome.com\/lv\/produkti\/instrumentu-nojume\/","title":{"rendered":"Instrumentu novietne"},"content":{"rendered":"<h2><span data-sheets-root=\"1\">P\u0101rskat\u0101m\u012bba:<\/span><\/h2>\n<p><span data-sheets-root=\"1\">Iek\u013cautie plaukti un pieliekamie \u0101\u0137i nodro\u0161ina liel\u0101s organiz\u0113\u0161anas iesp\u0113jas da\u017e\u0101diem priek\u0161metiem.<\/span><\/p>\n<h2><span data-sheets-root=\"1\">Augst\u0101k\u0101s kvalit\u0101tes koksne:<\/span><\/h2>\n<p><span data-sheets-root=\"1\">Izgatavota no augst\u0101k\u0101s kvalit\u0101tes sertific\u0113tas zieme\u013cvalstu koksnes, \u0161\u012b novietne ne tikai nodro\u0161ina ilgm\u016b\u017e\u012bbu, bet ar\u012b veicina ilgtsp\u0113j\u012bgu me\u017eu apsaimnieko\u0161anas praksi.<\/span><\/p>\n<h2><span data-sheets-root=\"1\">Pla\u0161as durvis:<\/span><\/h2>\n<p><span data-sheets-root=\"1\">140&#215;150 cm pla\u0161\u0101s durvis nodro\u0161ina \u0113rtu piek\u013cuvi un \u013cauj viegli uzglab\u0101t ar\u012b liel\u0101kus priek\u0161metus. Turkl\u0101t durvis ir apr\u012bkotas ar dro\u0161\u012bbas sl\u0113dzeni, kas nodro\u0161ina papildu aizsardz\u012bbu.<\/span><\/p>\n<h2><span data-sheets-root=\"1\">Vienk\u0101r\u0161a un \u0101tra mont\u0101\u017ea:<\/span><\/h2>\n<p><span data-sheets-root=\"1\">Sienas, jumts, gr\u012bda un durvis no r\u016bpnieciski ra\u017eotiem pane\u013ciem nodro\u0161ina vienk\u0101r\u0161u un \u013coti \u0101tru mont\u0101\u017eu. \u012apa\u0161ais pane\u013cu dizains nov\u0113r\u0161 k\u013c\u016bdas mont\u0101\u017eas laik\u0101, padarot uzst\u0101d\u012b\u0161anas procesu \u0101tru un vieglu pat vienam cilv\u0113kam. Komplekt\u0101 ir iek\u013cautas visas mont\u0101\u017eai nepiecie\u0161am\u0101s deta\u013cas (skr\u016bves, stiprin\u0101jumi, durvju e\u0146\u0123es, sl\u0113dzene). Iesak\u0101m pirms vai p\u0113c mont\u0101\u017eas apstr\u0101d\u0101t novietni ar koksnes aizsardz\u012bbas l\u012bdzekli, lai t\u0101 b\u016btu iztur\u012bg\u0101ka.<\/span><\/p>\n<p>&nbsp;<\/p>\n<h2><span data-sheets-root=\"1\">Instrumentu novietne piem\u0113rota:<\/span><\/h2>\n<p><span data-sheets-root=\"1\"><strong>D\u0101rza instrumentu uzglab\u0101\u0161anai<\/strong> &#8211; organiz\u0113 savus d\u0101rza instrumentus un piederumus, piem\u0113ram, l\u0101pstas, gr\u0101bek\u013cus, d\u0101rza \u0161\u0137\u0113res un citus r\u012bkus.<\/p>\n<p><strong>S\u012bk\u0101ku priek\u0161metu organiz\u0113\u0161anai<\/strong> &#8211; komplekt\u0101 iek\u013cautie plaukti un pieskr\u016bv\u0113jamie \u0101\u0137i pal\u012bdz uztur\u0113t k\u0101rt\u012bbu un organiz\u0113t maz\u0101kus priek\u0161metus, piem\u0113ram, skr\u016bves, naglas, cimdus, d\u0101rza dr\u0113bes un citas s\u012bkas lietas.<\/p>\n<p><strong>M\u0101jsaimniec\u012bbas priek\u0161metu uzglab\u0101\u0161anai<\/strong> &#8211; piem\u0113ram, grila piederumu, slotu, velosip\u0113du un sporta invent\u0101ra.<\/p>\n<p><strong>D\u0101rza dekor\u0101ciju glab\u0101\u0161anai<\/strong> &#8211; sezonas vai nesezonas dekor\u0101ciju uzglab\u0101\u0161anai, piem\u0113ram, Ziemassv\u0113tku rot\u0101jumu un d\u0101rza lampu, lai t\u0101s b\u016btu viegli pieejamas, kad nepiecie\u0161amas.<\/p>\n<p><strong>Remonta materi\u0101lu uzglab\u0101\u0161anai<\/strong> &#8211; ide\u0101la vieta, piem\u0113ram, kr\u0101su bund\u017eu, otu, urbju un citu lietu, glab\u0101\u0161anai, kas nepiecie\u0161ami m\u0101jas remontdarbiem un uztur\u0113\u0161anai.<\/p>\n<p><em>Produkts tiek pieg\u0101d\u0101ts nesalikt\u0101 veid\u0101.<\/em><br \/>\n<em>Ori\u0123in\u0101lais produkts var at\u0161\u0137irties no produkta att\u0113liem.<\/em><br \/>\n<em>Pirms ieg\u0101des skatiet produkta specifik\u0101ciju un papildu apr\u012bkojumu.<\/em><br \/>\n<em>Ra\u017eot\u0101jam ir ties\u012bbas veikt tehniskas izmai\u0146as produkt\u0101.<\/em><\/span><\/p>\n","protected":false},"excerpt":{"rendered":"<p><span data-sheets-root=\"1\">Instrumentu novietne ir kompakta un \u0113rta da\u017e\u0101du d\u0101rza r\u012bku un instrumentu uzglab\u0101\u0161anas vieta, jo taj\u0101 ir ie\u013cauti 2 plaukti un 6 pakaramie \u0101\u0137\u012b\u0161i, kurus j\u016bs varat main\u012bt sev v\u0113lam\u0101 izvietojum\u0101 un augstum\u0101. \u0160aj\u0101 novietn\u0113 katra lieta atrad\u012bsies sav\u0101 viet\u0101, un uzglab\u0101jam\u0101s mantas b\u016bs viegli p\u0101rredzamas, pateicoties gan plauktiem, gan pla\u0161aj\u0101m durv\u012bm, kuras apr\u012bkotas ar sl\u0113dzeni. \u0160is \u0161\u0137\u016bn\u012btis ir lielisks veids k\u0101 organiz\u0113t savus m\u0101jsaimniec\u012bbas instrumentus un d\u0101rza r\u012bkus, pie tam tas lieliski piest\u0101v\u0113s blakus jau m\u0101jsaimniec\u012bb\u0101 eso\u0161ai \u0113kai, papildinot gan pagalma, gan d\u0101rza ainavu. Pateicoties novietnes inovat\u012bvajai pane\u013cu konstrukcijai un kl\u0101t pievienotajai mont\u0101\u017eas instrukcijai, uzst\u0101d\u012b\u0161anas darbi norit vienk\u0101r\u0161i un \u0101tri.<br \/>\nLatvijas teritorij\u0101 bezmaksas pieg\u0101de!<\/span><\/p>\n","protected":false},"featured_media":1418,"comment_status":"open","ping_status":"closed","template":"","meta":[],"product_cat":[513],"product_tag":[],"yoast_head":"<!-- This site is optimized with the Yoast SEO Premium plugin v23.0 (Yoast SEO v23.0) - https:\/\/yoast.com\/wordpress\/plugins\/seo\/ -->\n<title>\u0100ra d\u0101rza instrumentu novietne | KHOME<\/title>\n<meta name=\"description\" content=\"Pla\u0161s koka d\u0101rza \u0161\u0137\u016bnis instrumentu glab\u0101\u0161anai d\u0101rza darbiem un cit\u0101m mant\u0101m. Pla\u0161\u0101s durvis nodro\u0161ina \u0113rtu un dro\u0161u liel\u0101ku priek\u0161metu glab\u0101\u0161anu.\" \/>\n<meta name=\"robots\" content=\"index, follow, max-snippet:-1, max-image-preview:large, max-video-preview:-1\" \/>\n<link rel=\"canonical\" href=\"https:\/\/kronushome.com\/lv\/produkti\/instrumentu-nojume\/\" \/>\n<meta property=\"og:locale\" content=\"lv_LV\" \/>\n<meta property=\"og:type\" content=\"article\" \/>\n<meta property=\"og:title\" content=\"Instrumentu novietne\" \/>\n<meta property=\"og:description\" content=\"Pla\u0161s koka d\u0101rza \u0161\u0137\u016bnis instrumentu glab\u0101\u0161anai d\u0101rza darbiem un cit\u0101m mant\u0101m. Pla\u0161\u0101s durvis nodro\u0161ina \u0113rtu un dro\u0161u liel\u0101ku priek\u0161metu glab\u0101\u0161anu.\" \/>\n<meta property=\"og:url\" content=\"https:\/\/kronushome.com\/lv\/produkti\/instrumentu-nojume\/\" \/>\n<meta property=\"og:site_name\" content=\"KronusHome.com\" \/>\n<meta property=\"article:modified_time\" content=\"2024-07-19T14:37:15+00:00\" \/>\n<meta property=\"og:image\" content=\"https:\/\/kronushome.com\/wp-content\/uploads\/2023\/03\/Tool-Shed-Natural-01.png\" \/>\n\t<meta property=\"og:image:width\" content=\"1200\" \/>\n\t<meta property=\"og:image:height\" content=\"848\" \/>\n\t<meta property=\"og:image:type\" content=\"image\/png\" \/>\n<meta name=\"twitter:card\" content=\"summary_large_image\" \/>\n<meta name=\"twitter:label1\" content=\"Est. reading time\" \/>\n\t<meta name=\"twitter:data1\" content=\"2 minutes\" \/>\n<script type=\"application\/ld+json\" class=\"yoast-schema-graph\">{\"@context\":\"https:\/\/schema.org\",\"@graph\":[{\"@type\":\"WebPage\",\"@id\":\"https:\/\/kronushome.com\/lv\/produkti\/instrumentu-nojume\/\",\"url\":\"https:\/\/kronushome.com\/lv\/produkti\/instrumentu-nojume\/\",\"name\":\"\u0100ra d\u0101rza instrumentu novietne | KHOME\",\"isPartOf\":{\"@id\":\"https:\/\/kronushome.com\/lv\/#website\"},\"primaryImageOfPage\":{\"@id\":\"https:\/\/kronushome.com\/lv\/produkti\/instrumentu-nojume\/#primaryimage\"},\"image\":{\"@id\":\"https:\/\/kronushome.com\/lv\/produkti\/instrumentu-nojume\/#primaryimage\"},\"thumbnailUrl\":\"https:\/\/kronushome.com\/wp-content\/uploads\/2023\/03\/Tool-Shed-Natural-01.png\",\"datePublished\":\"2023-04-03T09:52:45+00:00\",\"dateModified\":\"2024-07-19T14:37:15+00:00\",\"description\":\"Pla\u0161s koka d\u0101rza \u0161\u0137\u016bnis instrumentu glab\u0101\u0161anai d\u0101rza darbiem un cit\u0101m mant\u0101m. Pla\u0161\u0101s durvis nodro\u0161ina \u0113rtu un dro\u0161u liel\u0101ku priek\u0161metu glab\u0101\u0161anu.\",\"breadcrumb\":{\"@id\":\"https:\/\/kronushome.com\/lv\/produkti\/instrumentu-nojume\/#breadcrumb\"},\"inLanguage\":\"lv-LV\",\"potentialAction\":[{\"@type\":\"ReadAction\",\"target\":[\"https:\/\/kronushome.com\/lv\/produkti\/instrumentu-nojume\/\"]}]},{\"@type\":\"ImageObject\",\"inLanguage\":\"lv-LV\",\"@id\":\"https:\/\/kronushome.com\/lv\/produkti\/instrumentu-nojume\/#primaryimage\",\"url\":\"https:\/\/kronushome.com\/wp-content\/uploads\/2023\/03\/Tool-Shed-Natural-01.png\",\"contentUrl\":\"https:\/\/kronushome.com\/wp-content\/uploads\/2023\/03\/Tool-Shed-Natural-01.png\",\"width\":1200,\"height\":848},{\"@type\":\"BreadcrumbList\",\"@id\":\"https:\/\/kronushome.com\/lv\/produkti\/instrumentu-nojume\/#breadcrumb\",\"itemListElement\":[{\"@type\":\"ListItem\",\"position\":1,\"name\":\"Home\",\"item\":\"https:\/\/kronushome.com\/lv\/\"},{\"@type\":\"ListItem\",\"position\":2,\"name\":\"D\u0101rza m\u0101ji\u0146as\",\"item\":\"https:\/\/kronushome.com\/lv\/darza-majinas\/\"},{\"@type\":\"ListItem\",\"position\":3,\"name\":\"Instrumentu novietne\"}]},{\"@type\":\"WebSite\",\"@id\":\"https:\/\/kronushome.com\/lv\/#website\",\"url\":\"https:\/\/kronushome.com\/lv\/\",\"name\":\"Garden Houses\",\"description\":\"Find your garden house and enjoy life in it\",\"potentialAction\":[{\"@type\":\"SearchAction\",\"target\":{\"@type\":\"EntryPoint\",\"urlTemplate\":\"https:\/\/kronushome.com\/lv\/?s={search_term_string}\"},\"query-input\":\"required name=search_term_string\"}],\"inLanguage\":\"lv-LV\"}]}<\/script>\n<!-- \/ Yoast SEO Premium plugin. -->","yoast_head_json":{"title":"\u0100ra d\u0101rza instrumentu novietne | KHOME","description":"Pla\u0161s koka d\u0101rza \u0161\u0137\u016bnis instrumentu glab\u0101\u0161anai d\u0101rza darbiem un cit\u0101m mant\u0101m. Pla\u0161\u0101s durvis nodro\u0161ina \u0113rtu un dro\u0161u liel\u0101ku priek\u0161metu glab\u0101\u0161anu.","robots":{"index":"index","follow":"follow","max-snippet":"max-snippet:-1","max-image-preview":"max-image-preview:large","max-video-preview":"max-video-preview:-1"},"canonical":"https:\/\/kronushome.com\/lv\/produkti\/instrumentu-nojume\/","og_locale":"lv_LV","og_type":"article","og_title":"Instrumentu novietne","og_description":"Pla\u0161s koka d\u0101rza \u0161\u0137\u016bnis instrumentu glab\u0101\u0161anai d\u0101rza darbiem un cit\u0101m mant\u0101m. Pla\u0161\u0101s durvis nodro\u0161ina \u0113rtu un dro\u0161u liel\u0101ku priek\u0161metu glab\u0101\u0161anu.","og_url":"https:\/\/kronushome.com\/lv\/produkti\/instrumentu-nojume\/","og_site_name":"KronusHome.com","article_modified_time":"2024-07-19T14:37:15+00:00","og_image":[{"width":1200,"height":848,"url":"https:\/\/kronushome.com\/wp-content\/uploads\/2023\/03\/Tool-Shed-Natural-01.png","type":"image\/png"}],"twitter_card":"summary_large_image","twitter_misc":{"Est. reading time":"2 minutes"},"schema":{"@context":"https:\/\/schema.org","@graph":[{"@type":"WebPage","@id":"https:\/\/kronushome.com\/lv\/produkti\/instrumentu-nojume\/","url":"https:\/\/kronushome.com\/lv\/produkti\/instrumentu-nojume\/","name":"\u0100ra d\u0101rza instrumentu novietne | KHOME","isPartOf":{"@id":"https:\/\/kronushome.com\/lv\/#website"},"primaryImageOfPage":{"@id":"https:\/\/kronushome.com\/lv\/produkti\/instrumentu-nojume\/#primaryimage"},"image":{"@id":"https:\/\/kronushome.com\/lv\/produkti\/instrumentu-nojume\/#primaryimage"},"thumbnailUrl":"https:\/\/kronushome.com\/wp-content\/uploads\/2023\/03\/Tool-Shed-Natural-01.png","datePublished":"2023-04-03T09:52:45+00:00","dateModified":"2024-07-19T14:37:15+00:00","description":"Pla\u0161s koka d\u0101rza \u0161\u0137\u016bnis instrumentu glab\u0101\u0161anai d\u0101rza darbiem un cit\u0101m mant\u0101m. Pla\u0161\u0101s durvis nodro\u0161ina \u0113rtu un dro\u0161u liel\u0101ku priek\u0161metu glab\u0101\u0161anu.","breadcrumb":{"@id":"https:\/\/kronushome.com\/lv\/produkti\/instrumentu-nojume\/#breadcrumb"},"inLanguage":"lv-LV","potentialAction":[{"@type":"ReadAction","target":["https:\/\/kronushome.com\/lv\/produkti\/instrumentu-nojume\/"]}]},{"@type":"ImageObject","inLanguage":"lv-LV","@id":"https:\/\/kronushome.com\/lv\/produkti\/instrumentu-nojume\/#primaryimage","url":"https:\/\/kronushome.com\/wp-content\/uploads\/2023\/03\/Tool-Shed-Natural-01.png","contentUrl":"https:\/\/kronushome.com\/wp-content\/uploads\/2023\/03\/Tool-Shed-Natural-01.png","width":1200,"height":848},{"@type":"BreadcrumbList","@id":"https:\/\/kronushome.com\/lv\/produkti\/instrumentu-nojume\/#breadcrumb","itemListElement":[{"@type":"ListItem","position":1,"name":"Home","item":"https:\/\/kronushome.com\/lv\/"},{"@type":"ListItem","position":2,"name":"D\u0101rza m\u0101ji\u0146as","item":"https:\/\/kronushome.com\/lv\/darza-majinas\/"},{"@type":"ListItem","position":3,"name":"Instrumentu novietne"}]},{"@type":"WebSite","@id":"https:\/\/kronushome.com\/lv\/#website","url":"https:\/\/kronushome.com\/lv\/","name":"Garden Houses","description":"Find your garden house and enjoy life in it","potentialAction":[{"@type":"SearchAction","target":{"@type":"EntryPoint","urlTemplate":"https:\/\/kronushome.com\/lv\/?s={search_term_string}"},"query-input":"required name=search_term_string"}],"inLanguage":"lv-LV"}]}},"_links":{"self":[{"href":"https:\/\/kronushome.com\/lv\/wp-json\/wp\/v2\/product\/1802"}],"collection":[{"href":"https:\/\/kronushome.com\/lv\/wp-json\/wp\/v2\/product"}],"about":[{"href":"https:\/\/kronushome.com\/lv\/wp-json\/wp\/v2\/types\/product"}],"replies":[{"embeddable":true,"href":"https:\/\/kronushome.com\/lv\/wp-json\/wp\/v2\/comments?post=1802"}],"wp:featuredmedia":[{"embeddable":true,"href":"https:\/\/kronushome.com\/lv\/wp-json\/wp\/v2\/media\/1418"}],"wp:attachment":[{"href":"https:\/\/kronushome.com\/lv\/wp-json\/wp\/v2\/media?parent=1802"}],"wp:term":[{"taxonomy":"product_cat","embeddable":true,"href":"https:\/\/kronushome.com\/lv\/wp-json\/wp\/v2\/product_cat?post=1802"},{"taxonomy":"product_tag","embeddable":true,"href":"https:\/\/kronushome.com\/lv\/wp-json\/wp\/v2\/product_tag?post=1802"}],"curies":[{"name":"wp","href":"https:\/\/api.w.org\/{rel}","templated":true}]}}