{"id":1788,"date":"2023-03-15T13:31:49","date_gmt":"2023-03-15T11:31:49","guid":{"rendered":"https:\/\/staging.khome.es\/product\/uzglabasanas-nojume\/"},"modified":"2024-07-19T17:43:35","modified_gmt":"2024-07-19T14:43:35","slug":"uzglabasanas-nojume","status":"publish","type":"product","link":"https:\/\/kronushome.com\/lv\/produkti\/uzglabasanas-nojume\/","title":{"rendered":"Uzglab\u0101\u0161anas novietne"},"content":{"rendered":"<h3><span data-sheets-root=\"1\">Pla\u0161a gr\u012bdas plat\u012bba:<\/span><\/h3>\n<p><span data-sheets-root=\"1\">Plat\u012bba lieliski piem\u0113rota visiem j\u016bsu darbar\u012bkiem un apr\u012bkojumam. J\u016bs varat \u0113rti organiz\u0113t savas mantas un nodro\u0161in\u0101t k\u0101rt\u012bbu d\u0101rz\u0101.<\/span><\/p>\n<h3><span data-sheets-root=\"1\">Augst\u0101k\u0101s kvalit\u0101tes koksne:<\/span><\/h3>\n<p><span data-sheets-root=\"1\">Izgatavota no augst\u0101k\u0101s kvalit\u0101tes sertific\u0113tas zieme\u013cvalstu koksnes, \u0161\u012b novietne ne tikai nodro\u0161ina ilgm\u016b\u017e\u012bbu, bet ar\u012b veicina ilgtsp\u0113j\u012bgu me\u017eu apsaimnieko\u0161anas praksi.<\/span><\/p>\n<h3><span data-sheets-root=\"1\">Elast\u012bgs loga izvietojums:<\/span><\/h3>\n<p><span data-sheets-root=\"1\">Vien\u0101da izm\u0113ra sienas pane\u013ci nodro\u0161ina elast\u012bgu logu izvietojumu, kas \u013cauj jums piel\u0101got novietnes dizainu atbilsto\u0161i j\u016bsu vajadz\u012bb\u0101m un nov\u0113r\u0161 mont\u0101\u017eas k\u013c\u016bdas.<\/span><\/p>\n<h3><span data-sheets-root=\"1\">Pla\u0161as durvis:<\/span><\/h3>\n<p><span data-sheets-root=\"1\">Pla\u0161\u0101s durvis nodro\u0161ina \u0113rtu piek\u013cuvi un \u013cauj viegli uzglab\u0101t liel\u0101kus priek\u0161metus. Turkl\u0101t durvis ir apr\u012bkotas ar dro\u0161\u012bbas sl\u0113dzeni, kas nodro\u0161ina papildu aizsardz\u012bbu.<\/span><\/p>\n<h3><span data-sheets-root=\"1\">Vienk\u0101r\u0161a un \u0101tra mont\u0101\u017ea:<\/span><\/h3>\n<p><span data-sheets-root=\"1\">Sienas, jumts, gr\u012bda un durvis no r\u016bpnieciski ra\u017eotiem pane\u013ciem nodro\u0161ina vienk\u0101r\u0161u un \u013coti \u0101tru mont\u0101\u017eu. \u012apa\u0161ais pane\u013cu dizains nov\u0113r\u0161 k\u013c\u016bdas mont\u0101\u017eas laik\u0101, padarot uzst\u0101d\u012b\u0161anas procesu \u0101tru un vieglu pat vienam cilv\u0113kam. Komplekt\u0101 ir iek\u013cautas visas mont\u0101\u017eai nepiecie\u0161am\u0101s deta\u013cas (skr\u016bves, stiprin\u0101jumi, durvju e\u0146\u0123es, sl\u0113dzene). Iesak\u0101m pirms vai p\u0113c mont\u0101\u017eas apstr\u0101d\u0101t novietni ar koksnes aizsardz\u012bbas l\u012bdzekli, lai t\u0101 b\u016btu iztur\u012bg\u0101ka.<\/span><\/p>\n<p>&nbsp;<\/p>\n<h2><span data-sheets-root=\"1\">Uzglab\u0101\u0161anas novietne piem\u0113rota:<\/span><\/h2>\n<p><span data-sheets-root=\"1\"><strong>D\u0101rza instrumentu uzglab\u0101\u0161anai<\/strong> &#8211; ide\u0101la vieta, kur uzglab\u0101t l\u0101pstas, gr\u0101bek\u013cus, \u0161\u0137\u0113res un citus d\u0101rza instrumentus.<\/span><\/p>\n<p><strong>D\u0101rza tehnikas uzglab\u0101\u0161anai<\/strong> &#8211; pla\u0161\u0101s durvis un gr\u012bdas plat\u012bba \u013cauj uzglab\u0101t z\u0101les p\u013c\u0101v\u0113jus, trimerus un citu liel\u0101ku vai maz\u0101ku d\u0101rza tehniku.<\/p>\n<p><strong>Apkures materi\u0101la uzglab\u0101\u0161anai<\/strong> &#8211; iztur\u012bg\u0101 konstrukcija un \u016bdensnecaurlaid\u012bgais jumts nodro\u0161ina, ka malka, briketes vai granulas ir aizsarg\u0101tas no laikapst\u0101k\u013ciem.<\/p>\n<p><strong>Nesezonas mantu uzglab\u0101\u0161anai<\/strong> &#8211; pla\u0161\u0101 durvis nodro\u0161ina vieglu piek\u013cuvi un \u013cauj uzglab\u0101t nesezonas darba r\u012bkus vai \u0101ra m\u0113beles, piem\u0113ram, kr\u0113slus, galdus un saulessargus, kad tie netiek lietoti.<\/p>\n<p><strong>D\u0101rza dekor\u0101ciju uzglab\u0101\u0161anai<\/strong> &#8211; dro\u0161a vieta, kur uzglab\u0101t pu\u0137u podus, d\u0101rza statujas un citus dekorat\u012bvus priek\u0161metus, pasarg\u0101jot tos no laikapst\u0101k\u013ciem.<\/p>\n<p><strong>Citu d\u0101rza piederumu uzglab\u0101\u0161anai<\/strong> &#8211; papildus iepriek\u0161 min\u0113tajiem priek\u0161metiem novietne var kalpot ar\u012b citu d\u0101rza piederumu un materi\u0101lu, piem\u0113ram, m\u0113slojumu, s\u0113klu un d\u0101rza \u0137imik\u0101liju uzglab\u0101\u0161anai.<\/p>\n<p><em>Produkts tiek pieg\u0101d\u0101ts nesalikt\u0101 veid\u0101.<\/em><br \/>\n<em>Ori\u0123in\u0101lais produkts var at\u0161\u0137irties no produkta att\u0113liem.<\/em><br \/>\n<em>Pirms ieg\u0101des skatiet produkta specifik\u0101ciju un papildu apr\u012bkojumu.<\/em><br \/>\n<em>Ra\u017eot\u0101jam ir ties\u012bbas veikt tehniskas izmai\u0146as produkt\u0101.<\/em><\/p>\n","protected":false},"excerpt":{"rendered":"<p><span data-sheets-root=\"1\">Uzglab\u0101\u0161anas novietne ir liel\u0101k\u0101 un pla\u0161\u0101k\u0101 no m\u016bsu pied\u0101v\u0101taj\u0101m d\u0101rza novietn\u0113m. Gandr\u012bz 4 m2 liel\u0101 iek\u0161telpas plat\u012bba nodro\u0161ina vietu visiem j\u016bsu d\u0101rza darbar\u012bkiem, instrumentiem, pat mazajai d\u0101rza tehnikai, piem\u0113ram, z\u0101les p\u013c\u0101v\u0113jam vai d\u0101rza fr\u0113zei, malkai, cit\u0101m sezonas un nesezonas mant\u0101m. Pla\u0161\u0101s un sl\u0113dzam\u0101s durvis nodro\u0161ina \u0113rtu uzglab\u0101jamo priek\u0161metu novieto\u0161anu \u0161aj\u0101 d\u0101rza \u0161\u0137\u016bn\u012b. J\u016bs varat izv\u0113l\u0113ties \u0161\u0137\u016bn\u012bti sev t\u012bkam\u0101kaj\u0101 kr\u0101s\u0101 &#8211; dabisk\u0101 koka vai br\u016bn\u0101 kr\u0101s\u0101. \u0160\u012b novietne tiek pieg\u0101d\u0101ta r\u016bpnieciski ra\u017eotos pane\u013cos ar kl\u0101t pievienotu mont\u0101\u017eas instrukciju, kas nodro\u0161ina \u0101tru un vienk\u0101r\u0161u novietnes uzst\u0101d\u012b\u0161anu. Sienas pane\u013ci ir ra\u017eoti vien\u0101d\u0101 izm\u0113r\u0101, kas \u013cauj paneli ar iestr\u0101d\u0101to logu izvietot jebkur\u0101 novietnes sienas pus\u0113.<br \/>\nLatvijas teritorij\u0101 bezmaksas pieg\u0101de!<\/span><\/p>\n","protected":false},"featured_media":1789,"comment_status":"open","ping_status":"closed","template":"","meta":[],"product_cat":[513],"product_tag":[],"yoast_head":"<!-- This site is optimized with the Yoast SEO Premium plugin v23.0 (Yoast SEO v23.0) - https:\/\/yoast.com\/wordpress\/plugins\/seo\/ -->\n<title>Laikapst\u0101k\u013cus iztur\u012bgs koka d\u0101rza \u0161\u0137\u016bn\u012btis | KHOME<\/title>\n<meta name=\"description\" content=\"Liels d\u0101rza \u0161\u0137\u016bnis ar plat\u0101m dubultdurv\u012bm liel\u0101ku priek\u0161metu uzglab\u0101\u0161anai. Iztur\u012bgs pret laikapst\u0101k\u013ciem, ar sl\u0113dzam\u0101m durv\u012bm.\" \/>\n<meta name=\"robots\" content=\"index, follow, max-snippet:-1, max-image-preview:large, max-video-preview:-1\" \/>\n<link rel=\"canonical\" href=\"https:\/\/kronushome.com\/lv\/produkti\/uzglabasanas-nojume\/\" \/>\n<meta property=\"og:locale\" content=\"lv_LV\" \/>\n<meta property=\"og:type\" content=\"article\" \/>\n<meta property=\"og:title\" content=\"Uzglab\u0101\u0161anas novietne\" \/>\n<meta property=\"og:description\" content=\"Liels d\u0101rza \u0161\u0137\u016bnis ar plat\u0101m dubultdurv\u012bm liel\u0101ku priek\u0161metu uzglab\u0101\u0161anai. Iztur\u012bgs pret laikapst\u0101k\u013ciem, ar sl\u0113dzam\u0101m durv\u012bm.\" \/>\n<meta property=\"og:url\" content=\"https:\/\/kronushome.com\/lv\/produkti\/uzglabasanas-nojume\/\" \/>\n<meta property=\"og:site_name\" content=\"KronusHome.com\" \/>\n<meta property=\"article:modified_time\" content=\"2024-07-19T14:43:35+00:00\" \/>\n<meta property=\"og:image\" content=\"https:\/\/kronushome.com\/wp-content\/uploads\/2023\/03\/Storage-Shed-Natural-01.png\" \/>\n\t<meta property=\"og:image:width\" content=\"1200\" \/>\n\t<meta property=\"og:image:height\" content=\"848\" \/>\n\t<meta property=\"og:image:type\" content=\"image\/png\" \/>\n<meta name=\"twitter:card\" content=\"summary_large_image\" \/>\n<meta name=\"twitter:label1\" content=\"Est. reading time\" \/>\n\t<meta name=\"twitter:data1\" content=\"2 minutes\" \/>\n<script type=\"application\/ld+json\" class=\"yoast-schema-graph\">{\"@context\":\"https:\/\/schema.org\",\"@graph\":[{\"@type\":\"WebPage\",\"@id\":\"https:\/\/kronushome.com\/lv\/produkti\/uzglabasanas-nojume\/\",\"url\":\"https:\/\/kronushome.com\/lv\/produkti\/uzglabasanas-nojume\/\",\"name\":\"Laikapst\u0101k\u013cus iztur\u012bgs koka d\u0101rza \u0161\u0137\u016bn\u012btis | KHOME\",\"isPartOf\":{\"@id\":\"https:\/\/kronushome.com\/lv\/#website\"},\"primaryImageOfPage\":{\"@id\":\"https:\/\/kronushome.com\/lv\/produkti\/uzglabasanas-nojume\/#primaryimage\"},\"image\":{\"@id\":\"https:\/\/kronushome.com\/lv\/produkti\/uzglabasanas-nojume\/#primaryimage\"},\"thumbnailUrl\":\"https:\/\/kronushome.com\/wp-content\/uploads\/2023\/03\/Storage-Shed-Natural-01.png\",\"datePublished\":\"2023-03-15T11:31:49+00:00\",\"dateModified\":\"2024-07-19T14:43:35+00:00\",\"description\":\"Liels d\u0101rza \u0161\u0137\u016bnis ar plat\u0101m dubultdurv\u012bm liel\u0101ku priek\u0161metu uzglab\u0101\u0161anai. Iztur\u012bgs pret laikapst\u0101k\u013ciem, ar sl\u0113dzam\u0101m durv\u012bm.\",\"breadcrumb\":{\"@id\":\"https:\/\/kronushome.com\/lv\/produkti\/uzglabasanas-nojume\/#breadcrumb\"},\"inLanguage\":\"lv-LV\",\"potentialAction\":[{\"@type\":\"ReadAction\",\"target\":[\"https:\/\/kronushome.com\/lv\/produkti\/uzglabasanas-nojume\/\"]}]},{\"@type\":\"ImageObject\",\"inLanguage\":\"lv-LV\",\"@id\":\"https:\/\/kronushome.com\/lv\/produkti\/uzglabasanas-nojume\/#primaryimage\",\"url\":\"https:\/\/kronushome.com\/wp-content\/uploads\/2023\/03\/Storage-Shed-Natural-01.png\",\"contentUrl\":\"https:\/\/kronushome.com\/wp-content\/uploads\/2023\/03\/Storage-Shed-Natural-01.png\",\"width\":1200,\"height\":848},{\"@type\":\"BreadcrumbList\",\"@id\":\"https:\/\/kronushome.com\/lv\/produkti\/uzglabasanas-nojume\/#breadcrumb\",\"itemListElement\":[{\"@type\":\"ListItem\",\"position\":1,\"name\":\"Home\",\"item\":\"https:\/\/kronushome.com\/lv\/\"},{\"@type\":\"ListItem\",\"position\":2,\"name\":\"D\u0101rza m\u0101ji\u0146as\",\"item\":\"https:\/\/kronushome.com\/lv\/darza-majinas\/\"},{\"@type\":\"ListItem\",\"position\":3,\"name\":\"Uzglab\u0101\u0161anas novietne\"}]},{\"@type\":\"WebSite\",\"@id\":\"https:\/\/kronushome.com\/lv\/#website\",\"url\":\"https:\/\/kronushome.com\/lv\/\",\"name\":\"Garden Houses\",\"description\":\"Find your garden house and enjoy life in it\",\"potentialAction\":[{\"@type\":\"SearchAction\",\"target\":{\"@type\":\"EntryPoint\",\"urlTemplate\":\"https:\/\/kronushome.com\/lv\/?s={search_term_string}\"},\"query-input\":\"required name=search_term_string\"}],\"inLanguage\":\"lv-LV\"}]}<\/script>\n<!-- \/ Yoast SEO Premium plugin. -->","yoast_head_json":{"title":"Laikapst\u0101k\u013cus iztur\u012bgs koka d\u0101rza \u0161\u0137\u016bn\u012btis | KHOME","description":"Liels d\u0101rza \u0161\u0137\u016bnis ar plat\u0101m dubultdurv\u012bm liel\u0101ku priek\u0161metu uzglab\u0101\u0161anai. Iztur\u012bgs pret laikapst\u0101k\u013ciem, ar sl\u0113dzam\u0101m durv\u012bm.","robots":{"index":"index","follow":"follow","max-snippet":"max-snippet:-1","max-image-preview":"max-image-preview:large","max-video-preview":"max-video-preview:-1"},"canonical":"https:\/\/kronushome.com\/lv\/produkti\/uzglabasanas-nojume\/","og_locale":"lv_LV","og_type":"article","og_title":"Uzglab\u0101\u0161anas novietne","og_description":"Liels d\u0101rza \u0161\u0137\u016bnis ar plat\u0101m dubultdurv\u012bm liel\u0101ku priek\u0161metu uzglab\u0101\u0161anai. Iztur\u012bgs pret laikapst\u0101k\u013ciem, ar sl\u0113dzam\u0101m durv\u012bm.","og_url":"https:\/\/kronushome.com\/lv\/produkti\/uzglabasanas-nojume\/","og_site_name":"KronusHome.com","article_modified_time":"2024-07-19T14:43:35+00:00","og_image":[{"width":1200,"height":848,"url":"https:\/\/kronushome.com\/wp-content\/uploads\/2023\/03\/Storage-Shed-Natural-01.png","type":"image\/png"}],"twitter_card":"summary_large_image","twitter_misc":{"Est. reading time":"2 minutes"},"schema":{"@context":"https:\/\/schema.org","@graph":[{"@type":"WebPage","@id":"https:\/\/kronushome.com\/lv\/produkti\/uzglabasanas-nojume\/","url":"https:\/\/kronushome.com\/lv\/produkti\/uzglabasanas-nojume\/","name":"Laikapst\u0101k\u013cus iztur\u012bgs koka d\u0101rza \u0161\u0137\u016bn\u012btis | KHOME","isPartOf":{"@id":"https:\/\/kronushome.com\/lv\/#website"},"primaryImageOfPage":{"@id":"https:\/\/kronushome.com\/lv\/produkti\/uzglabasanas-nojume\/#primaryimage"},"image":{"@id":"https:\/\/kronushome.com\/lv\/produkti\/uzglabasanas-nojume\/#primaryimage"},"thumbnailUrl":"https:\/\/kronushome.com\/wp-content\/uploads\/2023\/03\/Storage-Shed-Natural-01.png","datePublished":"2023-03-15T11:31:49+00:00","dateModified":"2024-07-19T14:43:35+00:00","description":"Liels d\u0101rza \u0161\u0137\u016bnis ar plat\u0101m dubultdurv\u012bm liel\u0101ku priek\u0161metu uzglab\u0101\u0161anai. Iztur\u012bgs pret laikapst\u0101k\u013ciem, ar sl\u0113dzam\u0101m durv\u012bm.","breadcrumb":{"@id":"https:\/\/kronushome.com\/lv\/produkti\/uzglabasanas-nojume\/#breadcrumb"},"inLanguage":"lv-LV","potentialAction":[{"@type":"ReadAction","target":["https:\/\/kronushome.com\/lv\/produkti\/uzglabasanas-nojume\/"]}]},{"@type":"ImageObject","inLanguage":"lv-LV","@id":"https:\/\/kronushome.com\/lv\/produkti\/uzglabasanas-nojume\/#primaryimage","url":"https:\/\/kronushome.com\/wp-content\/uploads\/2023\/03\/Storage-Shed-Natural-01.png","contentUrl":"https:\/\/kronushome.com\/wp-content\/uploads\/2023\/03\/Storage-Shed-Natural-01.png","width":1200,"height":848},{"@type":"BreadcrumbList","@id":"https:\/\/kronushome.com\/lv\/produkti\/uzglabasanas-nojume\/#breadcrumb","itemListElement":[{"@type":"ListItem","position":1,"name":"Home","item":"https:\/\/kronushome.com\/lv\/"},{"@type":"ListItem","position":2,"name":"D\u0101rza m\u0101ji\u0146as","item":"https:\/\/kronushome.com\/lv\/darza-majinas\/"},{"@type":"ListItem","position":3,"name":"Uzglab\u0101\u0161anas novietne"}]},{"@type":"WebSite","@id":"https:\/\/kronushome.com\/lv\/#website","url":"https:\/\/kronushome.com\/lv\/","name":"Garden Houses","description":"Find your garden house and enjoy life in it","potentialAction":[{"@type":"SearchAction","target":{"@type":"EntryPoint","urlTemplate":"https:\/\/kronushome.com\/lv\/?s={search_term_string}"},"query-input":"required name=search_term_string"}],"inLanguage":"lv-LV"}]}},"_links":{"self":[{"href":"https:\/\/kronushome.com\/lv\/wp-json\/wp\/v2\/product\/1788"}],"collection":[{"href":"https:\/\/kronushome.com\/lv\/wp-json\/wp\/v2\/product"}],"about":[{"href":"https:\/\/kronushome.com\/lv\/wp-json\/wp\/v2\/types\/product"}],"replies":[{"embeddable":true,"href":"https:\/\/kronushome.com\/lv\/wp-json\/wp\/v2\/comments?post=1788"}],"wp:featuredmedia":[{"embeddable":true,"href":"https:\/\/kronushome.com\/lv\/wp-json\/wp\/v2\/media\/1789"}],"wp:attachment":[{"href":"https:\/\/kronushome.com\/lv\/wp-json\/wp\/v2\/media?parent=1788"}],"wp:term":[{"taxonomy":"product_cat","embeddable":true,"href":"https:\/\/kronushome.com\/lv\/wp-json\/wp\/v2\/product_cat?post=1788"},{"taxonomy":"product_tag","embeddable":true,"href":"https:\/\/kronushome.com\/lv\/wp-json\/wp\/v2\/product_tag?post=1788"}],"curies":[{"name":"wp","href":"https:\/\/api.w.org\/{rel}","templated":true}]}}