{"id":1779,"date":"2024-03-20T14:25:19","date_gmt":"2024-03-20T12:25:19","guid":{"rendered":"https:\/\/staging.khome.es\/product\/strongbox-m\/"},"modified":"2024-07-19T17:26:48","modified_gmt":"2024-07-19T14:26:48","slug":"strongbox-m","status":"publish","type":"product","link":"https:\/\/kronushome.com\/lv\/produkti\/strongbox-m\/","title":{"rendered":"Strongbox M"},"content":{"rendered":"<h2><span data-sheets-root=\"1\">Izcila ventil\u0101cija:<\/span><\/h2>\n<p><span data-sheets-root=\"1\">Strongbox M ir apr\u012bkots ar izvietot\u0101m atver\u0113m aug\u0161pus\u0113, kas nodro\u0161ina optim\u0101lu gaisa pl\u016bsmu. J\u016bsu mantas vienm\u0113r b\u016bs pasarg\u0101tas un sausas, nov\u0113r\u0161ot mitruma un pel\u0113juma veido\u0161anos.<\/span><\/p>\n<h2><span data-sheets-root=\"1\">Augst\u0101k\u0101s kvalit\u0101tes koksne:<\/span><\/h2>\n<p><span data-sheets-root=\"1\">Izgatavota no augst\u0101k\u0101s kvalit\u0101tes sertific\u0113tas zieme\u013cvalstu koksnes, \u0161\u012b novietne ne tikai nodro\u0161ina ilgm\u016b\u017e\u012bbu, bet ar\u012b veicina ilgtsp\u0113j\u012bgu me\u017eu apsaimnieko\u0161anas praksi.<\/span><\/p>\n<h2><span data-sheets-root=\"1\">Iztur\u012bga pret laikapst\u0101k\u013ciem:<\/span><\/h2>\n<p><span data-sheets-root=\"1\">Strongbox M ir rad\u012bts, lai iztur\u0113tu pat nelabv\u0113l\u012bg\u0101kos laikapst\u0101k\u013cus. Mitrumiztur\u012bg\u0101, impregn\u0113t\u0101 pamatne nodro\u0161ina ilgsto\u0161u aizsardz\u012bbu pret zemes mitrumu, pasarg\u0101jot j\u016bsu mantas no samirk\u0161anas.<\/span><\/p>\n<h2><span data-sheets-root=\"1\">Sl\u0113dzamas, platas un \u0113rtas durvis:<\/span><\/h2>\n<p><span data-sheets-root=\"1\">J\u016bs varat viegli un \u0113rti uzglab\u0101t un iz\u0146emt pat liel\u0101kus priek\u0161metus bez jebk\u0101d\u0101m gr\u016bt\u012bb\u0101m. Roktur\u012b ieb\u016bv\u0113t\u0101 sl\u0113dzene nodro\u0161ina durvju aizsl\u0113g\u0161anu un mantu dro\u0161u uzglab\u0101\u0161anu.<\/span><\/p>\n<h2><span data-sheets-root=\"1\">Eleganta dabisk\u0101s koksnes apdare:<\/span><\/h2>\n<p><span data-sheets-root=\"1\">Koksnes apdare pie\u0161\u0137ir \u0161armu un stil\u012bgu izskatu, lieliski iek\u013caujoties jebkur\u0101 d\u0101rza vid\u0113. T\u0101 ir ne tikai funkcion\u0101la, bet ar\u012b est\u0113tiski skaista.<\/span><\/p>\n<h2><span data-sheets-root=\"1\">Iztur\u012bgs jumts:<\/span><\/h2>\n<p><span data-sheets-root=\"1\">Nodro\u0161ina izcilu aizsardz\u012bbu pret laikapst\u0101k\u013ciem, saglab\u0101jot j\u016bsu mantas dro\u0161\u012bb\u0101 un sausum\u0101 visu gadu.<\/span><\/p>\n<h2><span data-sheets-root=\"1\">\u0100tra un vienk\u0101r\u0161a uzst\u0101d\u012b\u0161ana:<\/span><\/h2>\n<p><span data-sheets-root=\"1\">Pateicoties inovat\u012bvajai pane\u013cu konstrukcijai (sienas, jumts, gr\u012bda un durvis ir r\u016bpnieciski ra\u017eoti pane\u013ci), Strongbox M \u0161\u0137\u016bn\u012btis ir \u013coti viegli un \u0101tri uzst\u0101d\u0101ms pat vienam cilv\u0113kam, jo \u012bpa\u0161ais pane\u013cu dizains nov\u0113r\u0161 k\u013c\u016bdas mont\u0101\u017eas laik\u0101. Komplekt\u0101 ir iek\u013cautas visas mont\u0101\u017eai nepiecie\u0161am\u0101s deta\u013cas (skr\u016bves, stiprin\u0101jumi, durvju e\u0146\u0123es, sl\u0113dzene).<\/span><\/p>\n<p>&nbsp;<\/p>\n<h3><span data-sheets-root=\"1\">Strongbox M novietne piem\u0113rota:<\/span><\/h3>\n<p><span data-sheets-root=\"1\"><strong>D\u0101rza instrumentu uzglab\u0101\u0161anai<\/strong> &#8211; ide\u0101la vieta, kur uzglab\u0101t lejkannu, l\u0101pstas, gr\u0101bek\u013cus, \u0161\u0137\u0113res un citus d\u0101rza instrumentus.<\/p>\n<p><strong>D\u0101rza tehnikas uzglab\u0101\u0161anai<\/strong> &#8211; pla\u0161\u0101s durvis un gr\u012bdas plat\u012bba \u013cauj uzglab\u0101t z\u0101les p\u013c\u0101v\u0113jus, trimmerus un citu maz\u0101ku d\u0101rza tehniku.<\/p>\n<p><strong>Sporta invent\u0101ra uzglab\u0101\u0161anai<\/strong> &#8211; lieliska noliktava velosip\u0113du, skritu\u013cslidu un citu \u0101ra aktivit\u0101\u0161u piederumu glab\u0101\u0161anai, nodro\u0161inot tiem dro\u0161u un saus\u0101 vietu.<\/p>\n<p><strong>Apkures materi\u0101la uzglab\u0101\u0161anai<\/strong> &#8211; iztur\u012bg\u0101 konstrukcija un \u016bdensnecaurlaid\u012bgais jumts nodro\u0161ina, ka malka, briketes vai granulas ir aizsarg\u0101tas no laikapst\u0101k\u013ciem.<\/p>\n<p><strong>Nesezonas mantu uzglab\u0101\u0161anai<\/strong> &#8211; pla\u0161\u0101 durvis nodro\u0161ina vieglu piek\u013cuvi un \u013cauj uzglab\u0101t \u0101ra m\u0113beles, piem\u0113ram, kr\u0113slus, galdu, grilu un saulessargus, kad tie netiek lietoti.<\/p>\n<p><strong>D\u0101rza dekor\u0101ciju uzglab\u0101\u0161anai<\/strong> &#8211; dro\u0161a vieta, kur uzglab\u0101t pu\u0137u podus, d\u0101rza statujas un citus dekorat\u012bvus priek\u0161metus, pasarg\u0101jot tos no laikapst\u0101k\u013ciem.<\/p>\n<p><strong>Citu d\u0101rza piederumu uzglab\u0101\u0161anai<\/strong> &#8211; papildus iepriek\u0161 min\u0113tajiem priek\u0161metiem novietne var kalpot ar\u012b citu piederumu un materi\u0101lu, piem\u0113ram, m\u0113slojumu, s\u0113klu un d\u0101rza \u0137imik\u0101liju, ar\u012b remonta un celtniec\u012bbas materi\u0101lu uzglab\u0101\u0161anai.<\/p>\n<p><em>Produkts tiek pieg\u0101d\u0101ts nesalikt\u0101 veid\u0101.<\/em><br \/>\n<em>Ori\u0123in\u0101lais produkts var at\u0161\u0137irties no produkta att\u0113liem.<\/em><br \/>\n<em>Pirms ieg\u0101des skatiet produkta specifik\u0101ciju un papildu apr\u012bkojumu.<\/em><br \/>\n<em>Ra\u017eot\u0101jam ir ties\u012bbas veikt tehniskas izmai\u0146as produkt\u0101.<\/em><br \/>\n<\/span><\/p>\n","protected":false},"excerpt":{"rendered":"<p><span data-sheets-root=\"1\">D\u0101rza noliktava Strongbox M ir vid\u0113ja izm\u0113ra d\u0101rza novietne un, pateicoties plataj\u0101m un sl\u0113dzamaj\u0101m durv\u012bm. Gandr\u012bz 2 m2 plat\u012bba \u013cauj taj\u0101 \u0113rti un dro\u0161i uzglab\u0101t, piem\u0113ram, d\u0101rza darbar\u012bkus, malku ziemai, z\u0101les p\u013c\u0101v\u0113ju un citus d\u0101rza piederumus. \u0160ai d\u0101rza novietnei ir impregn\u0113ti, mitrumiztur\u012bgi pamati, kas nodro\u0161ina ilgsto\u0161u aizsardz\u012bbu pret zemes mitrumu. Strongbox M ir apr\u012bkots ar v\u0113din\u0101mu konstrukciju un gaisa atver\u0113m aug\u0161pus\u0113, kas nodro\u0161ina \u0161\u0137\u016bn\u012bt\u012b novietot\u0101m mant\u0101m optim\u0101lu gaisa pl\u016bsmu, nov\u0113r\u0161ot mitruma un pel\u0113juma veido\u0161anos. Elegant\u0101, dabisk\u0101s koksnes apdare un bitumena jumta segums lieliski iek\u013caujas jebkur\u0101 d\u0101rza vid\u0113, pie\u0161\u0137irot \u0161armu un praktiskumu. J\u016bs varat izv\u0113l\u0113ties \u0161\u0137\u016bn\u012bti sev t\u012bkam\u0101kaj\u0101 kr\u0101s\u0101 &#8211; dabisk\u0101 koka, pel\u0113k\u0101\/antrac\u012bta vai br\u016bn\u0101\/meln\u0101 kr\u0101s\u0101. Pateicoties novietnes inovat\u012bvajai pane\u013cu konstrukcijai un kl\u0101t pievienotajai mont\u0101\u017eas instrukcijai, uzst\u0101d\u012b\u0161anas darbi norit vienk\u0101r\u0161i un \u0101tri.<br \/>\nLatvijas teritorij\u0101 bezmaksas pieg\u0101de!<\/span><\/p>\n","protected":false},"featured_media":1780,"comment_status":"open","ping_status":"closed","template":"","meta":[],"product_cat":[513],"product_tag":[],"yoast_head":"<!-- This site is optimized with the Yoast SEO Premium plugin v23.0 (Yoast SEO v23.0) - https:\/\/yoast.com\/wordpress\/plugins\/seo\/ -->\n<title>Strongbox M - nojume d\u0101rza instrumentu uzglab\u0101\u0161anai | KHOME<\/title>\n<meta name=\"description\" content=\"Funkcion\u0101ls d\u0101rza \u0161\u0137\u016bnis k\u0101 telpa d\u0101rza instrumentu uzglab\u0101\u0161anai. \u0100tra un vienk\u0101r\u0161a mont\u0101\u017ea. Iztur\u012bga konstrukcija, mitrumiztur\u012bga pamatne.\" \/>\n<meta name=\"robots\" content=\"index, follow, max-snippet:-1, max-image-preview:large, max-video-preview:-1\" \/>\n<link rel=\"canonical\" href=\"https:\/\/kronushome.com\/lv\/produkti\/strongbox-m\/\" \/>\n<meta property=\"og:locale\" content=\"lv_LV\" \/>\n<meta property=\"og:type\" content=\"article\" \/>\n<meta property=\"og:title\" content=\"Strongbox M\" \/>\n<meta property=\"og:description\" content=\"Funkcion\u0101ls d\u0101rza \u0161\u0137\u016bnis k\u0101 telpa d\u0101rza instrumentu uzglab\u0101\u0161anai. \u0100tra un vienk\u0101r\u0161a mont\u0101\u017ea. Iztur\u012bga konstrukcija, mitrumiztur\u012bga pamatne.\" \/>\n<meta property=\"og:url\" content=\"https:\/\/kronushome.com\/lv\/produkti\/strongbox-m\/\" \/>\n<meta property=\"og:site_name\" content=\"KronusHome.com\" \/>\n<meta property=\"article:modified_time\" content=\"2024-07-19T14:26:48+00:00\" \/>\n<meta property=\"og:image\" content=\"https:\/\/kronushome.com\/wp-content\/uploads\/2024\/03\/StrongBox-M-Natural-0-00-00-00-1024x768.png\" \/>\n\t<meta property=\"og:image:width\" content=\"1024\" \/>\n\t<meta property=\"og:image:height\" content=\"768\" \/>\n\t<meta property=\"og:image:type\" content=\"image\/png\" \/>\n<meta name=\"twitter:card\" content=\"summary_large_image\" \/>\n<meta name=\"twitter:label1\" content=\"Est. reading time\" \/>\n\t<meta name=\"twitter:data1\" content=\"2 minutes\" \/>\n<script type=\"application\/ld+json\" class=\"yoast-schema-graph\">{\"@context\":\"https:\/\/schema.org\",\"@graph\":[{\"@type\":\"WebPage\",\"@id\":\"https:\/\/kronushome.com\/lv\/produkti\/strongbox-m\/\",\"url\":\"https:\/\/kronushome.com\/lv\/produkti\/strongbox-m\/\",\"name\":\"Strongbox M - nojume d\u0101rza instrumentu uzglab\u0101\u0161anai | KHOME\",\"isPartOf\":{\"@id\":\"https:\/\/kronushome.com\/lv\/#website\"},\"primaryImageOfPage\":{\"@id\":\"https:\/\/kronushome.com\/lv\/produkti\/strongbox-m\/#primaryimage\"},\"image\":{\"@id\":\"https:\/\/kronushome.com\/lv\/produkti\/strongbox-m\/#primaryimage\"},\"thumbnailUrl\":\"https:\/\/kronushome.com\/wp-content\/uploads\/2024\/03\/StrongBox-M-Natural-0-00-00-00.png\",\"datePublished\":\"2024-03-20T12:25:19+00:00\",\"dateModified\":\"2024-07-19T14:26:48+00:00\",\"description\":\"Funkcion\u0101ls d\u0101rza \u0161\u0137\u016bnis k\u0101 telpa d\u0101rza instrumentu uzglab\u0101\u0161anai. \u0100tra un vienk\u0101r\u0161a mont\u0101\u017ea. Iztur\u012bga konstrukcija, mitrumiztur\u012bga pamatne.\",\"breadcrumb\":{\"@id\":\"https:\/\/kronushome.com\/lv\/produkti\/strongbox-m\/#breadcrumb\"},\"inLanguage\":\"lv-LV\",\"potentialAction\":[{\"@type\":\"ReadAction\",\"target\":[\"https:\/\/kronushome.com\/lv\/produkti\/strongbox-m\/\"]}]},{\"@type\":\"ImageObject\",\"inLanguage\":\"lv-LV\",\"@id\":\"https:\/\/kronushome.com\/lv\/produkti\/strongbox-m\/#primaryimage\",\"url\":\"https:\/\/kronushome.com\/wp-content\/uploads\/2024\/03\/StrongBox-M-Natural-0-00-00-00.png\",\"contentUrl\":\"https:\/\/kronushome.com\/wp-content\/uploads\/2024\/03\/StrongBox-M-Natural-0-00-00-00.png\",\"width\":3000,\"height\":2250},{\"@type\":\"BreadcrumbList\",\"@id\":\"https:\/\/kronushome.com\/lv\/produkti\/strongbox-m\/#breadcrumb\",\"itemListElement\":[{\"@type\":\"ListItem\",\"position\":1,\"name\":\"Home\",\"item\":\"https:\/\/kronushome.com\/lv\/\"},{\"@type\":\"ListItem\",\"position\":2,\"name\":\"D\u0101rza m\u0101ji\u0146as\",\"item\":\"https:\/\/kronushome.com\/lv\/darza-majinas\/\"},{\"@type\":\"ListItem\",\"position\":3,\"name\":\"Strongbox M\"}]},{\"@type\":\"WebSite\",\"@id\":\"https:\/\/kronushome.com\/lv\/#website\",\"url\":\"https:\/\/kronushome.com\/lv\/\",\"name\":\"Garden Houses\",\"description\":\"Find your garden house and enjoy life in it\",\"potentialAction\":[{\"@type\":\"SearchAction\",\"target\":{\"@type\":\"EntryPoint\",\"urlTemplate\":\"https:\/\/kronushome.com\/lv\/?s={search_term_string}\"},\"query-input\":\"required name=search_term_string\"}],\"inLanguage\":\"lv-LV\"}]}<\/script>\n<!-- \/ Yoast SEO Premium plugin. -->","yoast_head_json":{"title":"Strongbox M - nojume d\u0101rza instrumentu uzglab\u0101\u0161anai | KHOME","description":"Funkcion\u0101ls d\u0101rza \u0161\u0137\u016bnis k\u0101 telpa d\u0101rza instrumentu uzglab\u0101\u0161anai. \u0100tra un vienk\u0101r\u0161a mont\u0101\u017ea. Iztur\u012bga konstrukcija, mitrumiztur\u012bga pamatne.","robots":{"index":"index","follow":"follow","max-snippet":"max-snippet:-1","max-image-preview":"max-image-preview:large","max-video-preview":"max-video-preview:-1"},"canonical":"https:\/\/kronushome.com\/lv\/produkti\/strongbox-m\/","og_locale":"lv_LV","og_type":"article","og_title":"Strongbox M","og_description":"Funkcion\u0101ls d\u0101rza \u0161\u0137\u016bnis k\u0101 telpa d\u0101rza instrumentu uzglab\u0101\u0161anai. \u0100tra un vienk\u0101r\u0161a mont\u0101\u017ea. Iztur\u012bga konstrukcija, mitrumiztur\u012bga pamatne.","og_url":"https:\/\/kronushome.com\/lv\/produkti\/strongbox-m\/","og_site_name":"KronusHome.com","article_modified_time":"2024-07-19T14:26:48+00:00","og_image":[{"width":1024,"height":768,"url":"https:\/\/kronushome.com\/wp-content\/uploads\/2024\/03\/StrongBox-M-Natural-0-00-00-00-1024x768.png","type":"image\/png"}],"twitter_card":"summary_large_image","twitter_misc":{"Est. reading time":"2 minutes"},"schema":{"@context":"https:\/\/schema.org","@graph":[{"@type":"WebPage","@id":"https:\/\/kronushome.com\/lv\/produkti\/strongbox-m\/","url":"https:\/\/kronushome.com\/lv\/produkti\/strongbox-m\/","name":"Strongbox M - nojume d\u0101rza instrumentu uzglab\u0101\u0161anai | KHOME","isPartOf":{"@id":"https:\/\/kronushome.com\/lv\/#website"},"primaryImageOfPage":{"@id":"https:\/\/kronushome.com\/lv\/produkti\/strongbox-m\/#primaryimage"},"image":{"@id":"https:\/\/kronushome.com\/lv\/produkti\/strongbox-m\/#primaryimage"},"thumbnailUrl":"https:\/\/kronushome.com\/wp-content\/uploads\/2024\/03\/StrongBox-M-Natural-0-00-00-00.png","datePublished":"2024-03-20T12:25:19+00:00","dateModified":"2024-07-19T14:26:48+00:00","description":"Funkcion\u0101ls d\u0101rza \u0161\u0137\u016bnis k\u0101 telpa d\u0101rza instrumentu uzglab\u0101\u0161anai. \u0100tra un vienk\u0101r\u0161a mont\u0101\u017ea. Iztur\u012bga konstrukcija, mitrumiztur\u012bga pamatne.","breadcrumb":{"@id":"https:\/\/kronushome.com\/lv\/produkti\/strongbox-m\/#breadcrumb"},"inLanguage":"lv-LV","potentialAction":[{"@type":"ReadAction","target":["https:\/\/kronushome.com\/lv\/produkti\/strongbox-m\/"]}]},{"@type":"ImageObject","inLanguage":"lv-LV","@id":"https:\/\/kronushome.com\/lv\/produkti\/strongbox-m\/#primaryimage","url":"https:\/\/kronushome.com\/wp-content\/uploads\/2024\/03\/StrongBox-M-Natural-0-00-00-00.png","contentUrl":"https:\/\/kronushome.com\/wp-content\/uploads\/2024\/03\/StrongBox-M-Natural-0-00-00-00.png","width":3000,"height":2250},{"@type":"BreadcrumbList","@id":"https:\/\/kronushome.com\/lv\/produkti\/strongbox-m\/#breadcrumb","itemListElement":[{"@type":"ListItem","position":1,"name":"Home","item":"https:\/\/kronushome.com\/lv\/"},{"@type":"ListItem","position":2,"name":"D\u0101rza m\u0101ji\u0146as","item":"https:\/\/kronushome.com\/lv\/darza-majinas\/"},{"@type":"ListItem","position":3,"name":"Strongbox M"}]},{"@type":"WebSite","@id":"https:\/\/kronushome.com\/lv\/#website","url":"https:\/\/kronushome.com\/lv\/","name":"Garden Houses","description":"Find your garden house and enjoy life in it","potentialAction":[{"@type":"SearchAction","target":{"@type":"EntryPoint","urlTemplate":"https:\/\/kronushome.com\/lv\/?s={search_term_string}"},"query-input":"required name=search_term_string"}],"inLanguage":"lv-LV"}]}},"_links":{"self":[{"href":"https:\/\/kronushome.com\/lv\/wp-json\/wp\/v2\/product\/1779"}],"collection":[{"href":"https:\/\/kronushome.com\/lv\/wp-json\/wp\/v2\/product"}],"about":[{"href":"https:\/\/kronushome.com\/lv\/wp-json\/wp\/v2\/types\/product"}],"replies":[{"embeddable":true,"href":"https:\/\/kronushome.com\/lv\/wp-json\/wp\/v2\/comments?post=1779"}],"wp:featuredmedia":[{"embeddable":true,"href":"https:\/\/kronushome.com\/lv\/wp-json\/wp\/v2\/media\/1780"}],"wp:attachment":[{"href":"https:\/\/kronushome.com\/lv\/wp-json\/wp\/v2\/media?parent=1779"}],"wp:term":[{"taxonomy":"product_cat","embeddable":true,"href":"https:\/\/kronushome.com\/lv\/wp-json\/wp\/v2\/product_cat?post=1779"},{"taxonomy":"product_tag","embeddable":true,"href":"https:\/\/kronushome.com\/lv\/wp-json\/wp\/v2\/product_tag?post=1779"}],"curies":[{"name":"wp","href":"https:\/\/api.w.org\/{rel}","templated":true}]}}