{"id":1501,"date":"2022-06-20T18:53:58","date_gmt":"2022-06-20T15:53:58","guid":{"rendered":"https:\/\/staging.khome.es\/product\/marselan-4x3\/"},"modified":"2024-05-20T16:50:27","modified_gmt":"2024-05-20T13:50:27","slug":"marselan-4x3","status":"publish","type":"product","link":"https:\/\/kronushome.com\/lv\/produkti\/marselan-4x3\/","title":{"rendered":"Marselan 4&#215;3"},"content":{"rendered":"<ul>\n<li style=\"list-style-type: none;\">\n<ul>\n<li>M\u0101ji\u0146a ir izgatavota no 28\u00a0mm bieziem fr\u0113zba\u013c\u0137iem ar vienu spundi.<\/li>\n<li>Spundes pasarg\u0101 no v\u0113ja un nodro\u0161ina pat\u012bkamu mikroklimatu.<\/li>\n<li>Jumts un gr\u012bda ir veidoti no spund\u0113tiem d\u0113\u013ciem.<\/li>\n<li>Ar spiedienu impregn\u0113ta m\u0101jas pamatu konstrukcija.<\/li>\n<li>Koka durvis un logi ar dubultu stiklojumu uztur siltumu iek\u0161pus\u0113.<\/li>\n<li>Durv\u012bm ir sl\u0113dzene.<\/li>\n<li>Izmantota atbild\u012bgi audz\u0113ta un FSC sertific\u0113ta koksne.<\/li>\n<li>Viegli saprotama mont\u0101\u017eas instrukcija.<\/li>\n<\/ul>\n<\/li>\n<\/ul>\n<p>&nbsp;<\/p>\n<p><em>Produkts var at\u0161\u0137irties no produkta att\u0113liem. Pirms ieg\u0101des, l\u016bdzu, skatiet produkta specifik\u0101ciju un pieejam\u0101s papildu iesp\u0113jas. Ra\u017eot\u0101jam ir ties\u012bbas veikt tehniskas izmai\u0146as.<\/em><\/p>\n","protected":false},"excerpt":{"rendered":"<p>Kompakta fr\u0113zba\u013c\u0137u m\u0101ji\u0146a ar bezgal\u012bg\u0101m izmanto\u0161anas iesp\u0113j\u0101m &#8211; novieto to d\u0101rz\u0101 un baudi vasaras atp\u016btu vai izveido sp\u0113\u013cu istabu b\u0113rniem. M\u0101ji\u0146a veidota no sertific\u0113tiem Skandin\u0101vijas kokmateri\u0101liem, kas nodro\u0161ina augstu kvalit\u0101ti un iztur\u012bbu pret laikapspst\u0101k\u013ciem. Produktam ir 5 gadu garantija!<\/p>\n","protected":false},"featured_media":1508,"comment_status":"open","ping_status":"closed","template":"","meta":[],"product_cat":[459],"product_tag":[],"yoast_head":"<!-- This site is optimized with the Yoast SEO Premium plugin v23.0 (Yoast SEO v23.0) - https:\/\/yoast.com\/wordpress\/plugins\/seo\/ -->\n<title>Koka d\u0101rza m\u0101ji\u0146a Marselan 4\u00d73m | KHOME<\/title>\n<meta name=\"description\" content=\"Kompakta izm\u0113ra tradicion\u0101l\u0101 koka d\u0101rza m\u0101ji\u0146a Tavam m\u0101jas birojam, br\u012bvdienu m\u0101jai, b\u0113rnu rota\u013cu istabai vai viesu izmitin\u0101\u0161anai.\" \/>\n<meta name=\"robots\" content=\"index, follow, max-snippet:-1, max-image-preview:large, max-video-preview:-1\" \/>\n<link rel=\"canonical\" href=\"https:\/\/kronushome.com\/lv\/produkti\/marselan-4x3\/\" \/>\n<meta property=\"og:locale\" content=\"lv_LV\" \/>\n<meta property=\"og:type\" content=\"article\" \/>\n<meta property=\"og:title\" content=\"Marselan 4x3\" \/>\n<meta property=\"og:description\" content=\"Kompakta izm\u0113ra tradicion\u0101l\u0101 koka d\u0101rza m\u0101ji\u0146a Tavam m\u0101jas birojam, br\u012bvdienu m\u0101jai, b\u0113rnu rota\u013cu istabai vai viesu izmitin\u0101\u0161anai.\" \/>\n<meta property=\"og:url\" content=\"https:\/\/kronushome.com\/lv\/produkti\/marselan-4x3\/\" \/>\n<meta property=\"og:site_name\" content=\"KronusHome.com\" \/>\n<meta property=\"article:modified_time\" content=\"2024-05-20T13:50:27+00:00\" \/>\n<meta property=\"og:image\" content=\"https:\/\/kronushome.com\/wp-content\/uploads\/2022\/04\/Marselan-01.png\" \/>\n\t<meta property=\"og:image:width\" content=\"1200\" \/>\n\t<meta property=\"og:image:height\" content=\"848\" \/>\n\t<meta property=\"og:image:type\" content=\"image\/png\" \/>\n<meta name=\"twitter:card\" content=\"summary_large_image\" \/>\n<meta name=\"twitter:label1\" content=\"Est. reading time\" \/>\n\t<meta name=\"twitter:data1\" content=\"1 minute\" \/>\n<script type=\"application\/ld+json\" class=\"yoast-schema-graph\">{\"@context\":\"https:\/\/schema.org\",\"@graph\":[{\"@type\":\"WebPage\",\"@id\":\"https:\/\/kronushome.com\/lv\/produkti\/marselan-4x3\/\",\"url\":\"https:\/\/kronushome.com\/lv\/produkti\/marselan-4x3\/\",\"name\":\"Koka d\u0101rza m\u0101ji\u0146a Marselan 4\u00d73m | KHOME\",\"isPartOf\":{\"@id\":\"https:\/\/kronushome.com\/lv\/#website\"},\"primaryImageOfPage\":{\"@id\":\"https:\/\/kronushome.com\/lv\/produkti\/marselan-4x3\/#primaryimage\"},\"image\":{\"@id\":\"https:\/\/kronushome.com\/lv\/produkti\/marselan-4x3\/#primaryimage\"},\"thumbnailUrl\":\"https:\/\/kronushome.com\/wp-content\/uploads\/2022\/04\/Marselan-01.png\",\"datePublished\":\"2022-06-20T15:53:58+00:00\",\"dateModified\":\"2024-05-20T13:50:27+00:00\",\"description\":\"Kompakta izm\u0113ra tradicion\u0101l\u0101 koka d\u0101rza m\u0101ji\u0146a Tavam m\u0101jas birojam, br\u012bvdienu m\u0101jai, b\u0113rnu rota\u013cu istabai vai viesu izmitin\u0101\u0161anai.\",\"breadcrumb\":{\"@id\":\"https:\/\/kronushome.com\/lv\/produkti\/marselan-4x3\/#breadcrumb\"},\"inLanguage\":\"lv-LV\",\"potentialAction\":[{\"@type\":\"ReadAction\",\"target\":[\"https:\/\/kronushome.com\/lv\/produkti\/marselan-4x3\/\"]}]},{\"@type\":\"ImageObject\",\"inLanguage\":\"lv-LV\",\"@id\":\"https:\/\/kronushome.com\/lv\/produkti\/marselan-4x3\/#primaryimage\",\"url\":\"https:\/\/kronushome.com\/wp-content\/uploads\/2022\/04\/Marselan-01.png\",\"contentUrl\":\"https:\/\/kronushome.com\/wp-content\/uploads\/2022\/04\/Marselan-01.png\",\"width\":1200,\"height\":848},{\"@type\":\"BreadcrumbList\",\"@id\":\"https:\/\/kronushome.com\/lv\/produkti\/marselan-4x3\/#breadcrumb\",\"itemListElement\":[{\"@type\":\"ListItem\",\"position\":1,\"name\":\"Home\",\"item\":\"https:\/\/kronushome.com\/lv\/\"},{\"@type\":\"ListItem\",\"position\":2,\"name\":\"D\u0101rza m\u0101ji\u0146as\",\"item\":\"https:\/\/kronushome.com\/lv\/darza-majinas\/\"},{\"@type\":\"ListItem\",\"position\":3,\"name\":\"Marselan 4&#215;3\"}]},{\"@type\":\"WebSite\",\"@id\":\"https:\/\/kronushome.com\/lv\/#website\",\"url\":\"https:\/\/kronushome.com\/lv\/\",\"name\":\"Garden Houses\",\"description\":\"Find your garden house and enjoy life in it\",\"potentialAction\":[{\"@type\":\"SearchAction\",\"target\":{\"@type\":\"EntryPoint\",\"urlTemplate\":\"https:\/\/kronushome.com\/lv\/?s={search_term_string}\"},\"query-input\":\"required name=search_term_string\"}],\"inLanguage\":\"lv-LV\"}]}<\/script>\n<!-- \/ Yoast SEO Premium plugin. -->","yoast_head_json":{"title":"Koka d\u0101rza m\u0101ji\u0146a Marselan 4\u00d73m | KHOME","description":"Kompakta izm\u0113ra tradicion\u0101l\u0101 koka d\u0101rza m\u0101ji\u0146a Tavam m\u0101jas birojam, br\u012bvdienu m\u0101jai, b\u0113rnu rota\u013cu istabai vai viesu izmitin\u0101\u0161anai.","robots":{"index":"index","follow":"follow","max-snippet":"max-snippet:-1","max-image-preview":"max-image-preview:large","max-video-preview":"max-video-preview:-1"},"canonical":"https:\/\/kronushome.com\/lv\/produkti\/marselan-4x3\/","og_locale":"lv_LV","og_type":"article","og_title":"Marselan 4x3","og_description":"Kompakta izm\u0113ra tradicion\u0101l\u0101 koka d\u0101rza m\u0101ji\u0146a Tavam m\u0101jas birojam, br\u012bvdienu m\u0101jai, b\u0113rnu rota\u013cu istabai vai viesu izmitin\u0101\u0161anai.","og_url":"https:\/\/kronushome.com\/lv\/produkti\/marselan-4x3\/","og_site_name":"KronusHome.com","article_modified_time":"2024-05-20T13:50:27+00:00","og_image":[{"width":1200,"height":848,"url":"https:\/\/kronushome.com\/wp-content\/uploads\/2022\/04\/Marselan-01.png","type":"image\/png"}],"twitter_card":"summary_large_image","twitter_misc":{"Est. reading time":"1 minute"},"schema":{"@context":"https:\/\/schema.org","@graph":[{"@type":"WebPage","@id":"https:\/\/kronushome.com\/lv\/produkti\/marselan-4x3\/","url":"https:\/\/kronushome.com\/lv\/produkti\/marselan-4x3\/","name":"Koka d\u0101rza m\u0101ji\u0146a Marselan 4\u00d73m | KHOME","isPartOf":{"@id":"https:\/\/kronushome.com\/lv\/#website"},"primaryImageOfPage":{"@id":"https:\/\/kronushome.com\/lv\/produkti\/marselan-4x3\/#primaryimage"},"image":{"@id":"https:\/\/kronushome.com\/lv\/produkti\/marselan-4x3\/#primaryimage"},"thumbnailUrl":"https:\/\/kronushome.com\/wp-content\/uploads\/2022\/04\/Marselan-01.png","datePublished":"2022-06-20T15:53:58+00:00","dateModified":"2024-05-20T13:50:27+00:00","description":"Kompakta izm\u0113ra tradicion\u0101l\u0101 koka d\u0101rza m\u0101ji\u0146a Tavam m\u0101jas birojam, br\u012bvdienu m\u0101jai, b\u0113rnu rota\u013cu istabai vai viesu izmitin\u0101\u0161anai.","breadcrumb":{"@id":"https:\/\/kronushome.com\/lv\/produkti\/marselan-4x3\/#breadcrumb"},"inLanguage":"lv-LV","potentialAction":[{"@type":"ReadAction","target":["https:\/\/kronushome.com\/lv\/produkti\/marselan-4x3\/"]}]},{"@type":"ImageObject","inLanguage":"lv-LV","@id":"https:\/\/kronushome.com\/lv\/produkti\/marselan-4x3\/#primaryimage","url":"https:\/\/kronushome.com\/wp-content\/uploads\/2022\/04\/Marselan-01.png","contentUrl":"https:\/\/kronushome.com\/wp-content\/uploads\/2022\/04\/Marselan-01.png","width":1200,"height":848},{"@type":"BreadcrumbList","@id":"https:\/\/kronushome.com\/lv\/produkti\/marselan-4x3\/#breadcrumb","itemListElement":[{"@type":"ListItem","position":1,"name":"Home","item":"https:\/\/kronushome.com\/lv\/"},{"@type":"ListItem","position":2,"name":"D\u0101rza m\u0101ji\u0146as","item":"https:\/\/kronushome.com\/lv\/darza-majinas\/"},{"@type":"ListItem","position":3,"name":"Marselan 4&#215;3"}]},{"@type":"WebSite","@id":"https:\/\/kronushome.com\/lv\/#website","url":"https:\/\/kronushome.com\/lv\/","name":"Garden Houses","description":"Find your garden house and enjoy life in it","potentialAction":[{"@type":"SearchAction","target":{"@type":"EntryPoint","urlTemplate":"https:\/\/kronushome.com\/lv\/?s={search_term_string}"},"query-input":"required name=search_term_string"}],"inLanguage":"lv-LV"}]}},"_links":{"self":[{"href":"https:\/\/kronushome.com\/lv\/wp-json\/wp\/v2\/product\/1501"}],"collection":[{"href":"https:\/\/kronushome.com\/lv\/wp-json\/wp\/v2\/product"}],"about":[{"href":"https:\/\/kronushome.com\/lv\/wp-json\/wp\/v2\/types\/product"}],"replies":[{"embeddable":true,"href":"https:\/\/kronushome.com\/lv\/wp-json\/wp\/v2\/comments?post=1501"}],"wp:featuredmedia":[{"embeddable":true,"href":"https:\/\/kronushome.com\/lv\/wp-json\/wp\/v2\/media\/1508"}],"wp:attachment":[{"href":"https:\/\/kronushome.com\/lv\/wp-json\/wp\/v2\/media?parent=1501"}],"wp:term":[{"taxonomy":"product_cat","embeddable":true,"href":"https:\/\/kronushome.com\/lv\/wp-json\/wp\/v2\/product_cat?post=1501"},{"taxonomy":"product_tag","embeddable":true,"href":"https:\/\/kronushome.com\/lv\/wp-json\/wp\/v2\/product_tag?post=1501"}],"curies":[{"name":"wp","href":"https:\/\/api.w.org\/{rel}","templated":true}]}}