{"id":3843,"date":"2024-08-08T10:58:37","date_gmt":"2024-08-08T07:58:37","guid":{"rendered":"https:\/\/kronushome.com\/?page_id=3843"},"modified":"2024-08-08T13:32:30","modified_gmt":"2024-08-08T10:32:30","slug":"piegade","status":"publish","type":"page","link":"https:\/\/kronushome.com\/lv\/piegade\/","title":{"rendered":"Pieg\u0101de"},"content":{"rendered":"\n<ul>\n<li>Novietn\u0113m ir bezmaksas pieg\u0101de vis\u0101 Latvijas teritorij\u0101. D\u0101rza m\u0101ji\u0146u pieg\u0101des cenas var at\u0161\u0137irties at\u0161\u0137ir\u012bb\u0101 no konkr\u0113t\u0101 mode\u013ca \u2013 pieg\u0101des izmaksas apskat\u0101mas, kad produkts ir pievienots iepirkumu grozam.<\/li>\n<\/ul>\n\n\n\n<ul>\n<li>Ja prece ir pieejama noliktav\u0101, pieg\u0101de tiek veikta 3-5 dienu laik\u0101 vis\u0101 Latvijas teritorij\u0101. Ja prece nav noliktav\u0101, pieg\u0101des laiks b\u016bs\u00a0 2-3 ned\u0113\u013cas. Par preces pieejam\u012bbu variet uzzin\u0101t sazinoties ar <a href=\"https:\/\/kronushome.com\/lv\/kontakti\/\">mums.<\/a><\/li>\n<\/ul>\n\n\n\n<ul>\n<li>Pirms pl\u0101not\u0101s pieg\u0101des sazin\u0101simies ar Jums un inform\u0113sim par pieg\u0101des laiku.<\/li>\n<\/ul>\n\n\n\n<ul>\n<li>Pieg\u0101des tiek nodro\u0161in\u0101tas uz nor\u0101d\u012bto adresi darba dien\u0101s no 8.00. l\u012bdz 18.00. Pirc\u0113jam vai tre\u0161ajai personai, kuru nor\u0101d\u012bjis Pirc\u0113js, ir j\u0101b\u016bt pieejamam \u0161aj\u0101 laik\u0101 nor\u0101d\u012btaj\u0101 adres\u0113.\u00a0<\/li>\n<\/ul>\n\n\n\n<ul>\n<li>Pre\u010du pieg\u0101de un izkrau\u0161ana tiek veikta ar lielgabar\u012bta s\u016bt\u012bjumu kurjeru starpniec\u012bbu ar kravas transportu (kravas ma\u0161\u012bna ar liftu vai manipulatoru, atkar\u012bb\u0101 no preces izm\u0113ra) uz pas\u016bt\u012bjum\u0101 nor\u0101d\u012bto pieg\u0101des adresi, kuru ir nor\u0101d\u012bjis pirc\u0113js.<\/li>\n<\/ul>\n\n\n\n<ul>\n<li>Gan novietnes, gan d\u0101rza m\u0101ji\u0146as tiek pieg\u0101d\u0101tas nesalikt\u0101 veid\u0101. Vair\u0101k par noviet\u0146u vai d\u0101rza m\u0101ji\u0146u mont\u0101\u017eu variet izlas\u012bt sada\u013c\u0101 BUJ (Bie\u017e\u0101k uzdotie jaut\u0101jumi) vai sazinoties ar <a href=\"https:\/\/kronushome.com\/lv\/kontakti\/\">mums.<\/a> Mont\u0101\u017eas instrukcija tiek pievienota pie preces.\u00a0<\/li>\n<\/ul>\n\n\n\n<ul>\n<li>Pirc\u0113jam vai tre\u0161ajai personai, kuru nor\u0101d\u012bjis pirc\u0113js, pie\u0146emot preces, ir j\u0101p\u0101rbauda to daudzums, kvalit\u0101te, komplekt\u0101cija, mar\u0137\u0113jums (ja t\u0101ds ir) un cita atbilst\u012bba pas\u016bt\u012bjumam pie preces izkrau\u0161anas. Gad\u012bjum\u0101, ja pie Pre\u010du izkrau\u0161anas atkl\u0101jas Pre\u010du kvalit\u0101tes vai komplekt\u0101cijas tr\u016bkumi, iztr\u016bkums, iepakojuma vai Preces boj\u0101jums, vai cita neatbilst\u012bba pas\u016bt\u012bjumam, Pirc\u0113jam vai tre\u0161ajai personai, kuru nor\u0101d\u012bjis Pirc\u0113js, ir ties\u012bbas s\u016bt\u012bjumu nepie\u0146emt. \u0160\u0101d\u0101 gad\u012bjum\u0101 kurjeru pakalpojumus sniedzo\u0161\u0101s organiz\u0101cijas p\u0101rst\u0101vis kop\u0101 ar Pirc\u0113ju vai tre\u0161o personu, kuru nor\u0101d\u012bjis Pirc\u0113js, aizpilda speci\u0101lu s\u016bt\u012bjuma p\u0101rbaudes aktu, ko iesniedz kurjeru pakalpojumus sniedzo\u0161\u0101s organiz\u0101cijas p\u0101rst\u0101vis, kur\u0101 nor\u0101da konstat\u0113tos boj\u0101jumus, k\u0101 ar\u012b Pre\u010du atgrie\u0161anas aktu.<\/li>\n<\/ul>\n\n\n\n<p>Vair\u0101k inform\u0101ciju par pieg\u0101di variet izlas\u012bt m\u016bsu <a href=\"https:\/\/kronushome.com\/lv\/e-veikala-lietosanas-noteikumi\/\">E-veikala noteikumos.<\/a><\/p>\n","protected":false},"excerpt":{"rendered":"<p>Vair\u0101k inform\u0101ciju par pieg\u0101di variet izlas\u012bt m\u016bsu E-veikala noteikumos.<\/p>\n","protected":false},"author":27,"featured_media":3866,"parent":0,"menu_order":0,"comment_status":"closed","ping_status":"closed","template":"","meta":{"footnotes":""},"yoast_head":"<!-- This site is optimized with the Yoast SEO Premium plugin v23.0 (Yoast SEO v23.0) - https:\/\/yoast.com\/wordpress\/plugins\/seo\/ -->\n<title>Pieg\u0101de - KronusHome.com<\/title>\n<meta name=\"robots\" content=\"index, follow, max-snippet:-1, max-image-preview:large, max-video-preview:-1\" \/>\n<link rel=\"canonical\" href=\"https:\/\/kronushome.com\/lv\/piegade\/\" \/>\n<meta property=\"og:locale\" content=\"lv_LV\" \/>\n<meta property=\"og:type\" content=\"article\" \/>\n<meta property=\"og:title\" content=\"Pieg\u0101de\" \/>\n<meta property=\"og:description\" content=\"Vair\u0101k inform\u0101ciju par pieg\u0101di variet izlas\u012bt m\u016bsu E-veikala noteikumos.\" \/>\n<meta property=\"og:url\" content=\"https:\/\/kronushome.com\/lv\/piegade\/\" \/>\n<meta property=\"og:site_name\" content=\"KronusHome.com\" \/>\n<meta property=\"article:modified_time\" content=\"2024-08-08T10:32:30+00:00\" \/>\n<meta property=\"og:image\" content=\"https:\/\/kronushome.com\/wp-content\/uploads\/2024\/08\/wood2-resized-1024x683.jpg\" \/>\n\t<meta property=\"og:image:width\" content=\"1024\" \/>\n\t<meta property=\"og:image:height\" content=\"683\" \/>\n\t<meta property=\"og:image:type\" content=\"image\/jpeg\" \/>\n<meta name=\"twitter:card\" content=\"summary_large_image\" \/>\n<meta name=\"twitter:label1\" content=\"Est. reading time\" \/>\n\t<meta name=\"twitter:data1\" content=\"2 minutes\" \/>\n<script type=\"application\/ld+json\" class=\"yoast-schema-graph\">{\"@context\":\"https:\/\/schema.org\",\"@graph\":[{\"@type\":\"WebPage\",\"@id\":\"https:\/\/kronushome.com\/lv\/piegade\/\",\"url\":\"https:\/\/kronushome.com\/lv\/piegade\/\",\"name\":\"Pieg\u0101de - KronusHome.com\",\"isPartOf\":{\"@id\":\"https:\/\/kronushome.com\/lv\/#website\"},\"primaryImageOfPage\":{\"@id\":\"https:\/\/kronushome.com\/lv\/piegade\/#primaryimage\"},\"image\":{\"@id\":\"https:\/\/kronushome.com\/lv\/piegade\/#primaryimage\"},\"thumbnailUrl\":\"https:\/\/kronushome.com\/wp-content\/uploads\/2024\/08\/wood2-resized.jpg\",\"datePublished\":\"2024-08-08T07:58:37+00:00\",\"dateModified\":\"2024-08-08T10:32:30+00:00\",\"breadcrumb\":{\"@id\":\"https:\/\/kronushome.com\/lv\/piegade\/#breadcrumb\"},\"inLanguage\":\"lv-LV\",\"potentialAction\":[{\"@type\":\"ReadAction\",\"target\":[\"https:\/\/kronushome.com\/lv\/piegade\/\"]}]},{\"@type\":\"ImageObject\",\"inLanguage\":\"lv-LV\",\"@id\":\"https:\/\/kronushome.com\/lv\/piegade\/#primaryimage\",\"url\":\"https:\/\/kronushome.com\/wp-content\/uploads\/2024\/08\/wood2-resized.jpg\",\"contentUrl\":\"https:\/\/kronushome.com\/wp-content\/uploads\/2024\/08\/wood2-resized.jpg\",\"width\":1942,\"height\":1295},{\"@type\":\"BreadcrumbList\",\"@id\":\"https:\/\/kronushome.com\/lv\/piegade\/#breadcrumb\",\"itemListElement\":[{\"@type\":\"ListItem\",\"position\":1,\"name\":\"Home\",\"item\":\"https:\/\/kronushome.com\/lv\/\"},{\"@type\":\"ListItem\",\"position\":2,\"name\":\"Pieg\u0101de\"}]},{\"@type\":\"WebSite\",\"@id\":\"https:\/\/kronushome.com\/lv\/#website\",\"url\":\"https:\/\/kronushome.com\/lv\/\",\"name\":\"Garden Houses\",\"description\":\"Find your garden house and enjoy life in it\",\"potentialAction\":[{\"@type\":\"SearchAction\",\"target\":{\"@type\":\"EntryPoint\",\"urlTemplate\":\"https:\/\/kronushome.com\/lv\/?s={search_term_string}\"},\"query-input\":\"required name=search_term_string\"}],\"inLanguage\":\"lv-LV\"}]}<\/script>\n<!-- \/ Yoast SEO Premium plugin. -->","yoast_head_json":{"title":"Pieg\u0101de - KronusHome.com","robots":{"index":"index","follow":"follow","max-snippet":"max-snippet:-1","max-image-preview":"max-image-preview:large","max-video-preview":"max-video-preview:-1"},"canonical":"https:\/\/kronushome.com\/lv\/piegade\/","og_locale":"lv_LV","og_type":"article","og_title":"Pieg\u0101de","og_description":"Vair\u0101k inform\u0101ciju par pieg\u0101di variet izlas\u012bt m\u016bsu E-veikala noteikumos.","og_url":"https:\/\/kronushome.com\/lv\/piegade\/","og_site_name":"KronusHome.com","article_modified_time":"2024-08-08T10:32:30+00:00","og_image":[{"width":1024,"height":683,"url":"https:\/\/kronushome.com\/wp-content\/uploads\/2024\/08\/wood2-resized-1024x683.jpg","type":"image\/jpeg"}],"twitter_card":"summary_large_image","twitter_misc":{"Est. reading time":"2 minutes"},"schema":{"@context":"https:\/\/schema.org","@graph":[{"@type":"WebPage","@id":"https:\/\/kronushome.com\/lv\/piegade\/","url":"https:\/\/kronushome.com\/lv\/piegade\/","name":"Pieg\u0101de - KronusHome.com","isPartOf":{"@id":"https:\/\/kronushome.com\/lv\/#website"},"primaryImageOfPage":{"@id":"https:\/\/kronushome.com\/lv\/piegade\/#primaryimage"},"image":{"@id":"https:\/\/kronushome.com\/lv\/piegade\/#primaryimage"},"thumbnailUrl":"https:\/\/kronushome.com\/wp-content\/uploads\/2024\/08\/wood2-resized.jpg","datePublished":"2024-08-08T07:58:37+00:00","dateModified":"2024-08-08T10:32:30+00:00","breadcrumb":{"@id":"https:\/\/kronushome.com\/lv\/piegade\/#breadcrumb"},"inLanguage":"lv-LV","potentialAction":[{"@type":"ReadAction","target":["https:\/\/kronushome.com\/lv\/piegade\/"]}]},{"@type":"ImageObject","inLanguage":"lv-LV","@id":"https:\/\/kronushome.com\/lv\/piegade\/#primaryimage","url":"https:\/\/kronushome.com\/wp-content\/uploads\/2024\/08\/wood2-resized.jpg","contentUrl":"https:\/\/kronushome.com\/wp-content\/uploads\/2024\/08\/wood2-resized.jpg","width":1942,"height":1295},{"@type":"BreadcrumbList","@id":"https:\/\/kronushome.com\/lv\/piegade\/#breadcrumb","itemListElement":[{"@type":"ListItem","position":1,"name":"Home","item":"https:\/\/kronushome.com\/lv\/"},{"@type":"ListItem","position":2,"name":"Pieg\u0101de"}]},{"@type":"WebSite","@id":"https:\/\/kronushome.com\/lv\/#website","url":"https:\/\/kronushome.com\/lv\/","name":"Garden Houses","description":"Find your garden house and enjoy life in it","potentialAction":[{"@type":"SearchAction","target":{"@type":"EntryPoint","urlTemplate":"https:\/\/kronushome.com\/lv\/?s={search_term_string}"},"query-input":"required name=search_term_string"}],"inLanguage":"lv-LV"}]}},"_links":{"self":[{"href":"https:\/\/kronushome.com\/lv\/wp-json\/wp\/v2\/pages\/3843"}],"collection":[{"href":"https:\/\/kronushome.com\/lv\/wp-json\/wp\/v2\/pages"}],"about":[{"href":"https:\/\/kronushome.com\/lv\/wp-json\/wp\/v2\/types\/page"}],"author":[{"embeddable":true,"href":"https:\/\/kronushome.com\/lv\/wp-json\/wp\/v2\/users\/27"}],"replies":[{"embeddable":true,"href":"https:\/\/kronushome.com\/lv\/wp-json\/wp\/v2\/comments?post=3843"}],"version-history":[{"count":2,"href":"https:\/\/kronushome.com\/lv\/wp-json\/wp\/v2\/pages\/3843\/revisions"}],"predecessor-version":[{"id":3845,"href":"https:\/\/kronushome.com\/lv\/wp-json\/wp\/v2\/pages\/3843\/revisions\/3845"}],"wp:featuredmedia":[{"embeddable":true,"href":"https:\/\/kronushome.com\/lv\/wp-json\/wp\/v2\/media\/3866"}],"wp:attachment":[{"href":"https:\/\/kronushome.com\/lv\/wp-json\/wp\/v2\/media?parent=3843"}],"curies":[{"name":"wp","href":"https:\/\/api.w.org\/{rel}","templated":true}]}}