{"id":1546,"date":"2022-04-12T18:27:34","date_gmt":"2022-04-12T15:27:34","guid":{"rendered":"https:\/\/staging.khome.es\/kontakti\/"},"modified":"2024-10-08T22:42:12","modified_gmt":"2024-10-08T19:42:12","slug":"kontakti","status":"publish","type":"page","link":"https:\/\/kronushome.com\/lv\/kontakti\/","title":{"rendered":"Kontakti"},"content":{"rendered":"<div class=\"wpb-content-wrapper\"><p>[vc_row full_width=&#8221;stretch_row_content_no_spaces&#8221; woodmart_css_id=&#8221;62530a16ab4cc&#8221; responsive_spacing=&#8221;eyJwYXJhbV90eXBlIjoid29vZG1hcnRfcmVzcG9uc2l2ZV9zcGFjaW5nIiwic2VsZWN0b3JfaWQiOiI2MjUzMGExNmFiNGNjIiwic2hvcnRjb2RlIjoidmNfcm93IiwiZGF0YSI6eyJ0YWJsZXQiOnt9LCJtb2JpbGUiOnt9fX0=&#8221; mobile_bg_img_hidden=&#8221;no&#8221; tablet_bg_img_hidden=&#8221;no&#8221; woodmart_parallax=&#8221;0&#8243; woodmart_gradient_switch=&#8221;no&#8221; woodmart_box_shadow=&#8221;no&#8221; wd_z_index=&#8221;no&#8221; woodmart_disable_overflow=&#8221;0&#8243; row_reverse_mobile=&#8221;0&#8243; row_reverse_tablet=&#8221;0&#8243; css=&#8221;.vc_custom_1649609251840{margin-top: -40px !important;padding-top: 0px !important;}&#8221;][vc_column css=&#8221;.vc_custom_1649606481099{padding-top: 0px !important;}&#8221; woodmart_css_id=&#8221;6252ff26cc96c&#8221; parallax_scroll=&#8221;no&#8221; woodmart_sticky_column=&#8221;false&#8221; wd_collapsible_content_switcher=&#8221;no&#8221; wd_column_role_offcanvas_desktop=&#8221;no&#8221; wd_column_role_offcanvas_tablet=&#8221;no&#8221; wd_column_role_offcanvas_mobile=&#8221;no&#8221; wd_column_role_content_desktop=&#8221;no&#8221; wd_column_role_content_tablet=&#8221;no&#8221; wd_column_role_content_mobile=&#8221;no&#8221; mobile_bg_img_hidden=&#8221;no&#8221; tablet_bg_img_hidden=&#8221;no&#8221; woodmart_parallax=&#8221;0&#8243; woodmart_box_shadow=&#8221;no&#8221; responsive_spacing=&#8221;eyJwYXJhbV90eXBlIjoid29vZG1hcnRfcmVzcG9uc2l2ZV9zcGFjaW5nIiwic2VsZWN0b3JfaWQiOiI2MjUyZmYyNmNjOTZjIiwic2hvcnRjb2RlIjoidmNfY29sdW1uIiwiZGF0YSI6eyJ0YWJsZXQiOnt9LCJtb2JpbGUiOnt9fX0=&#8221; mobile_reset_margin=&#8221;no&#8221; tablet_reset_margin=&#8221;no&#8221; wd_z_index=&#8221;no&#8221;]\t\t\t<link rel=\"stylesheet\" id=\"xts-style-term-205-css\" href=\"https:\/\/kronushome.com\/wp-content\/uploads\/2024\/04\/xts-term-205-1712690672.css?ver=7.4.3\" type=\"text\/css\" media=\"all\">  \t\t\t<style>\t\t\t\t\t\t\t#slide-1563 .wd-slide-container {\n\t\t\t\t\t\t\t\t\t\t--wd-align-items: center;\n\t\t\t\t\t\t\t\t\t\t\t\t\t\t\t--wd-justify-content: left;\n\t\t\t\t\t\t\t\t\t}\n\t\t\t\t\t\t\t\t#slide-1563.woodmart-loaded .wd-slide-bg {\n\t\t\t\tbackground-image:url(https:\/\/kronushome.com\/wp-content\/uploads\/2022\/04\/Header-Image-Contacts.jpg);\t\t\t\t}\n\n\t\t\t\t#slide-1563 .wd-slide-bg {\n\t\t\t\tbackground-color:#fefefe;\t\t\t\tbackground-size:cover;\n\t\t\t\t\t\t\t\t\t\tbackground-position:center center;\t\t\t\t\t\t\t\t\t}\n\n\t\t\t\t\t\t\t\t\t#slide-1563 .wd-slide-inner {\n\t\t\t\t\t\tmax-width:1200px;\t\t\t\t\t}\n\t\t\t\t\n\t\t\t\t@media (max-width: 1024px) {\n\t\t\t\t\n\t\t\t\t\n\t\t\t\t\t\t\t\t\t\t#slide-1563 .wd-slide-inner {\n\t\t\t\t\t\t\tmax-width:1200px;\t\t\t\t\t\t}\n\t\t\t\t\t\n\t\t\t\t\t#slide-1563 .wd-slide-bg {\n\t\t\t\t\t\t\t\t\t\t\t\t\t\t\t\t\t\t\n\t\t\t\t\t\t\t\t\t\t\t\t\t\t\t\t\t\t\t\t\t\t\t}\n\t\t\t\t}\n\n\t\t\t\t@media (max-width: 767px) {\n\t\t\t\t\n\t\t\t\t\n\t\t\t\t\t\t\t\t\t\t#slide-1563 .wd-slide-inner {\n\t\t\t\t\t\t\tmax-width:500px;\t\t\t\t\t\t}\n\t\t\t\t\t\n\t\t\t\t\t#slide-1563 .wd-slide-bg {\n\t\t\t\t\t\t\t\t\t\t\t\t\t\t\t\t\t\t\n\t\t\t\t\t\t\t\t\t\t\t\t\t\t\t\t\t\t\t\t\t\t\t}\n\t\t\t\t}\n\n\t\t\t\t\t\t\t\t\t\t.vc_custom_1649773121992{padding-top: 40px !important;padding-bottom: 20px !important;}\t\t\t\t\t\n\t\t\t\t\t\t\t\t\t\t#wd-62559b1a45362 .woodmart-title-container{line-height:76px;font-size:66px;color:#f6f2e1;}#wd-62559b2fbd662.wd-text-block{line-height:32px;font-size:22px;color:#f6f2e1;}@media (max-width: 1199px) {#wd-62559b1a45362 .woodmart-title-container{line-height:54px;font-size:44px;}#wd-62559b2fbd662.wd-text-block{line-height:30px;font-size:20px;}}@media (max-width: 767px) {#wd-62559b1a45362 .woodmart-title-container{line-height:46px;font-size:36px;}#wd-62559b2fbd662.wd-text-block{line-height:28px;font-size:18px;}}\t\t\t\t\t\t\t\t<\/style>\n\t\t<div id=\"slider-205\" data-id=\"205\" class=\"wd-slider wd-carousel-container wd-anim- wd-section-container\">\n\t\t\t<div class=\"wd-carousel-inner\">\n\t\t\t\t<div class=\"wd-carousel wd-grid\" data-wrap=\"yes\" data-autoheight=\"yes\" data-scroll_per_page=\"yes\" data-sliding_speed=\"700\" style=\"--wd-col-lg:1;--wd-col-md:1;--wd-col-sm:1;\">\n\t\t\t\t\t<div class=\"wd-carousel-wrap \">\n\t\t\t\t\t\t\t\t\t\t\t\t\t\t\t\t\t\t\t\t<div id=\"slide-1563\" class=\"wd-slide wd-carousel-item woodmart-loaded\" >\n\t\t\t\t\t\t\t\t\t\t\t\t\t\t\t\t<div class=\"container wd-slide-container content-fixed\">\n\t\t\t\t\t\t\t\t\t<div class=\"wd-slide-inner \">\n\t\t\t\t\t\t\t\t\t\t\t\t\t\t\t\t\t\t\t\t\t<div class=\"wpb-content-wrapper\"><p>[vc_row css=&#8221;.vc_custom_1649773121992{padding-top: 40px !important;padding-bottom: 20px !important;}&#8221; woodmart_css_id=&#8221;62558a3b03e2e&#8221; responsive_spacing=&#8221;eyJwYXJhbV90eXBlIjoid29vZG1hcnRfcmVzcG9uc2l2ZV9zcGFjaW5nIiwic2VsZWN0b3JfaWQiOiI2MjU1OGEzYjAzZTJlIiwic2hvcnRjb2RlIjoidmNfcm93IiwiZGF0YSI6eyJ0YWJsZXQiOnt9LCJtb2JpbGUiOnt9fX0=&#8221; mobile_bg_img_hidden=&#8221;no&#8221; tablet_bg_img_hidden=&#8221;no&#8221; woodmart_parallax=&#8221;0&#8243; woodmart_gradient_switch=&#8221;no&#8221; woodmart_box_shadow=&#8221;no&#8221; wd_z_index=&#8221;no&#8221; woodmart_disable_overflow=&#8221;0&#8243; row_reverse_mobile=&#8221;0&#8243; row_reverse_tablet=&#8221;0&#8243;][vc_column]\n\t\t<div id=\"wd-62559b1a45362\" class=\"title-wrapper wd-wpb set-mb-s reset-last-child  wd-animation-slide-from-bottom wd-animation-normal wd_delay_150 wd-rs-62559b1a45362 wd-title-color-default wd-title-style-default text-left  wd-width-enabled wd-underline-colored\" style=\"--wd-max-width: 50%;\">\n\t\t\t\n\t\t\t<div class=\"liner-continer\">\n\t\t\t\t<h4 class=\"woodmart-title-container title  wd-font-weight- wd-fontsize-l\" >Sazi\u0146a<\/h4>\n\t\t\t\t\t\t\t<\/div>\n\t\t\t\n\t\t\t\n\t\t\t\n\t\t<\/div>\n\t\t\n\t\t\t\t<div id=\"wd-62559b2fbd662\" class=\"wd-text-block wd-wpb reset-last-child wd-animation-slide-from-bottom wd-animation-normal wd_delay_250 wd-rs-62559b2fbd662 text-right wd-width-enabled wd-fontsize-custom \" style=\"--wd-max-width: 50%;\">\n\t\t\t<p><span data-sheets-value=\"{\" data-sheets-userformat=\"{\">Sazinieties ar mums, lai uzzin\u0101tu vair\u0101k par Kronus Home, pieg\u0101des un mont\u0101\u017eas iesp\u0113j\u0101m.<\/span><\/p>\n\t\t<\/div>\n\t\t[\/vc_column][\/vc_row]<\/p>\n<\/div>\t\t\t\t\t\t\t\t\t\t\t\t\t\t\t\t\t\t\t<\/div>\n\t\t\t\t\t\t\t\t<\/div>\n\n\t\t\t\t\t\t\t\t<div class=\"wd-slide-bg wd-fill\"><\/div>\n\n\t\t\t\t\t\t\t\t\t\t\t\t\t\t\t<\/div>\n\n\t\t\t\t\t\t\t\t\t\t\t\t\t\t\t\t\t\t\t\t\t\t\t\t\t\t\t\t\t\t\t\t\t<\/div>\n\t\t\t\t<\/div>\n\n\t\t\t\t\t\t\t\t\t\t\t\t\t\t<div class=\"wd-nav-arrows wd-slider-arrows wd-custom-style wd-style-1 wd-pos-sep\">\n\t\t\t\t\t\t<div class=\"wd-btn-arrow wd-prev\">\n\t\t\t\t\t\t\t<div class=\"wd-arrow-inner\"><\/div>\n\t\t\t\t\t\t<\/div>\n\t\t\t\t\t\t<div class=\"wd-btn-arrow wd-next\">\n\t\t\t\t\t\t\t<div class=\"wd-arrow-inner\"><\/div>\n\t\t\t\t\t\t<\/div>\n\t\t\t\t\t<\/div>\n\t\t\t\t\t\t\t<\/div>\n\n\t\t\t\t\t\t\t\t\t\t\t<div class=\"wd-nav-pagin-wrap wd-slider-pagin wd-custom-style wd-style-shape-1 text-center\">\n\t\t\t\t\t<ul class=\"wd-nav-pagin\"><\/ul>\n\t\t\t\t<\/div>\n\t\t\t\t\t<\/div>\n\n\n\t\t\t\t\t[vc_empty_space height=&#8221;70px&#8221; woodmart_hide_large=&#8221;0&#8243; woodmart_hide_medium=&#8221;0&#8243; woodmart_hide_small=&#8221;0&#8243;][\/vc_column][\/vc_row][vc_row woodmart_css_id=&#8221;62558f9f635e9&#8243; responsive_spacing=&#8221;eyJwYXJhbV90eXBlIjoid29vZG1hcnRfcmVzcG9uc2l2ZV9zcGFjaW5nIiwic2VsZWN0b3JfaWQiOiI2MjU1OGY5ZjYzNWU5Iiwic2hvcnRjb2RlIjoidmNfcm93IiwiZGF0YSI6eyJ0YWJsZXQiOnt9LCJtb2JpbGUiOnt9fX0=&#8221; mobile_bg_img_hidden=&#8221;no&#8221; tablet_bg_img_hidden=&#8221;no&#8221; woodmart_parallax=&#8221;0&#8243; woodmart_gradient_switch=&#8221;no&#8221; woodmart_box_shadow=&#8221;no&#8221; wd_z_index=&#8221;no&#8221; woodmart_disable_overflow=&#8221;0&#8243; row_reverse_mobile=&#8221;0&#8243; row_reverse_tablet=&#8221;0&#8243;][vc_column width=&#8221;1\/2&#8243;]\n\t\t<div id=\"wd-6255a31fd82fd\" class=\"title-wrapper wd-wpb set-mb-s reset-last-child  wd-rs-6255a31fd82fd wd-title-color-default wd-title-style-default text-left  wd-underline-colored\">\n\t\t\t\n\t\t\t<div class=\"liner-continer\">\n\t\t\t\t<h4 class=\"woodmart-title-container title  wd-font-weight- wd-fontsize-xxl\" >Sazi\u0146a<\/h4>\n\t\t\t\t\t\t\t<\/div>\n\t\t\t\n\t\t\t\n\t\t\t\n\t\t<\/div>\n\t\t\n\t\t\t\t<div id=\"wd-67058a808788f\" class=\"wd-text-block wd-wpb reset-last-child wd-animation-slide-from-bottom wd-animation-normal wd_delay_350 wd-rs-67058a808788f text-left wd-width-enabled \" style=\"--wd-max-width: 80%;\">\n\t\t\t<p>Sazinieties ar mums, lai uzzin\u0101tu vair\u0101k par Kronus Home, pieg\u0101des un mont\u0101\u017eas iesp\u0113j\u0101m.<\/p>\n<h3><strong>KRONUS SIA<\/strong><\/h3>\n<p>PVN: LV40003479924<\/p>\n<h4><\/h4>\n<h4><strong>Juridisk\u0101 adrese:<\/strong><\/h4>\n<p>Daugu\u013cu iela 19, Ulbroka,<br \/>\nStopi\u0146u pag., Ropa\u017eu nov.,<br \/>\nLV-2130 Latvija<\/p>\n<h4><\/h4>\n<h4><strong>Bankas rekviz\u012bti:<\/strong><\/h4>\n<p>Citadele AS<br \/>\nLV42PARX0012587050007<\/p>\n<h4><\/h4>\n<h4><strong>Kontaktinform\u0101cija:<\/strong><\/h4>\n<p>+371 28617100<\/p>\n<p>sales@kronushome.com<br \/>\nhttps:\/\/kronushome.com<\/p>\n\t\t<\/div>\n\t\t[\/vc_column][vc_column width=&#8221;1\/2&#8243; vertical_alignment=&#8221;eyJkZXZpY2VzIjp7ImRlc2t0b3AiOnsidmFsdWUiOiJjZW50ZXIifSwidGFibGV0Ijp7InZhbHVlIjoiIn0sIm1vYmlsZSI6eyJ2YWx1ZSI6IiJ9fX0=&#8221; woodmart_css_id=&#8221;62558f8c9aeb7&#8243; parallax_scroll=&#8221;no&#8221; woodmart_sticky_column=&#8221;false&#8221; wd_collapsible_content_switcher=&#8221;no&#8221; wd_column_role_offcanvas_desktop=&#8221;no&#8221; wd_column_role_offcanvas_tablet=&#8221;no&#8221; wd_column_role_offcanvas_mobile=&#8221;no&#8221; wd_column_role_content_desktop=&#8221;no&#8221; wd_column_role_content_tablet=&#8221;no&#8221; wd_column_role_content_mobile=&#8221;no&#8221; mobile_bg_img_hidden=&#8221;no&#8221; tablet_bg_img_hidden=&#8221;no&#8221; woodmart_parallax=&#8221;0&#8243; woodmart_box_shadow=&#8221;no&#8221; responsive_spacing=&#8221;eyJwYXJhbV90eXBlIjoid29vZG1hcnRfcmVzcG9uc2l2ZV9zcGFjaW5nIiwic2VsZWN0b3JfaWQiOiI2MjU1OGY4YzlhZWI3Iiwic2hvcnRjb2RlIjoidmNfY29sdW1uIiwiZGF0YSI6eyJ0YWJsZXQiOnt9LCJtb2JpbGUiOnt9fX0=&#8221; mobile_reset_margin=&#8221;no&#8221; tablet_reset_margin=&#8221;no&#8221; wd_z_index=&#8221;no&#8221;]\n<div class=\"wpcf7 no-js\" id=\"wpcf7-f1575-o1\" lang=\"lv-LV\" dir=\"ltr\">\n<div class=\"screen-reader-response\"><p role=\"status\" aria-live=\"polite\" aria-atomic=\"true\"><\/p> <ul><\/ul><\/div>\n<form action=\"\/lv\/wp-json\/wp\/v2\/pages\/1546#wpcf7-f1575-o1\" method=\"post\" class=\"wpcf7-form init\" aria-label=\"Contact form\" novalidate=\"novalidate\" data-status=\"init\">\n<div style=\"display: none;\">\n<input type=\"hidden\" name=\"_wpcf7\" value=\"1575\" \/>\n<input type=\"hidden\" name=\"_wpcf7_version\" value=\"5.9.3\" \/>\n<input type=\"hidden\" name=\"_wpcf7_locale\" value=\"lv_LV\" \/>\n<input type=\"hidden\" name=\"_wpcf7_unit_tag\" value=\"wpcf7-f1575-o1\" \/>\n<input type=\"hidden\" name=\"_wpcf7_container_post\" value=\"0\" \/>\n<input type=\"hidden\" name=\"_wpcf7_posted_data_hash\" value=\"\" \/>\n<input type=\"hidden\" name=\"_wpcf7_recaptcha_response\" value=\"\" \/>\n<\/div>\n<label> J\u016bsu v\u0101rds\n <span class=\"wpcf7-form-control-wrap\" data-name=\"your-name\"><input size=\"40\" class=\"wpcf7-form-control wpcf7-text wpcf7-validates-as-required\" aria-required=\"true\" aria-invalid=\"false\" value=\"\" type=\"text\" name=\"your-name\" \/><\/span> <\/label>\n\n<label> J\u016bsu e-pasta adrese\n <span class=\"wpcf7-form-control-wrap\" data-name=\"your-email\"><input size=\"40\" class=\"wpcf7-form-control wpcf7-email wpcf7-validates-as-required wpcf7-text wpcf7-validates-as-email\" aria-required=\"true\" aria-invalid=\"false\" value=\"\" type=\"email\" name=\"your-email\" \/><\/span> <\/label>\n\n<label> Uz\u0146\u0113mums\n <span class=\"wpcf7-form-control-wrap\" data-name=\"your-subject\"><input size=\"40\" class=\"wpcf7-form-control wpcf7-text wpcf7-validates-as-required\" aria-required=\"true\" aria-invalid=\"false\" value=\"\" type=\"text\" name=\"your-subject\" \/><\/span> <\/label>\n\n<label> J\u016bsu zi\u0146a (p\u0113c izv\u0113les)\n <span class=\"wpcf7-form-control-wrap\" data-name=\"your-message\"><textarea cols=\"40\" rows=\"10\" class=\"wpcf7-form-control wpcf7-textarea\" aria-invalid=\"false\" name=\"your-message\"><\/textarea><\/span> <\/label>\n\n<input class=\"wpcf7-form-control wpcf7-submit has-spinner\" type=\"submit\" value=\"Nos\u016bt\u012bt\" \/><div class=\"wpcf7-response-output\" aria-hidden=\"true\"><\/div>\n<\/form>\n<\/div>\n[\/vc_column][\/vc_row]<\/p>\n<\/div>","protected":false},"excerpt":{"rendered":"<p>[vc_row full_width=&#8221;stretch_row_content_no_spaces&#8221; woodmart_css_id=&#8221;62530a16ab4cc&#8221; responsive_spacing=&#8221;eyJwYXJhbV90eXBlIjoid29vZG1hcnRfcmVzcG9uc2l2ZV9zcGFjaW5nIiwic2VsZWN0b3JfaWQiOiI2MjUzMGExNmFiNGNjIiwic2hvcnRjb2RlIjoidmNfcm93IiwiZGF0YSI6eyJ0YWJsZXQiOnt9LCJtb2JpbGUiOnt9fX0=&#8221; mobile_bg_img_hidden=&#8221;no&#8221; tablet_bg_img_hidden=&#8221;no&#8221; woodmart_parallax=&#8221;0&#8243; woodmart_gradient_switch=&#8221;no&#8221; woodmart_box_shadow=&#8221;no&#8221; wd_z_index=&#8221;no&#8221; woodmart_disable_overflow=&#8221;0&#8243; row_reverse_mobile=&#8221;0&#8243; row_reverse_tablet=&#8221;0&#8243; css=&#8221;.vc_custom_1649609251840{margin-top: -40px !important;padding-top: 0px !important;}&#8221;][vc_column css=&#8221;.vc_custom_1649606481099{padding-top: 0px<\/p>\n","protected":false},"author":38,"featured_media":0,"parent":0,"menu_order":0,"comment_status":"closed","ping_status":"closed","template":"","meta":{"footnotes":""},"yoast_head":"<!-- This site is optimized with the Yoast SEO Premium plugin v23.0 (Yoast SEO v23.0) - https:\/\/yoast.com\/wordpress\/plugins\/seo\/ -->\n<title>Kontakti | KHOME<\/title>\n<meta name=\"description\" content=\"Ir jaut\u0101jums par d\u0101rza m\u0101ji\u0146\u0101m, novietn\u0113m vai \u0161\u0137\u016bn\u012b\u0161iem? Sazinies ar KRONUS Home pa t\u0101lruni: +371 25661106 vai e-pastu: sales@kronushome.com\" \/>\n<meta name=\"robots\" content=\"index, follow, max-snippet:-1, max-image-preview:large, max-video-preview:-1\" \/>\n<link rel=\"canonical\" href=\"https:\/\/kronushome.com\/lv\/kontakti\/\" \/>\n<meta property=\"og:locale\" content=\"lv_LV\" \/>\n<meta property=\"og:type\" content=\"article\" \/>\n<meta property=\"og:title\" content=\"Kontakti\" \/>\n<meta property=\"og:description\" content=\"Ir jaut\u0101jums par d\u0101rza m\u0101ji\u0146\u0101m, novietn\u0113m vai \u0161\u0137\u016bn\u012b\u0161iem? Sazinies ar KRONUS Home pa t\u0101lruni: +371 25661106 vai e-pastu: sales@kronushome.com\" \/>\n<meta property=\"og:url\" content=\"https:\/\/kronushome.com\/lv\/kontakti\/\" \/>\n<meta property=\"og:site_name\" content=\"KronusHome.com\" \/>\n<meta property=\"article:modified_time\" content=\"2024-10-08T19:42:12+00:00\" \/>\n<meta name=\"twitter:card\" content=\"summary_large_image\" \/>\n<meta name=\"twitter:label1\" content=\"Est. reading time\" \/>\n\t<meta name=\"twitter:data1\" content=\"1 minute\" \/>\n<script type=\"application\/ld+json\" class=\"yoast-schema-graph\">{\"@context\":\"https:\/\/schema.org\",\"@graph\":[{\"@type\":\"WebPage\",\"@id\":\"https:\/\/kronushome.com\/lv\/kontakti\/\",\"url\":\"https:\/\/kronushome.com\/lv\/kontakti\/\",\"name\":\"Kontakti | KHOME\",\"isPartOf\":{\"@id\":\"https:\/\/kronushome.com\/lv\/#website\"},\"datePublished\":\"2022-04-12T15:27:34+00:00\",\"dateModified\":\"2024-10-08T19:42:12+00:00\",\"description\":\"Ir jaut\u0101jums par d\u0101rza m\u0101ji\u0146\u0101m, novietn\u0113m vai \u0161\u0137\u016bn\u012b\u0161iem? Sazinies ar KRONUS Home pa t\u0101lruni: +371 25661106 vai e-pastu: sales@kronushome.com\",\"breadcrumb\":{\"@id\":\"https:\/\/kronushome.com\/lv\/kontakti\/#breadcrumb\"},\"inLanguage\":\"lv-LV\",\"potentialAction\":[{\"@type\":\"ReadAction\",\"target\":[\"https:\/\/kronushome.com\/lv\/kontakti\/\"]}]},{\"@type\":\"BreadcrumbList\",\"@id\":\"https:\/\/kronushome.com\/lv\/kontakti\/#breadcrumb\",\"itemListElement\":[{\"@type\":\"ListItem\",\"position\":1,\"name\":\"Home\",\"item\":\"https:\/\/kronushome.com\/lv\/\"},{\"@type\":\"ListItem\",\"position\":2,\"name\":\"Kontakti\"}]},{\"@type\":\"WebSite\",\"@id\":\"https:\/\/kronushome.com\/lv\/#website\",\"url\":\"https:\/\/kronushome.com\/lv\/\",\"name\":\"Garden Houses\",\"description\":\"Find your garden house and enjoy life in it\",\"potentialAction\":[{\"@type\":\"SearchAction\",\"target\":{\"@type\":\"EntryPoint\",\"urlTemplate\":\"https:\/\/kronushome.com\/lv\/?s={search_term_string}\"},\"query-input\":\"required name=search_term_string\"}],\"inLanguage\":\"lv-LV\"}]}<\/script>\n<!-- \/ Yoast SEO Premium plugin. -->","yoast_head_json":{"title":"Kontakti | KHOME","description":"Ir jaut\u0101jums par d\u0101rza m\u0101ji\u0146\u0101m, novietn\u0113m vai \u0161\u0137\u016bn\u012b\u0161iem? Sazinies ar KRONUS Home pa t\u0101lruni: +371 25661106 vai e-pastu: sales@kronushome.com","robots":{"index":"index","follow":"follow","max-snippet":"max-snippet:-1","max-image-preview":"max-image-preview:large","max-video-preview":"max-video-preview:-1"},"canonical":"https:\/\/kronushome.com\/lv\/kontakti\/","og_locale":"lv_LV","og_type":"article","og_title":"Kontakti","og_description":"Ir jaut\u0101jums par d\u0101rza m\u0101ji\u0146\u0101m, novietn\u0113m vai \u0161\u0137\u016bn\u012b\u0161iem? Sazinies ar KRONUS Home pa t\u0101lruni: +371 25661106 vai e-pastu: sales@kronushome.com","og_url":"https:\/\/kronushome.com\/lv\/kontakti\/","og_site_name":"KronusHome.com","article_modified_time":"2024-10-08T19:42:12+00:00","twitter_card":"summary_large_image","twitter_misc":{"Est. reading time":"1 minute"},"schema":{"@context":"https:\/\/schema.org","@graph":[{"@type":"WebPage","@id":"https:\/\/kronushome.com\/lv\/kontakti\/","url":"https:\/\/kronushome.com\/lv\/kontakti\/","name":"Kontakti | KHOME","isPartOf":{"@id":"https:\/\/kronushome.com\/lv\/#website"},"datePublished":"2022-04-12T15:27:34+00:00","dateModified":"2024-10-08T19:42:12+00:00","description":"Ir jaut\u0101jums par d\u0101rza m\u0101ji\u0146\u0101m, novietn\u0113m vai \u0161\u0137\u016bn\u012b\u0161iem? Sazinies ar KRONUS Home pa t\u0101lruni: +371 25661106 vai e-pastu: sales@kronushome.com","breadcrumb":{"@id":"https:\/\/kronushome.com\/lv\/kontakti\/#breadcrumb"},"inLanguage":"lv-LV","potentialAction":[{"@type":"ReadAction","target":["https:\/\/kronushome.com\/lv\/kontakti\/"]}]},{"@type":"BreadcrumbList","@id":"https:\/\/kronushome.com\/lv\/kontakti\/#breadcrumb","itemListElement":[{"@type":"ListItem","position":1,"name":"Home","item":"https:\/\/kronushome.com\/lv\/"},{"@type":"ListItem","position":2,"name":"Kontakti"}]},{"@type":"WebSite","@id":"https:\/\/kronushome.com\/lv\/#website","url":"https:\/\/kronushome.com\/lv\/","name":"Garden Houses","description":"Find your garden house and enjoy life in it","potentialAction":[{"@type":"SearchAction","target":{"@type":"EntryPoint","urlTemplate":"https:\/\/kronushome.com\/lv\/?s={search_term_string}"},"query-input":"required name=search_term_string"}],"inLanguage":"lv-LV"}]}},"_links":{"self":[{"href":"https:\/\/kronushome.com\/lv\/wp-json\/wp\/v2\/pages\/1546"}],"collection":[{"href":"https:\/\/kronushome.com\/lv\/wp-json\/wp\/v2\/pages"}],"about":[{"href":"https:\/\/kronushome.com\/lv\/wp-json\/wp\/v2\/types\/page"}],"author":[{"embeddable":true,"href":"https:\/\/kronushome.com\/lv\/wp-json\/wp\/v2\/users\/38"}],"replies":[{"embeddable":true,"href":"https:\/\/kronushome.com\/lv\/wp-json\/wp\/v2\/comments?post=1546"}],"version-history":[{"count":19,"href":"https:\/\/kronushome.com\/lv\/wp-json\/wp\/v2\/pages\/1546\/revisions"}],"predecessor-version":[{"id":3955,"href":"https:\/\/kronushome.com\/lv\/wp-json\/wp\/v2\/pages\/1546\/revisions\/3955"}],"wp:attachment":[{"href":"https:\/\/kronushome.com\/lv\/wp-json\/wp\/v2\/media?parent=1546"}],"curies":[{"name":"wp","href":"https:\/\/api.w.org\/{rel}","templated":true}]}}