{"id":2352,"date":"2022-04-18T19:12:01","date_gmt":"2022-04-18T16:12:01","guid":{"rendered":"https:\/\/kronushome.com\/product\/carmenere-6-x-5\/"},"modified":"2022-04-18T19:12:01","modified_gmt":"2022-04-18T16:12:01","slug":"carmenere-6-x-5","status":"publish","type":"product","link":"https:\/\/kronushome.com\/lt\/produktas\/carmenere-6-x-5\/","title":{"rendered":"\u201eCarmenere\u201c, 6 x 5"},"content":{"rendered":"<ul>\n<li style=\"list-style-type: none;\">\n<ul>\n<li style=\"list-style-type: none;\">\n<ul>\n<li>Namas pagamintas i\u0161 44 mm storio frezuot\u0173 sij\u0173 su dvigubu grioveliu<\/li>\n<li>Dvigubi grioveliai apsaugo nuo v\u0117jo ir sukuria malon\u0173 mikroklimat\u0105<\/li>\n<li>Stogas ir grindys yra i\u0161 lent\u0173, sujungt\u0173 grioveliu<\/li>\n<li>Sl\u0117giu impregnuota namo pamat\u0173 konstrukcija<\/li>\n<li>Medin\u0117s durys ir dvigubo stiklo langai nei\u0161leid\u017eia \u0161ilumos<\/li>\n<li>Duryse yra spyna<\/li>\n<li>Atsakingai u\u017eauginta ir FSC\u00ae (FSC-153405) sertifikuota mediena<\/li>\n<li>Lengvai suprantamos surinkimo instrukcijos<\/li>\n<\/ul>\n<\/li>\n<\/ul>\n<\/li>\n<\/ul>\n<p>&nbsp;<\/p>\n<p><em>Gaminys gali skirtis nuo gaminio paveiksl\u0117li\u0173. Prie\u0161 pirkdami pra\u0161ome per\u017ei\u016br\u0117ti gaminio apra\u0161\u0105 ir galimus variantus. Gamintojas turi teis\u0119 atlikti techninius gaminio pakeitimus.<\/em><\/p>\n","protected":false},"excerpt":{"rendered":"<p>Erdvus vasarnamis, kurio konstrukcija \u2013 paprasta ir kuris puikiai tilps \u012f bet kur\u012f sod\u0105. Namas pagamintas i\u0161 sertifikuotos skandinavi\u0161kos medienos, kuri u\u017etikrina auk\u0161t\u0105 kokyb\u0119 ir atsparum\u0105 orui. Gaminiui suteikiama 5 met\u0173 garantija!<\/p>\n","protected":false},"featured_media":2364,"comment_status":"open","ping_status":"closed","template":"","meta":[],"product_cat":[706,719],"product_tag":[],"yoast_head":"<!-- This site is optimized with the Yoast SEO Premium plugin v23.0 (Yoast SEO v23.0) - https:\/\/yoast.com\/wordpress\/plugins\/seo\/ -->\n<title>Medinis vasarnamis \u201eCarmenere\u201c, 6 x 5 m | KHOME<\/title>\n<meta name=\"description\" content=\"Erdvus vasarnamis, pagamintas i\u0161 auk\u0161tos kokyb\u0117s medienos, yra tobulas sprendimas papildomai erdvei sodo kieme. 5 met\u0173 garantija!\" \/>\n<meta name=\"robots\" content=\"index, follow, max-snippet:-1, max-image-preview:large, max-video-preview:-1\" \/>\n<link rel=\"canonical\" href=\"https:\/\/kronushome.com\/lt\/produktas\/carmenere-6-x-5\/\" \/>\n<meta property=\"og:locale\" content=\"lt_LT\" \/>\n<meta property=\"og:type\" content=\"article\" \/>\n<meta property=\"og:title\" content=\"\u201eCarmenere\u201c, 6 x 5\" \/>\n<meta property=\"og:description\" content=\"Erdvus vasarnamis, pagamintas i\u0161 auk\u0161tos kokyb\u0117s medienos, yra tobulas sprendimas papildomai erdvei sodo kieme. 5 met\u0173 garantija!\" \/>\n<meta property=\"og:url\" content=\"https:\/\/kronushome.com\/lt\/produktas\/carmenere-6-x-5\/\" \/>\n<meta property=\"og:site_name\" content=\"KronusHome.com\" \/>\n<meta property=\"og:image\" content=\"https:\/\/kronushome.com\/wp-content\/uploads\/2022\/04\/Cermenere.png\" \/>\n\t<meta property=\"og:image:width\" content=\"1200\" \/>\n\t<meta property=\"og:image:height\" content=\"848\" \/>\n\t<meta property=\"og:image:type\" content=\"image\/png\" \/>\n<meta name=\"twitter:card\" content=\"summary_large_image\" \/>\n<script type=\"application\/ld+json\" class=\"yoast-schema-graph\">{\"@context\":\"https:\/\/schema.org\",\"@graph\":[{\"@type\":\"WebPage\",\"@id\":\"https:\/\/kronushome.com\/lt\/produktas\/carmenere-6-x-5\/\",\"url\":\"https:\/\/kronushome.com\/lt\/produktas\/carmenere-6-x-5\/\",\"name\":\"Medinis vasarnamis \u201eCarmenere\u201c, 6 x 5 m | KHOME\",\"isPartOf\":{\"@id\":\"https:\/\/kronushome.com\/lv\/#website\"},\"primaryImageOfPage\":{\"@id\":\"https:\/\/kronushome.com\/lt\/produktas\/carmenere-6-x-5\/#primaryimage\"},\"image\":{\"@id\":\"https:\/\/kronushome.com\/lt\/produktas\/carmenere-6-x-5\/#primaryimage\"},\"thumbnailUrl\":\"https:\/\/kronushome.com\/wp-content\/uploads\/2022\/04\/Cermenere.png\",\"datePublished\":\"2022-04-18T16:12:01+00:00\",\"dateModified\":\"2022-04-18T16:12:01+00:00\",\"description\":\"Erdvus vasarnamis, pagamintas i\u0161 auk\u0161tos kokyb\u0117s medienos, yra tobulas sprendimas papildomai erdvei sodo kieme. 5 met\u0173 garantija!\",\"breadcrumb\":{\"@id\":\"https:\/\/kronushome.com\/lt\/produktas\/carmenere-6-x-5\/#breadcrumb\"},\"inLanguage\":\"lt-LT\",\"potentialAction\":[{\"@type\":\"ReadAction\",\"target\":[\"https:\/\/kronushome.com\/lt\/produktas\/carmenere-6-x-5\/\"]}]},{\"@type\":\"ImageObject\",\"inLanguage\":\"lt-LT\",\"@id\":\"https:\/\/kronushome.com\/lt\/produktas\/carmenere-6-x-5\/#primaryimage\",\"url\":\"https:\/\/kronushome.com\/wp-content\/uploads\/2022\/04\/Cermenere.png\",\"contentUrl\":\"https:\/\/kronushome.com\/wp-content\/uploads\/2022\/04\/Cermenere.png\",\"width\":1200,\"height\":848},{\"@type\":\"BreadcrumbList\",\"@id\":\"https:\/\/kronushome.com\/lt\/produktas\/carmenere-6-x-5\/#breadcrumb\",\"itemListElement\":[{\"@type\":\"ListItem\",\"position\":1,\"name\":\"Home\",\"item\":\"https:\/\/kronushome.com\/lt\/\"},{\"@type\":\"ListItem\",\"position\":2,\"name\":\"R\u0105stiniai nameliai\",\"item\":\"https:\/\/kronushome.com\/rastiniai-nameliai\/\"},{\"@type\":\"ListItem\",\"position\":3,\"name\":\"\u201eCarmenere\u201c, 6 x 5\"}]},{\"@type\":\"WebSite\",\"@id\":\"https:\/\/kronushome.com\/lv\/#website\",\"url\":\"https:\/\/kronushome.com\/lv\/\",\"name\":\"Garden Houses\",\"description\":\"Find your garden house and enjoy life in it\",\"potentialAction\":[{\"@type\":\"SearchAction\",\"target\":{\"@type\":\"EntryPoint\",\"urlTemplate\":\"https:\/\/kronushome.com\/lv\/?s={search_term_string}\"},\"query-input\":\"required name=search_term_string\"}],\"inLanguage\":\"lt-LT\"}]}<\/script>\n<!-- \/ Yoast SEO Premium plugin. -->","yoast_head_json":{"title":"Medinis vasarnamis \u201eCarmenere\u201c, 6 x 5 m | KHOME","description":"Erdvus vasarnamis, pagamintas i\u0161 auk\u0161tos kokyb\u0117s medienos, yra tobulas sprendimas papildomai erdvei sodo kieme. 5 met\u0173 garantija!","robots":{"index":"index","follow":"follow","max-snippet":"max-snippet:-1","max-image-preview":"max-image-preview:large","max-video-preview":"max-video-preview:-1"},"canonical":"https:\/\/kronushome.com\/lt\/produktas\/carmenere-6-x-5\/","og_locale":"lt_LT","og_type":"article","og_title":"\u201eCarmenere\u201c, 6 x 5","og_description":"Erdvus vasarnamis, pagamintas i\u0161 auk\u0161tos kokyb\u0117s medienos, yra tobulas sprendimas papildomai erdvei sodo kieme. 5 met\u0173 garantija!","og_url":"https:\/\/kronushome.com\/lt\/produktas\/carmenere-6-x-5\/","og_site_name":"KronusHome.com","og_image":[{"width":1200,"height":848,"url":"https:\/\/kronushome.com\/wp-content\/uploads\/2022\/04\/Cermenere.png","type":"image\/png"}],"twitter_card":"summary_large_image","schema":{"@context":"https:\/\/schema.org","@graph":[{"@type":"WebPage","@id":"https:\/\/kronushome.com\/lt\/produktas\/carmenere-6-x-5\/","url":"https:\/\/kronushome.com\/lt\/produktas\/carmenere-6-x-5\/","name":"Medinis vasarnamis \u201eCarmenere\u201c, 6 x 5 m | KHOME","isPartOf":{"@id":"https:\/\/kronushome.com\/lv\/#website"},"primaryImageOfPage":{"@id":"https:\/\/kronushome.com\/lt\/produktas\/carmenere-6-x-5\/#primaryimage"},"image":{"@id":"https:\/\/kronushome.com\/lt\/produktas\/carmenere-6-x-5\/#primaryimage"},"thumbnailUrl":"https:\/\/kronushome.com\/wp-content\/uploads\/2022\/04\/Cermenere.png","datePublished":"2022-04-18T16:12:01+00:00","dateModified":"2022-04-18T16:12:01+00:00","description":"Erdvus vasarnamis, pagamintas i\u0161 auk\u0161tos kokyb\u0117s medienos, yra tobulas sprendimas papildomai erdvei sodo kieme. 5 met\u0173 garantija!","breadcrumb":{"@id":"https:\/\/kronushome.com\/lt\/produktas\/carmenere-6-x-5\/#breadcrumb"},"inLanguage":"lt-LT","potentialAction":[{"@type":"ReadAction","target":["https:\/\/kronushome.com\/lt\/produktas\/carmenere-6-x-5\/"]}]},{"@type":"ImageObject","inLanguage":"lt-LT","@id":"https:\/\/kronushome.com\/lt\/produktas\/carmenere-6-x-5\/#primaryimage","url":"https:\/\/kronushome.com\/wp-content\/uploads\/2022\/04\/Cermenere.png","contentUrl":"https:\/\/kronushome.com\/wp-content\/uploads\/2022\/04\/Cermenere.png","width":1200,"height":848},{"@type":"BreadcrumbList","@id":"https:\/\/kronushome.com\/lt\/produktas\/carmenere-6-x-5\/#breadcrumb","itemListElement":[{"@type":"ListItem","position":1,"name":"Home","item":"https:\/\/kronushome.com\/lt\/"},{"@type":"ListItem","position":2,"name":"R\u0105stiniai nameliai","item":"https:\/\/kronushome.com\/rastiniai-nameliai\/"},{"@type":"ListItem","position":3,"name":"\u201eCarmenere\u201c, 6 x 5"}]},{"@type":"WebSite","@id":"https:\/\/kronushome.com\/lv\/#website","url":"https:\/\/kronushome.com\/lv\/","name":"Garden Houses","description":"Find your garden house and enjoy life in it","potentialAction":[{"@type":"SearchAction","target":{"@type":"EntryPoint","urlTemplate":"https:\/\/kronushome.com\/lv\/?s={search_term_string}"},"query-input":"required name=search_term_string"}],"inLanguage":"lt-LT"}]}},"_links":{"self":[{"href":"https:\/\/kronushome.com\/lt\/wp-json\/wp\/v2\/product\/2352"}],"collection":[{"href":"https:\/\/kronushome.com\/lt\/wp-json\/wp\/v2\/product"}],"about":[{"href":"https:\/\/kronushome.com\/lt\/wp-json\/wp\/v2\/types\/product"}],"replies":[{"embeddable":true,"href":"https:\/\/kronushome.com\/lt\/wp-json\/wp\/v2\/comments?post=2352"}],"wp:featuredmedia":[{"embeddable":true,"href":"https:\/\/kronushome.com\/lt\/wp-json\/wp\/v2\/media\/2364"}],"wp:attachment":[{"href":"https:\/\/kronushome.com\/lt\/wp-json\/wp\/v2\/media?parent=2352"}],"wp:term":[{"taxonomy":"product_cat","embeddable":true,"href":"https:\/\/kronushome.com\/lt\/wp-json\/wp\/v2\/product_cat?post=2352"},{"taxonomy":"product_tag","embeddable":true,"href":"https:\/\/kronushome.com\/lt\/wp-json\/wp\/v2\/product_tag?post=2352"}],"curies":[{"name":"wp","href":"https:\/\/api.w.org\/{rel}","templated":true}]}}