{"id":2262,"date":"2023-04-03T12:52:45","date_gmt":"2023-04-03T09:52:45","guid":{"rendered":"https:\/\/kronushome.com\/product\/irankiu-pastoge\/"},"modified":"2024-07-01T17:00:14","modified_gmt":"2024-07-01T14:00:14","slug":"irankiu-pastoge","status":"publish","type":"product","link":"https:\/\/kronushome.com\/lt\/produktas\/irankiu-pastoge\/","title":{"rendered":"\u012eranki\u0173 pastog\u0117"},"content":{"rendered":"<ul>\n<li>Pagaminta i\u0161 pramoniniu b\u016bdu pagamint\u0173 plok\u0161\u010di\u0173. Tod\u0117l galima paprastai ir labai greitai surinkti.<\/li>\n<li>Pla\u010dios, u\u017erakinamos durys su spyna.<\/li>\n<li>Galvanizuoti sujungimai ir metalin\u0117s detal\u0117s.<\/li>\n<li>Atsparios orui, pramoniniu b\u016bdu pagamintos stogo plok\u0161t\u0117s apsaugo nuo at\u0161iauraus oro.<\/li>\n<li>Metalin\u0117 karnizo lenta apsaugo medien\u0105 nuo dr\u0117gm\u0117s.<\/li>\n<li>6 kabliukai paprastam laikymui.<\/li>\n<li>Reguliuojamos lentynos.<\/li>\n<li>Tvari ir FSC\u00ae (FSC-153405) sertifikuota mediena.<\/li>\n<li>\u012etrauktos visos detal\u0117s.<\/li>\n<\/ul>\n<p>&nbsp;<\/p>\n<p><em>Tikrasis gaminys gali skirtis nuo gaminio paveiksl\u0117li\u0173. Prie\u0161 perkant pra\u0161ome per\u017ei\u016br\u0117ti gaminio apra\u0161\u0105 ir si\u016blomus priedus. Gamintojas turi teis\u0119 atlikti techninius gaminio pakeitimus.<\/em><\/p>\n","protected":false},"excerpt":{"rendered":"<p>Atraskite b\u016btin\u0105 pried\u0105 prie j\u016bs\u0173 sodo \u2013 m\u016bs\u0173 \u012franki\u0173 pastog\u0119! Jame telpa visi j\u016bs\u0173 sodininkyst\u0117s \u012frankiai ir priedai ir si\u016blo erdvi\u0105 sand\u0117liavimo viet\u0105. Pagaminta i\u0161 tvari\u0173, nat\u016brali\u0173 med\u017eiag\u0173, \u0161i pastog\u0117 yra i\u0161 tvirtos plok\u0161\u010di\u0173 konstrukcijos, kuri leid\u017eia b\u016bti greitai ir paprastai surenkama. Jos pla\u010dios dvigubos durys leid\u017eia patogiai sand\u0117liuoti dideli\u0173 gabarit\u0173 daiktus, o apsaugin\u0117 spyna papildomai apsaugo. Su orui atspariomis stogo plok\u0161t\u0117mis ir patvariu stogo veltiniu, ji efektyviai apsaugo j\u016bs\u0173 daiktus nuo lietaus ir sniego. Viduje rasite dvi lentynas ir \u0161e\u0161is kabliukus ant dur\u0173 ma\u017eesniems daiktams, papildomo lankstumo suteikia reguliuojamos laikymo galimyb\u0117s. Sukonstruotas i\u0161 l\u0117tai u\u017eaugintos masyvios medienos, m\u016bs\u0173 sand\u0117liukas-pastog\u0117 u\u017etikrina met\u0173 metus patikimo naudojimosi. Rekomenduojame apdoroti \u0161\u012f gamin\u012f su medienos konservantu prie\u0161 ar po j\u012f surenkant, kad pailgintum\u0117te jo gyvenim\u0105.<\/p>\n","protected":false},"featured_media":2283,"comment_status":"open","ping_status":"closed","template":"","meta":[],"product_cat":[583],"product_tag":[],"yoast_head":"<!-- This site is optimized with the Yoast SEO Premium plugin v23.0 (Yoast SEO v23.0) - https:\/\/yoast.com\/wordpress\/plugins\/seo\/ -->\n<title>Lauko sodininkyst\u0117s \u012franki\u0173 sand\u0117liukas-pastog\u0117 | KHOME<\/title>\n<meta name=\"description\" content=\"Erdvi medin\u0117 pastog\u0117 \u012frankiams sodininkystei ir kitiems daiktams laikyti. D\u0117l pla\u010di\u0173 dur\u0173 galima patogiai ir saugiai laikyti didesnius daiktus.\" \/>\n<meta name=\"robots\" content=\"index, follow, max-snippet:-1, max-image-preview:large, max-video-preview:-1\" \/>\n<link rel=\"canonical\" href=\"https:\/\/kronushome.com\/lt\/produktas\/irankiu-pastoge\/\" \/>\n<meta property=\"og:locale\" content=\"lt_LT\" \/>\n<meta property=\"og:type\" content=\"article\" \/>\n<meta property=\"og:title\" content=\"\u012eranki\u0173 pastog\u0117\" \/>\n<meta property=\"og:description\" content=\"Erdvi medin\u0117 pastog\u0117 \u012frankiams sodininkystei ir kitiems daiktams laikyti. D\u0117l pla\u010di\u0173 dur\u0173 galima patogiai ir saugiai laikyti didesnius daiktus.\" \/>\n<meta property=\"og:url\" content=\"https:\/\/kronushome.com\/lt\/produktas\/irankiu-pastoge\/\" \/>\n<meta property=\"og:site_name\" content=\"KronusHome.com\" \/>\n<meta property=\"article:modified_time\" content=\"2024-07-01T14:00:14+00:00\" \/>\n<meta property=\"og:image\" content=\"https:\/\/kronushome.com\/wp-content\/uploads\/2023\/03\/Tool-Shed-Natural-01.png\" \/>\n\t<meta property=\"og:image:width\" content=\"1200\" \/>\n\t<meta property=\"og:image:height\" content=\"848\" \/>\n\t<meta property=\"og:image:type\" content=\"image\/png\" \/>\n<meta name=\"twitter:card\" content=\"summary_large_image\" \/>\n<meta name=\"twitter:label1\" content=\"Est. reading time\" \/>\n\t<meta name=\"twitter:data1\" content=\"1 minut\u0117\" \/>\n<script type=\"application\/ld+json\" class=\"yoast-schema-graph\">{\"@context\":\"https:\/\/schema.org\",\"@graph\":[{\"@type\":\"WebPage\",\"@id\":\"https:\/\/kronushome.com\/lt\/produktas\/irankiu-pastoge\/\",\"url\":\"https:\/\/kronushome.com\/lt\/produktas\/irankiu-pastoge\/\",\"name\":\"Lauko sodininkyst\u0117s \u012franki\u0173 sand\u0117liukas-pastog\u0117 | KHOME\",\"isPartOf\":{\"@id\":\"https:\/\/kronushome.com\/lv\/#website\"},\"primaryImageOfPage\":{\"@id\":\"https:\/\/kronushome.com\/lt\/produktas\/irankiu-pastoge\/#primaryimage\"},\"image\":{\"@id\":\"https:\/\/kronushome.com\/lt\/produktas\/irankiu-pastoge\/#primaryimage\"},\"thumbnailUrl\":\"https:\/\/kronushome.com\/wp-content\/uploads\/2023\/03\/Tool-Shed-Natural-01.png\",\"datePublished\":\"2023-04-03T09:52:45+00:00\",\"dateModified\":\"2024-07-01T14:00:14+00:00\",\"description\":\"Erdvi medin\u0117 pastog\u0117 \u012frankiams sodininkystei ir kitiems daiktams laikyti. D\u0117l pla\u010di\u0173 dur\u0173 galima patogiai ir saugiai laikyti didesnius daiktus.\",\"breadcrumb\":{\"@id\":\"https:\/\/kronushome.com\/lt\/produktas\/irankiu-pastoge\/#breadcrumb\"},\"inLanguage\":\"lt-LT\",\"potentialAction\":[{\"@type\":\"ReadAction\",\"target\":[\"https:\/\/kronushome.com\/lt\/produktas\/irankiu-pastoge\/\"]}]},{\"@type\":\"ImageObject\",\"inLanguage\":\"lt-LT\",\"@id\":\"https:\/\/kronushome.com\/lt\/produktas\/irankiu-pastoge\/#primaryimage\",\"url\":\"https:\/\/kronushome.com\/wp-content\/uploads\/2023\/03\/Tool-Shed-Natural-01.png\",\"contentUrl\":\"https:\/\/kronushome.com\/wp-content\/uploads\/2023\/03\/Tool-Shed-Natural-01.png\",\"width\":1200,\"height\":848},{\"@type\":\"BreadcrumbList\",\"@id\":\"https:\/\/kronushome.com\/lt\/produktas\/irankiu-pastoge\/#breadcrumb\",\"itemListElement\":[{\"@type\":\"ListItem\",\"position\":1,\"name\":\"Home\",\"item\":\"https:\/\/kronushome.com\/lt\/\"},{\"@type\":\"ListItem\",\"position\":2,\"name\":\"R\u0105stiniai nameliai\",\"item\":\"https:\/\/kronushome.com\/rastiniai-nameliai\/\"},{\"@type\":\"ListItem\",\"position\":3,\"name\":\"\u012eranki\u0173 pastog\u0117\"}]},{\"@type\":\"WebSite\",\"@id\":\"https:\/\/kronushome.com\/lv\/#website\",\"url\":\"https:\/\/kronushome.com\/lv\/\",\"name\":\"Garden Houses\",\"description\":\"Find your garden house and enjoy life in it\",\"potentialAction\":[{\"@type\":\"SearchAction\",\"target\":{\"@type\":\"EntryPoint\",\"urlTemplate\":\"https:\/\/kronushome.com\/lv\/?s={search_term_string}\"},\"query-input\":\"required name=search_term_string\"}],\"inLanguage\":\"lt-LT\"}]}<\/script>\n<!-- \/ Yoast SEO Premium plugin. -->","yoast_head_json":{"title":"Lauko sodininkyst\u0117s \u012franki\u0173 sand\u0117liukas-pastog\u0117 | KHOME","description":"Erdvi medin\u0117 pastog\u0117 \u012frankiams sodininkystei ir kitiems daiktams laikyti. D\u0117l pla\u010di\u0173 dur\u0173 galima patogiai ir saugiai laikyti didesnius daiktus.","robots":{"index":"index","follow":"follow","max-snippet":"max-snippet:-1","max-image-preview":"max-image-preview:large","max-video-preview":"max-video-preview:-1"},"canonical":"https:\/\/kronushome.com\/lt\/produktas\/irankiu-pastoge\/","og_locale":"lt_LT","og_type":"article","og_title":"\u012eranki\u0173 pastog\u0117","og_description":"Erdvi medin\u0117 pastog\u0117 \u012frankiams sodininkystei ir kitiems daiktams laikyti. D\u0117l pla\u010di\u0173 dur\u0173 galima patogiai ir saugiai laikyti didesnius daiktus.","og_url":"https:\/\/kronushome.com\/lt\/produktas\/irankiu-pastoge\/","og_site_name":"KronusHome.com","article_modified_time":"2024-07-01T14:00:14+00:00","og_image":[{"width":1200,"height":848,"url":"https:\/\/kronushome.com\/wp-content\/uploads\/2023\/03\/Tool-Shed-Natural-01.png","type":"image\/png"}],"twitter_card":"summary_large_image","twitter_misc":{"Est. reading time":"1 minut\u0117"},"schema":{"@context":"https:\/\/schema.org","@graph":[{"@type":"WebPage","@id":"https:\/\/kronushome.com\/lt\/produktas\/irankiu-pastoge\/","url":"https:\/\/kronushome.com\/lt\/produktas\/irankiu-pastoge\/","name":"Lauko sodininkyst\u0117s \u012franki\u0173 sand\u0117liukas-pastog\u0117 | KHOME","isPartOf":{"@id":"https:\/\/kronushome.com\/lv\/#website"},"primaryImageOfPage":{"@id":"https:\/\/kronushome.com\/lt\/produktas\/irankiu-pastoge\/#primaryimage"},"image":{"@id":"https:\/\/kronushome.com\/lt\/produktas\/irankiu-pastoge\/#primaryimage"},"thumbnailUrl":"https:\/\/kronushome.com\/wp-content\/uploads\/2023\/03\/Tool-Shed-Natural-01.png","datePublished":"2023-04-03T09:52:45+00:00","dateModified":"2024-07-01T14:00:14+00:00","description":"Erdvi medin\u0117 pastog\u0117 \u012frankiams sodininkystei ir kitiems daiktams laikyti. D\u0117l pla\u010di\u0173 dur\u0173 galima patogiai ir saugiai laikyti didesnius daiktus.","breadcrumb":{"@id":"https:\/\/kronushome.com\/lt\/produktas\/irankiu-pastoge\/#breadcrumb"},"inLanguage":"lt-LT","potentialAction":[{"@type":"ReadAction","target":["https:\/\/kronushome.com\/lt\/produktas\/irankiu-pastoge\/"]}]},{"@type":"ImageObject","inLanguage":"lt-LT","@id":"https:\/\/kronushome.com\/lt\/produktas\/irankiu-pastoge\/#primaryimage","url":"https:\/\/kronushome.com\/wp-content\/uploads\/2023\/03\/Tool-Shed-Natural-01.png","contentUrl":"https:\/\/kronushome.com\/wp-content\/uploads\/2023\/03\/Tool-Shed-Natural-01.png","width":1200,"height":848},{"@type":"BreadcrumbList","@id":"https:\/\/kronushome.com\/lt\/produktas\/irankiu-pastoge\/#breadcrumb","itemListElement":[{"@type":"ListItem","position":1,"name":"Home","item":"https:\/\/kronushome.com\/lt\/"},{"@type":"ListItem","position":2,"name":"R\u0105stiniai nameliai","item":"https:\/\/kronushome.com\/rastiniai-nameliai\/"},{"@type":"ListItem","position":3,"name":"\u012eranki\u0173 pastog\u0117"}]},{"@type":"WebSite","@id":"https:\/\/kronushome.com\/lv\/#website","url":"https:\/\/kronushome.com\/lv\/","name":"Garden Houses","description":"Find your garden house and enjoy life in it","potentialAction":[{"@type":"SearchAction","target":{"@type":"EntryPoint","urlTemplate":"https:\/\/kronushome.com\/lv\/?s={search_term_string}"},"query-input":"required name=search_term_string"}],"inLanguage":"lt-LT"}]}},"_links":{"self":[{"href":"https:\/\/kronushome.com\/lt\/wp-json\/wp\/v2\/product\/2262"}],"collection":[{"href":"https:\/\/kronushome.com\/lt\/wp-json\/wp\/v2\/product"}],"about":[{"href":"https:\/\/kronushome.com\/lt\/wp-json\/wp\/v2\/types\/product"}],"replies":[{"embeddable":true,"href":"https:\/\/kronushome.com\/lt\/wp-json\/wp\/v2\/comments?post=2262"}],"wp:featuredmedia":[{"embeddable":true,"href":"https:\/\/kronushome.com\/lt\/wp-json\/wp\/v2\/media\/2283"}],"wp:attachment":[{"href":"https:\/\/kronushome.com\/lt\/wp-json\/wp\/v2\/media?parent=2262"}],"wp:term":[{"taxonomy":"product_cat","embeddable":true,"href":"https:\/\/kronushome.com\/lt\/wp-json\/wp\/v2\/product_cat?post=2262"},{"taxonomy":"product_tag","embeddable":true,"href":"https:\/\/kronushome.com\/lt\/wp-json\/wp\/v2\/product_tag?post=2262"}],"curies":[{"name":"wp","href":"https:\/\/api.w.org\/{rel}","templated":true}]}}