{"id":2205,"date":"2024-03-20T14:25:19","date_gmt":"2024-03-20T12:25:19","guid":{"rendered":"https:\/\/kronushome.com\/product\/strongbox-m\/"},"modified":"2024-07-01T15:36:24","modified_gmt":"2024-07-01T12:36:24","slug":"strongbox-m","status":"publish","type":"product","link":"https:\/\/kronushome.com\/lt\/produktas\/strongbox-m\/","title":{"rendered":"Strongbox M"},"content":{"rendered":"<ul>\n<li style=\"list-style-type: none;\">\n<ul>\n<li>Pla\u010dios, u\u017erakinamos durys su spyna.<\/li>\n<li>Sienos, stogai, grindys ir durys i\u0161 pramoniniu b\u016bdu pagamint\u0173 plok\u0161\u010di\u0173 leid\u017eia lengvai surinkti.<\/li>\n<li>Plok\u0161\u010di\u0173 specialus dizainas apsaugo nuo klaid\u0173 surinkimo metu.<\/li>\n<li>Galvanizuoti sujungimai ir metalin\u0117s detal\u0117s.<\/li>\n<li>Orui atsparus stogas apsaugo nuo at\u0161iauraus oro.<\/li>\n<li>\u012etrauktos visos detal\u0117s.<\/li>\n<li>Tvari ir FSC\u00ae (FSC-153405) sertifikuota mediena.<\/li>\n<\/ul>\n<\/li>\n<\/ul>\n<p>&nbsp;<\/p>\n<p><em>Tikrasis gaminys gali skirtis nuo gaminio paveiksl\u0117li\u0173. Prie\u0161 perkant pra\u0161ome per\u017ei\u016br\u0117ti gaminio apra\u0161\u0105 ir si\u016blomus priedus. Gamintojas turi teis\u0119 atlikti techninius gaminio pakeitimus.<\/em><\/p>\n<p>.<\/p>\n","protected":false},"excerpt":{"rendered":"<p>Atraskite M dyd\u017eio \u201eStrongbox\u201c \u2013 tai tobulas sodo sand\u0117liuko sprendimas, kuriame lengvai suderinamas saugumas ir estetika. \u012erengta su ventiliavimo dizainu, turin\u010diu strategines angas vir\u0161uje, \u0161i pastog\u0117 u\u017etikrina optimal\u0173 oro sraut\u0105 j\u016bs\u0173 daiktams. Pagaminta i\u0161 tvarios, FSC\u00ae (FSC-153405) sertifikuotos skandinavi\u0161kos medienos ES, \u201eStrongbox\u201c sodo pastog\u0117 i\u0161tveria at\u0161iaurias oro s\u0105lygas i\u0161laikydama savo \u017eaves\u012f su nat\u016bralios medienos apdaila. Jos dr\u0117gmei atsparus sud\u0117tinis pagrindas pailgina ilgaam\u017ei\u0161kum\u0105 ir apsaugo nuo \u017eem\u0117s dr\u0117gnumo. Tuo pa\u010diu metu pla\u010dios durys leid\u017eia lengvai prieiti prie dideli\u0173 gabarit\u0173 daikt\u0173. Su itin ilgaam\u017eiu plastikiniu stogu, gerai apsaugan\u010diu nuo oro s\u0105lyg\u0173, investuokite \u012f kokyb\u0119, estetik\u0105 ir tvarum\u0105 sodo pastoge \u201eStrongbox\u201c.<\/p>\n","protected":false},"featured_media":2217,"comment_status":"open","ping_status":"closed","template":"","meta":[],"product_cat":[583],"product_tag":[],"yoast_head":"<!-- This site is optimized with the Yoast SEO Premium plugin v23.0 (Yoast SEO v23.0) - https:\/\/yoast.com\/wordpress\/plugins\/seo\/ -->\n<title>Strongbox M \u2013 ilgaam\u017e\u0117 pastog\u0117 sodo \u012frangai | KHOME<\/title>\n<meta name=\"description\" content=\"Funkcionali vieta sodo \u012frankiams lauke laikyti. Greitas ir paprastas surinkimas. Ilgaam\u017e\u0117 konstrukcija, dr\u0117gmei atsparus pagrindas.\" \/>\n<meta name=\"robots\" content=\"index, follow, max-snippet:-1, max-image-preview:large, max-video-preview:-1\" \/>\n<link rel=\"canonical\" href=\"https:\/\/kronushome.com\/lt\/produktas\/strongbox-m\/\" \/>\n<meta property=\"og:locale\" content=\"lt_LT\" \/>\n<meta property=\"og:type\" content=\"article\" \/>\n<meta property=\"og:title\" content=\"Strongbox M\" \/>\n<meta property=\"og:description\" content=\"Funkcionali vieta sodo \u012frankiams lauke laikyti. Greitas ir paprastas surinkimas. Ilgaam\u017e\u0117 konstrukcija, dr\u0117gmei atsparus pagrindas.\" \/>\n<meta property=\"og:url\" content=\"https:\/\/kronushome.com\/lt\/produktas\/strongbox-m\/\" \/>\n<meta property=\"og:site_name\" content=\"KronusHome.com\" \/>\n<meta property=\"article:modified_time\" content=\"2024-07-01T12:36:24+00:00\" \/>\n<meta property=\"og:image\" content=\"https:\/\/kronushome.com\/wp-content\/uploads\/2024\/03\/StrongBox-M-Natural-0-00-00-00-1024x768.png\" \/>\n\t<meta property=\"og:image:width\" content=\"1024\" \/>\n\t<meta property=\"og:image:height\" content=\"768\" \/>\n\t<meta property=\"og:image:type\" content=\"image\/png\" \/>\n<meta name=\"twitter:card\" content=\"summary_large_image\" \/>\n<meta name=\"twitter:label1\" content=\"Est. reading time\" \/>\n\t<meta name=\"twitter:data1\" content=\"1 minut\u0117\" \/>\n<script type=\"application\/ld+json\" class=\"yoast-schema-graph\">{\"@context\":\"https:\/\/schema.org\",\"@graph\":[{\"@type\":\"WebPage\",\"@id\":\"https:\/\/kronushome.com\/lt\/produktas\/strongbox-m\/\",\"url\":\"https:\/\/kronushome.com\/lt\/produktas\/strongbox-m\/\",\"name\":\"Strongbox M \u2013 ilgaam\u017e\u0117 pastog\u0117 sodo \u012frangai | KHOME\",\"isPartOf\":{\"@id\":\"https:\/\/kronushome.com\/lv\/#website\"},\"primaryImageOfPage\":{\"@id\":\"https:\/\/kronushome.com\/lt\/produktas\/strongbox-m\/#primaryimage\"},\"image\":{\"@id\":\"https:\/\/kronushome.com\/lt\/produktas\/strongbox-m\/#primaryimage\"},\"thumbnailUrl\":\"https:\/\/kronushome.com\/wp-content\/uploads\/2024\/03\/StrongBox-M-Natural-0-00-00-00.png\",\"datePublished\":\"2024-03-20T12:25:19+00:00\",\"dateModified\":\"2024-07-01T12:36:24+00:00\",\"description\":\"Funkcionali vieta sodo \u012frankiams lauke laikyti. Greitas ir paprastas surinkimas. Ilgaam\u017e\u0117 konstrukcija, dr\u0117gmei atsparus pagrindas.\",\"breadcrumb\":{\"@id\":\"https:\/\/kronushome.com\/lt\/produktas\/strongbox-m\/#breadcrumb\"},\"inLanguage\":\"lt-LT\",\"potentialAction\":[{\"@type\":\"ReadAction\",\"target\":[\"https:\/\/kronushome.com\/lt\/produktas\/strongbox-m\/\"]}]},{\"@type\":\"ImageObject\",\"inLanguage\":\"lt-LT\",\"@id\":\"https:\/\/kronushome.com\/lt\/produktas\/strongbox-m\/#primaryimage\",\"url\":\"https:\/\/kronushome.com\/wp-content\/uploads\/2024\/03\/StrongBox-M-Natural-0-00-00-00.png\",\"contentUrl\":\"https:\/\/kronushome.com\/wp-content\/uploads\/2024\/03\/StrongBox-M-Natural-0-00-00-00.png\",\"width\":3000,\"height\":2250},{\"@type\":\"BreadcrumbList\",\"@id\":\"https:\/\/kronushome.com\/lt\/produktas\/strongbox-m\/#breadcrumb\",\"itemListElement\":[{\"@type\":\"ListItem\",\"position\":1,\"name\":\"Home\",\"item\":\"https:\/\/kronushome.com\/lt\/\"},{\"@type\":\"ListItem\",\"position\":2,\"name\":\"R\u0105stiniai nameliai\",\"item\":\"https:\/\/kronushome.com\/rastiniai-nameliai\/\"},{\"@type\":\"ListItem\",\"position\":3,\"name\":\"Strongbox M\"}]},{\"@type\":\"WebSite\",\"@id\":\"https:\/\/kronushome.com\/lv\/#website\",\"url\":\"https:\/\/kronushome.com\/lv\/\",\"name\":\"Garden Houses\",\"description\":\"Find your garden house and enjoy life in it\",\"potentialAction\":[{\"@type\":\"SearchAction\",\"target\":{\"@type\":\"EntryPoint\",\"urlTemplate\":\"https:\/\/kronushome.com\/lv\/?s={search_term_string}\"},\"query-input\":\"required name=search_term_string\"}],\"inLanguage\":\"lt-LT\"}]}<\/script>\n<!-- \/ Yoast SEO Premium plugin. -->","yoast_head_json":{"title":"Strongbox M \u2013 ilgaam\u017e\u0117 pastog\u0117 sodo \u012frangai | KHOME","description":"Funkcionali vieta sodo \u012frankiams lauke laikyti. Greitas ir paprastas surinkimas. Ilgaam\u017e\u0117 konstrukcija, dr\u0117gmei atsparus pagrindas.","robots":{"index":"index","follow":"follow","max-snippet":"max-snippet:-1","max-image-preview":"max-image-preview:large","max-video-preview":"max-video-preview:-1"},"canonical":"https:\/\/kronushome.com\/lt\/produktas\/strongbox-m\/","og_locale":"lt_LT","og_type":"article","og_title":"Strongbox M","og_description":"Funkcionali vieta sodo \u012frankiams lauke laikyti. Greitas ir paprastas surinkimas. Ilgaam\u017e\u0117 konstrukcija, dr\u0117gmei atsparus pagrindas.","og_url":"https:\/\/kronushome.com\/lt\/produktas\/strongbox-m\/","og_site_name":"KronusHome.com","article_modified_time":"2024-07-01T12:36:24+00:00","og_image":[{"width":1024,"height":768,"url":"https:\/\/kronushome.com\/wp-content\/uploads\/2024\/03\/StrongBox-M-Natural-0-00-00-00-1024x768.png","type":"image\/png"}],"twitter_card":"summary_large_image","twitter_misc":{"Est. reading time":"1 minut\u0117"},"schema":{"@context":"https:\/\/schema.org","@graph":[{"@type":"WebPage","@id":"https:\/\/kronushome.com\/lt\/produktas\/strongbox-m\/","url":"https:\/\/kronushome.com\/lt\/produktas\/strongbox-m\/","name":"Strongbox M \u2013 ilgaam\u017e\u0117 pastog\u0117 sodo \u012frangai | KHOME","isPartOf":{"@id":"https:\/\/kronushome.com\/lv\/#website"},"primaryImageOfPage":{"@id":"https:\/\/kronushome.com\/lt\/produktas\/strongbox-m\/#primaryimage"},"image":{"@id":"https:\/\/kronushome.com\/lt\/produktas\/strongbox-m\/#primaryimage"},"thumbnailUrl":"https:\/\/kronushome.com\/wp-content\/uploads\/2024\/03\/StrongBox-M-Natural-0-00-00-00.png","datePublished":"2024-03-20T12:25:19+00:00","dateModified":"2024-07-01T12:36:24+00:00","description":"Funkcionali vieta sodo \u012frankiams lauke laikyti. Greitas ir paprastas surinkimas. Ilgaam\u017e\u0117 konstrukcija, dr\u0117gmei atsparus pagrindas.","breadcrumb":{"@id":"https:\/\/kronushome.com\/lt\/produktas\/strongbox-m\/#breadcrumb"},"inLanguage":"lt-LT","potentialAction":[{"@type":"ReadAction","target":["https:\/\/kronushome.com\/lt\/produktas\/strongbox-m\/"]}]},{"@type":"ImageObject","inLanguage":"lt-LT","@id":"https:\/\/kronushome.com\/lt\/produktas\/strongbox-m\/#primaryimage","url":"https:\/\/kronushome.com\/wp-content\/uploads\/2024\/03\/StrongBox-M-Natural-0-00-00-00.png","contentUrl":"https:\/\/kronushome.com\/wp-content\/uploads\/2024\/03\/StrongBox-M-Natural-0-00-00-00.png","width":3000,"height":2250},{"@type":"BreadcrumbList","@id":"https:\/\/kronushome.com\/lt\/produktas\/strongbox-m\/#breadcrumb","itemListElement":[{"@type":"ListItem","position":1,"name":"Home","item":"https:\/\/kronushome.com\/lt\/"},{"@type":"ListItem","position":2,"name":"R\u0105stiniai nameliai","item":"https:\/\/kronushome.com\/rastiniai-nameliai\/"},{"@type":"ListItem","position":3,"name":"Strongbox M"}]},{"@type":"WebSite","@id":"https:\/\/kronushome.com\/lv\/#website","url":"https:\/\/kronushome.com\/lv\/","name":"Garden Houses","description":"Find your garden house and enjoy life in it","potentialAction":[{"@type":"SearchAction","target":{"@type":"EntryPoint","urlTemplate":"https:\/\/kronushome.com\/lv\/?s={search_term_string}"},"query-input":"required name=search_term_string"}],"inLanguage":"lt-LT"}]}},"_links":{"self":[{"href":"https:\/\/kronushome.com\/lt\/wp-json\/wp\/v2\/product\/2205"}],"collection":[{"href":"https:\/\/kronushome.com\/lt\/wp-json\/wp\/v2\/product"}],"about":[{"href":"https:\/\/kronushome.com\/lt\/wp-json\/wp\/v2\/types\/product"}],"replies":[{"embeddable":true,"href":"https:\/\/kronushome.com\/lt\/wp-json\/wp\/v2\/comments?post=2205"}],"wp:featuredmedia":[{"embeddable":true,"href":"https:\/\/kronushome.com\/lt\/wp-json\/wp\/v2\/media\/2217"}],"wp:attachment":[{"href":"https:\/\/kronushome.com\/lt\/wp-json\/wp\/v2\/media?parent=2205"}],"wp:term":[{"taxonomy":"product_cat","embeddable":true,"href":"https:\/\/kronushome.com\/lt\/wp-json\/wp\/v2\/product_cat?post=2205"},{"taxonomy":"product_tag","embeddable":true,"href":"https:\/\/kronushome.com\/lt\/wp-json\/wp\/v2\/product_tag?post=2205"}],"curies":[{"name":"wp","href":"https:\/\/api.w.org\/{rel}","templated":true}]}}