{"id":2651,"date":"2022-04-05T14:55:31","date_gmt":"2022-04-05T11:55:31","guid":{"rendered":"https:\/\/kronushome.com\/privatumo-politika\/"},"modified":"2024-06-03T13:41:24","modified_gmt":"2024-06-03T10:41:24","slug":"privatumo-politika","status":"publish","type":"page","link":"https:\/\/kronushome.com\/lt\/privatumo-politika\/","title":{"rendered":"Privatumo politika"},"content":{"rendered":"<div class=\"wpb-content-wrapper\"><p>[vc_row][vc_column width=&#8221;1\/12&#8243;][\/vc_column][vc_column width=&#8221;10\/12&#8243;][vc_column_text css=&#8221;&#8221; woodmart_inline=&#8221;no&#8221; text_larger=&#8221;no&#8221;]Privatumo politika informuoja ir prane\u0161a, kaip SIA \u201eKRONUS\u201c (toliau \u2013 \u201eKronus\u201c) tvarko asmens duomenis svetain\u0117je <a xmlns:xhtml=\"http:\/\/www.w3.org\/1999\/xhtml\" xhtml:href=\"https:\/\/www.kronushome.com\">https:\/\/www.kronushome.com<\/a> (toliau \u2013 Svetain\u0117), laikantis Bendrojo duomen\u0173 apsaugos reglamento 2016\/679 (toliau \u2013 BDAR) reikalavim\u0173.<\/p>\n<h3>Valdytojas:<\/h3>\n<p>&nbsp;<\/p>\n<p>SIA \u201eKRONUS\u201c (Reg. Nr. 40003479924, juridinis adresas Daugu\u013cu g. 19, Ulbroka, Ruopa\u017ei\u0173 apskritis, LV-2130).<br \/>\nKontaktin\u0117 informacija: el. pa\u0161to adresas: <a xmlns:xhtml=\"http:\/\/www.w3.org\/1999\/xhtml\" xhtml:href=\"mailto:info@kronus.eu\">info@kronus.eu<\/a>, telefonas: +371 67515952.<\/p>\n<h3>Asmens duomen\u0173 tvarkymo tikslai ir pagrindai.<\/h3>\n<p>Tikslas \u2013 tvarkyti asmens duomenis nurodo, kokio siekiama rezultato. Tvarkymo teisinis pagrindas \u2013 tai BDAR pripa\u017e\u012fstamas teisinis pagrindas, kuriuo remiantis gaunami, naudojami ar saugomi j\u016bs\u0173 asmens duomenys.<br \/>\n\u201eKronus\u201c renka ir naudoja asmens duomenis tokiems pagrindiniams procesams:<\/p>\n<p>1.1. \u201eKronus\u201c tvarko j\u016bs\u0173 vard\u0105, pavard\u0119, asmens kod\u0105 (jei taikoma), el. pa\u0161to adres\u0105, telefono numer\u012f, kliento darbuotojo ir (arba) atstovo pareigas, kad gal\u0117t\u0173 pasira\u0161yti sutartis, jas vykdyti ir (arba) susisiekti su jumis su sutar\u010di\u0173 vykdymu susijusiais klausimais. Tvarkymo teisinis pagrindas yra teisinis interesas sudaryti ir vykdyti sutartis su klientais ir u\u017emegzti naujus verslo santykius su galimais klientais (Straipsnis 6(1)(b) ir (f) BDAR).<\/p>\n<p>1.2. \u201eKronus\u201c tvarko j\u016bs\u0173 vard\u0105, pavard\u0119, asmens kod\u0105 (jei taikoma), el. pa\u0161to adres\u0105, telefono numer\u012f, darbuotojo ir (arba) verslo partnerio atstovo pareigas, kad gal\u0117t\u0173 pasira\u0161yti sutartis, jas vykdyti ir (arba) susisiekti su jumis su sutar\u010di\u0173 vykdymu susijusiais klausimais. Tvarkymo teisinis pagrindas yra teisinis interesas sudaryti ir vykdyti sutartis su verslo partneriais ir u\u017emegzti naujus verslo santykius su galimais verslo partneriais (Straipsnis 6(1)(b) ir (f) BDAR).<\/p>\n<p>1.3. U\u017epild\u017eius skilt\u012f \u201eSi\u0173sti u\u017eklaus\u0105\u201c, \u201eKronus\u201c apdoroja j\u016bs\u0173 vard\u0105, pavard\u0119, telefono numer\u012f, el. pa\u0161to adres\u0105 ir pristatymo adres\u0105, kad gal\u0117t\u0173 parengti ir i\u0161si\u0173sti pasi\u016blym\u0105 d\u0117l jus dominan\u010dio gaminio. Tvarkymo teisinis pagrindas yra ikisutartini\u0173 priemoni\u0173 ir sutarties (Straipsnis 6(1)(b) BDAR) i\u0161vados vykdymas.<\/p>\n<p>1.4. Naudodamasis skiltimis \u201eSusisiekite su mumis\u201c ar \u201eU\u017esisakyti konsultacij\u0105\u201c, \u201eKronus\u201c apdoroja j\u016bs\u0173 vard\u0105, pavard\u0119, el. pa\u0161to adres\u0105, telefono numer\u012f ir \u012fmon\u0117s pavadinim\u0105 (jei juridiniam asmeniui atstovauja darbuotojas), o pateiktas prane\u0161imas bus naudojamas klausimui i\u0161nagrin\u0117ti ir pagal sutikim\u0105 atsakyti \u012f j\u016bs\u0173 pra\u0161ym\u0105 suteikti informacijos apie m\u016bs\u0173 paslaug\u0173 pasi\u016blymus ir sutarties vykdym\u0105 (BDAR 6 straipsnio 1 dalies a punktas);<\/p>\n<p>1.5. i\u0161siun\u010diant \u201eKronus\u201c naujienlai\u0161kius, j\u016bs\u0173 el. pa\u0161to adresas bus tvarkomas remiantis j\u016bs\u0173 duotu sutikimu (Straipsnis 6(1)(a) BDAR);<\/p>\n<p>1.6. \u201eKronus\u201c gali tvarkyti j\u016bs\u0173 asmens duomenis, kad laikyt\u0173si BDAR, jeigu j\u016bs pateik\u0117te u\u017eklaus\u0105 apie duomen\u0173 tvarkym\u0105 arba jei nor\u0117tum\u0117te pasinaudoti savo, kaip duomen\u0173 subjekto, teis\u0117mis, besiremiant BDAR. Tvarkomi asmens duomenys: vardas, pavard\u0117, adresas, el. pa\u0161to adresas, elektroninio pateikimo atveju taip pat ir asmens kodas. Tvarkymo teisinis pagrindas: valdytojo teisinio \u012fsipareigojimo ir teisinio intereso vykdymas (Straipsnis 6(1)(c) ir (f) BDAR).<\/p>\n<p>1.7. Jeigu u\u017esiregistravote naujienlai\u0161kiui, j\u016bs\u0173 el. pa\u0161to adresas bus naudojamas jums i\u0161si\u0173sti \u201eKronus\u201c naujienlai\u0161kius ir kit\u0105 nauding\u0105 informacij\u0105 apie \u201eKronus\u201c. Tvarkymo teisinis pagrindas: sutikimas gauti naujienlai\u0161k\u012f el. pa\u0161tu (Straipsnis 6(1)(a) BDAR).<\/p>\n<p>1.8. Vaizdo steb\u0117jimas vykdomas \u201eKronus\u201c patalpose, kur j\u016bs\u0173 asmeninis atvaizdas (i\u0161vaizda, elgesys), vieta (patalpa, kameros vieta), asmeninio atvaizdo laikas (data, laikas, \u012fra\u0161o prad\u017eia ir pabaiga) tvarkomi siekiant kontroliuoti prieig\u0105, u\u017etikrinti infrastrukt\u016bros, darbuotoj\u0173 ir klient\u0173 saugum\u0105, \u012fskaitant \u201eKronus\u201c, jos darbuotojams ir klientams priklausan\u010di\u0173 daikt\u0173 vagys\u010di\u0173 prevencij\u0105, nustatym\u0105 ir tyrim\u0105, u\u017ekirsti keli\u0105 fizin\u0117ms gr\u0117sm\u0117ms \u201eKronus\u201c darbuotoj\u0173 ir klient\u0173 saugumui arba jas nustatyti. Vaizdo steb\u0117jimo tvarkymo teisinis pagrindas yra teisinis interesas (Straipsnis 6(1)(f) BDAR).<\/p>\n<p>1.9. Kandidatuojant \u012f darbo viet\u0105, \u201eKronus\u201c tvarko j\u016bs\u0173 duotus duomenis CV ir parai\u0161kos lai\u0161ke, tokius kaip j\u016bs\u0173 vardas, pavard\u0117, adresas, asmens kodas, lytis, kontaktin\u0117 informacija, nuotrauka ir kita jus identifikuojanti informacija, taip pat informacija i\u0161 asmen\u0173, kurie pateik\u0117 nuorodas apie jus, kai j\u016bs ai\u0161kiai dav\u0117te sutikim\u0105 susisiekti su \u0161iais asmenimis. \u201eKronus\u201c tvarko j\u016bs\u0173 duomenis \u012fdarbinimo proceso administravimo tikslais, pavyzd\u017eiui, kad atsakyt\u0173 \u012f j\u016bs\u0173 parai\u0161k\u0105 ir kad su jumis susisiekt\u0173 (kad pakviest\u0173 \u012f interviu). Jeigu dav\u0117te nuorod\u0105, \u201eKronus\u201c taip pat tvarkys nuorodos kontaktines detales, kad gal\u0117t\u0173 \u012fvertinti nuorodas atrankos proceso metu. \u201eKronus\u201c taip pat tvarko j\u016bs\u0173 duomenis, kad pamatyt\u0173 j\u016bs\u0173 kompetencij\u0105 ir tinkamum\u0105 darbo vietai. Interviu metu \u201eKronus\u201c gali j\u016bs\u0173 papra\u0161yti u\u017epildyti \u0161iek tiek test\u0173, kad patikrint\u0173 j\u016bs\u0173 tinkamum\u0105 laisvai darbo vietai. Teisinis pagrindas tvarkyti yra sutikimas (Straipsnis 6(1)(a) BDAR).<br \/>\nGavusi j\u016bs\u0173 parai\u0161k\u0105, \u201eKronus\u201c turi teis\u0117t\u0105 interes\u0105 tvarkyti j\u016bs\u0173 parai\u0161k\u0105 vertindama joje pateikt\u0105 informacij\u0105, organizuodama pokalbio proced\u016br\u0105, vesdama pokalbius ir teikdama \u012frodymus, pagrind\u017eian\u010dius teis\u0117t\u0105 atitinkamo proceso vykdym\u0105. Kilus gin\u010dui, atrankos proceso metu gauta informacija gali b\u016bti naudojama siekiant atspind\u0117ti proceso teisin\u012f veikim\u0105.<\/p>\n<p>Jei nuspr\u0119site pateikti parai\u0161k\u0105 d\u0117l skelbiamos laisvos darbo vietos socialin\u0117s \u017einiasklaidos paskyrose (\u201eFacebook\u201c, \u201eLinkedIn\u201c), \u201eKronus\u201c tvarkys j\u016bs\u0173 duomenis remdamasi j\u016bs\u0173 sutikimu. J\u016bs\u0173 socialini\u0173 tinkl\u0173 paskyrose esanti informacija bus per\u017ei\u016brima tik tuo atveju, jei tai b\u016btina atitinkamoms pareigoms u\u017eimti, ir tik tiek, kiek tai b\u016btina pareigoms, \u012f kurias kandidatavote, atlikti.<\/p>\n<p>Pra\u0161ome tur\u0117ti omeny, kad mes naudosime j\u016bs\u0173 parai\u0161kos duomenis tik atrankos procesui \u012f j\u016bs\u0173 pretenduojam\u0105 darbo viet\u0105. Jeigu \u201eKronus\u201c planuoja tvarkyti j\u016bs\u0173 asmens duomenis kitu tikslu nei tas, kuriuo jie buvo surinkti i\u0161 prad\u017ei\u0173, \u201eKronus\u201c, prie\u0161 prad\u0117dama tvarkyti duomenis, jus apie tai informuos ir, jei reikia, papra\u0161ys j\u016bs\u0173 sutikimo. Pavyzd\u017eiui, jeigu asmens duomenys tvarkomi kaip \u012fdarbinimo \u012f konkre\u010di\u0105 darbo viet\u0105 proceso dalis, jei \u201eKronus\u201c manys, kad j\u016bs tiktum\u0117te kitai darbo vietai \u012fmon\u0117je, \u201eKronus\u201c gali papra\u0161yti j\u016bs\u0173 sutikimo tvarkyti j\u016bs\u0173 asmens duomenis tai kitai darbo vietai ateityje.<\/p>\n<h3>2. Asmens duomen\u0173 gav\u0117j\u0173 kategorijos<\/h3>\n<p>&nbsp;<\/p>\n<p>2.1. \u201eKronus\u201c nesuteikia pri\u0117jimo prie duomen\u0173 baz\u0117s ne\u012fgaliotiems asmenims ir saugo j\u016bs\u0173 suteiktus asmens duomenis. Tam tikri asmens duomenys gali b\u016bti perduoti kitoms \u0161alims tik tam, kad:<\/p>\n<p>2.1.1. u\u017etikrint\u0173 svetain\u0117s ir paslaugos veikim\u0105 (pvz., svetain\u0117s prie\u017ei\u016bros ir serverio prieglobos paslaug\u0173 teik\u0117jams);<\/p>\n<p>2.1.2. duomen\u0173 tvarkytojai gal\u0117t\u0173 pri\u017ei\u016br\u0117ti \u201eKronus\u201c verslo duomenis kaip u\u017esakom\u0105 paslaug\u0105;<\/p>\n<p>2.2. \u201eKronus\u201c \u012fpareigotas perduoti duomenis valstyb\u0117s institucijoms joms papra\u0161ius teis\u0117s akt\u0173 numatytais atvejais.<\/p>\n<p>2.3. Tik \u012fgalioti asmenys gali tur\u0117ti prieig\u0105 prie AVSS \u012fra\u0161\u0173 siekiant tvarkyti asmens duomenis. Vaizdo steb\u0117jimo \u012fra\u0161ai neperduodami tre\u010diajai \u0161aliai be teisinio pagrindo; jie gali b\u016bti perduoti teis\u0117saugos institucijoms pagal \u012fstatymuose ir kituose teis\u0117s aktuose nustatyt\u0105 proced\u016br\u0105 ir perduoti apsaugos bendrovei, kuri tvarko asmens duomenis tik pagal Valdytojo instrukcijas ir negali j\u0173 naudoti kitiems tikslams. Apsaugos bendrov\u0117 pagal sutart\u012f ir teisi\u0161kai \u012fpareigota saugoti j\u016bs\u0173 asmens duomenis.<\/p>\n<p>2.4. J\u016bs\u0173 asmens duomenys nebus perduoti tre\u010diosioms \u0161alims arba tarptautin\u0117ms organizacijoms, nebent tai numatyta \u0161ali\u0173 sudarytoje sutartyje arba ai\u0161kiai sutarta.<\/p>\n<h3>3. Asmens duomen\u0173 laikymo laikotarpis<\/h3>\n<p>&nbsp;<\/p>\n<p>3.1. Asmens duomenys laikomi ir naudojami pagal ai\u0161kius tikslus ir asmens duomen\u0173 tvarkymo teisin\u012f pagrind\u0105, kol \u201eKronus\u201c laikosi bent vieno i\u0161 \u0161i\u0173 kriterij\u0173:<\/p>\n<p>3.1.1. teisinis \u012fsipareigojimas laikyti duomenis tam tikram laikotarpiui pagal \u012fstatymus ir kitus teis\u0117s aktus;<\/p>\n<p>3.1.2. tai reikalinga siekiant teisini\u0173 interes\u0173;<\/p>\n<p>3.1.3. tai reikalinga \u012fvykdyti prisiimtus sutartinius \u012fsipareigojimus, taip pat tam tikram laikotarpiui po sutarties vykdymo;<\/p>\n<p>3.1.4. duomen\u0173 subjekto sutikimas galioja atitinkamam asmens duomen\u0173 tvarkymui.<\/p>\n<p>3.2. AVSS \u012fra\u0161as bus laikomas 15 dien\u0173 nuo jo suk\u016brimo, nebent tais atvejais, kai buvo nustatyti neteis\u0117ti nusikaltimai ar buvo gauti teis\u0117saugos pra\u0161ymai, d\u0117l ko reik\u0117t\u0173 tam tikram laikotarpiui papildomai tvarkyti AVSS \u012fra\u0161us.<\/p>\n<p>3.3. J\u016bs\u0173, kaip kliento darbuotojo \/ atstovo ir kaip verslo partnerio darbuotojo \/ atstovo, asmens duomenys bus laikomi 10 (de\u0161imt) met\u0173 nuo sutarties galiojimo pabaigos. Jeigu sutartis suteikia garantijos laikotarp\u012f, kuris vir\u0161ija nurodyt\u0105 laikymo laikotarp\u012f, visi su sutartimi susij\u0119 asmens duomenys turi b\u016bti laikomi iki garantijos laikotarpio pabaigos. Jeigu sutartis reikalinga teisminiams procesams, kurie t\u0119siasi ilgiau nei nurodytas laikymo laikotarpis, visi su sutartimi susij\u0119 asmens duomenys turi b\u016bti laikomi, kol atsakingos institucijos galutinis sprendimas priimamas ar \u012fvykdomas. J\u016bs\u0173 asmens duomenys (kaip potencialaus kliento darbuotojo \/ atstovo) bus laikomi iki konkurso \/\u012fdarbinimo pabaigos.<\/p>\n<p>3.4. \u012edarbinimo metu duoti duomenys bus laikomi v\u0117liausiai iki konkurso laisvai darbo vietai pabaigos. Jeigu sutikote dalyvauti kitos darbo vietos atrinkimo procese ateityje, \u201eKronus\u201c laikys j\u016bs\u0173 asmens duomens daugiausia 1 (vienerius) metus nuo tada, kai buvo duotas \u0161is sutikimas.<\/p>\n<h3>4. J\u016bs\u0173 teis\u0117s, j\u0173 panaudojimas ir apribojimas tvarkant asmens duomenis<\/h3>\n<p>&nbsp;<\/p>\n<p>Prane\u0161ame jums apie teises, kurias \u201eKronus\u201c jums duoda kaip duomen\u0173 subjektui. Atkreipiame d\u0117mes\u012f, kad DBAR ar \u012fstatymas gali apriboti \u0161i\u0173 teisi\u0173 naudojim\u0105si ir kiekvienas pra\u0161ymas pasinaudoti teis\u0117mis vertinamas asmeni\u0161kai.<\/p>\n<p><strong>4.1. Teis\u0117 prieiti prie savo asmens duomen\u0173<\/strong><br \/>\n\u201eKronus\u201c duos jums patvirtinim\u0105, ar \u201eKronus\u201c tvarko duomenis apie jus, ir suteiks jums tvarkyt\u0173 duomen\u0173 santrauk\u0105 kaip papildom\u0105 informacij\u0105, besiremiant BDAR. \u201eKronus\u201c turi teis\u0119 neduoti asmens duomen\u0173 arba neatskleisti asmens duomen\u0173 gav\u0117j\u0173, jeigu asmens duomen\u0173 ar gav\u0117j\u0173 atskleidimas yra draud\u017eiamas \u012fstatymu.<\/p>\n<p><strong>4.2. Teis\u0117 reikalauti i\u0161taisyti arba papildyti netikslius asmens duomenis<\/strong><br \/>\n\u201eKronus\u201c kvie\u010dia jus nurodyti savo vardo, pavard\u0117s, pristatymo adreso, kontaktin\u0117s informacijos pakeitimus, kad u\u017etikrint\u0173 teising\u0105 asmens duomen\u0173 tvarkym\u0105.<\/p>\n<p>\u201eKronus\u201c apsvarstys pra\u0161ym\u0105 i\u0161taisyti neteisingus ar netikslinus duomenis ir, jeigu priims, asmens duomenys bus i\u0161taisyti jums tinkamai prane\u0161ant apie nutart\u0105 sprendim\u0105. Teis\u0117 \u012f asmens duomen\u0173 i\u0161taisym\u0105 negalioja dokumentams, kurie laikomi archyvuose ar kitais i\u0161skirtiniais atvejais.<\/p>\n<p><strong>4.3. Teis\u0117 reikalauti apriboti (sustabdyti) asmens duomen\u0173 tvarkym\u0105<\/strong><\/p>\n<p>\u201eKronus\u201c automati\u0161kai sustabdys j\u016bs\u0173 asmens duomen\u0173 tvarkym\u0105 (be kaupimo), jeigu:<br \/>\n\u2022 pateiksite pra\u0161ym\u0105 i\u0161taisyti netikslius asmens duomens;<br \/>\n\u2022 prie\u0161tarausite asmens duomen\u0173 tvarkymui.<\/p>\n<p>Tvarkymas vyksta ribotu laikotarpiu, per kur\u012f pra\u0161ymas i\u0161taisyti asmens duomenis ar pra\u0161ymas pareik\u0161ti prie\u0161taravim\u0105, nesvarbu, koks b\u016bt\u0173 atvejis, yra tvarkomas. Kitais atvejais galite papra\u0161yti \u201eKronus\u201c apriboti asmens duomen\u0173 tvarkym\u0105 nurodydami prie\u017east\u012f.<\/p>\n<p><strong>4.4. Teis\u0117 prie\u0161tarauti tvarkyti asmens duomenis<\/strong><\/p>\n<p>Turite teis\u0119 prie\u0161tarauti tvarkyti tam tikrus asmens duomenis, kai \u201eKronus\u201c sau arba pagal teisin\u012f interes\u0105 juos tvarko. \u201eKronus\u201c turi teis\u0119 visi\u0161kai arba i\u0161 dalies patenkinti pra\u0161ym\u0105, i\u0161nagrin\u0117j\u0119s pra\u0161ym\u0105. Jei \u201eKronus\u201c nuspr\u0119s, kad turi \u012ftikinam\u0105 teis\u0117t\u0105 interes\u0105 tvarkyti j\u016bs\u0173 asmens duomenis, pra\u0161ymas nebus \u012fvykdytas.<\/p>\n<p><strong>4.5. Teis\u0117 papra\u0161yti i\u0161trinti asmens duomenis<\/strong><\/p>\n<p>\u201eKronus\u201c apsvarstys, ar pagal BDAR yra pagrindo i\u0161trinti asmens duomenis, ir jums prane\u0161 apie savo sprendim\u0105. N\u0117ra teis\u0117s i\u0161trinti, jeigu duomenis reikia saugoti pagal \u012fstatym\u0105.<\/p>\n<p><strong>4.6. Teis\u0117 atsiimti sutikim\u0105<\/strong><\/p>\n<p>Jeigu asmens duomen\u0173 tvarkymas pagr\u012fstas sutikimu, j\u012f galima atsiimti. \u201eKronus\u201c nustos tvarkyti tuo tikslu, d\u0117l kurio buvo duotas sutikimas, i\u0161skyrus, kai asmens duomenys saugomi siekiant apsaugoti \u201eKronus\u201c teis\u0117tus interesus.<br \/>\nSutikimo atsi\u0117mimas gali netur\u0117ti \u012ftakos asmens duomen\u0173 tvarkymui, kuris b\u016btinas laikantis \u012fstatym\u0173 ir kit\u0173 teis\u0117s akt\u0173 reikalavim\u0173 ar kuris paremtas sutartimi, \u201eKronus\u201c teisiniais interesais ar kitomis prie\u017eastimis, i\u0161d\u0117stytomis \u012fstatymuose ir teis\u0117s aktuose, teis\u0117tai tvarkyti asmens duomenis.<\/p>\n<p>4.7. Pateikdami bet kokius pra\u0161ymus d\u0117l savo teisi\u0173, J\u016bs \u201eKronus\u201c pateikiate savo asmens duomenis. Tokiu atveju asmens duomen\u0173 tvarkymo tikslas yra priimti sprendim\u0105 ir duoti jums atsakym\u0105 \u012f t\u0105 pra\u0161ym\u0105. Asmens duomenys, kuriuos pateikiate pra\u0161yme pasinaudoti savo, kaip duomen\u0173 subjekto, teis\u0117mis, ir pats pra\u0161ymas bus saugomi penkerius metus nuo \u201eKronus\u201c atsakymo dienos, kad b\u016bt\u0173 i\u0161saugoti duomen\u0173 subjekto teisi\u0173 \u012fgyvendinimo \u012frodymai.<\/p>\n<p>4.8. J\u016bs galite pasinaudoti pirmiau i\u0161vardintomis duomen\u0173 subjekto teis\u0117mis i\u0161si\u0173sdamas pra\u0161ym\u0105 vienu i\u0161 \u0161i\u0173 b\u016bd\u0173:<\/p>\n<p>4.8.1. ranka u\u017era\u0161ytu ra\u0161ti\u0161ku pra\u0161ymu, skirtu \u201eKronus\u201c, Privatumo politikoje nurodytu adresu;<\/p>\n<p>4.8.2. pra\u0161ymu, pasira\u0161ytu saugiu elektroniniu para\u0161u, skirtu \u201eKronus\u201c ir i\u0161si\u0173stu \u0161iuo el. pa\u0161to adresu: info@kronus.eu. Tam, kad \u201eKronus\u201c gal\u0117t\u0173 i\u0161si\u0173sti i\u0161sam\u0173 atsakym\u0105 j\u016bs\u0173 el. pa\u0161to adresu, saugiu elektroniniu para\u0161u pasira\u0161ytame parei\u0161kime turi b\u016bti nurodytas j\u016bs\u0173 el. pa\u0161to adresas, kuriuo nor\u0117tum\u0117te gauti atsakym\u0105.<\/p>\n<p>Kiekvienas pra\u0161ymas pasinaudoti teise bus i\u0161nagrin\u0117tas kiek \u012fmanoma grei\u010diau, bet ne v\u0117liau nei per vien\u0105 m\u0117nes\u012f.<\/p>\n<p>4.9. Duomen\u0173 subjektas turi teis\u0119 pateikti skund\u0105 prie\u017ei\u016bros institucijai. Jeigu kilt\u0173 klausim\u0173 apie asmens duomen\u0173 tvarkym\u0105, tur\u0117tum\u0117te kreiptis \u012f \u201eKronus\u201c \u0161iuo el. pa\u0161to adresu: <a xmlns:xhtml=\"http:\/\/www.w3.org\/1999\/xhtml\" xhtml:href=\"mailto:info@kronus.eu\">info@kronus.eu<\/a>. Jeigu esate nepatenkinti atsakymu, turite teis\u0119 pateikti skund\u0105 Valstybinei duomen\u0173 inspekcijai adresu Elijas iela 17, Ryga, Latvija, LV-1050.<\/p>\n<h3>5. Privatumo policijos pakeitimai ir konsultacijos<\/h3>\n<p>&nbsp;<\/p>\n<p>Privatumo politika gali b\u016bti reguliariai atnaujinama ir gali kisti.<\/p>\n<p>Klausimai, komentarai ir parai\u0161kos d\u0117l \u0161ios Privatumo politikos siun\u010diami SIA \u201eKRONUS\u201c, reg. Nr. 40003479924, juridinis adresas Daugu\u013cu iela 19, Ulbroka, Ruopa\u017ei\u0173 savivaldyb\u0117, LV-2130 arba atsi\u0173sti el. pa\u0161to adresu: <a xmlns:xhtml=\"http:\/\/www.w3.org\/1999\/xhtml\" xhtml:href=\"mailto:info@kronus.eu\">info@kronus.eu<\/a>.<\/p>\n<p>Paskutin\u012f kart\u0105 Privatumo politika buvo keista 2023 m. vasario 10 d.<\/p>\n<p>&nbsp;<\/p>\n<p>&nbsp;<\/p>\n<p><a href=\"https:\/\/kronushome.com\/lt\/slapuku-deklaracija\/\">Slapuk\u0173 deklaracija \u2192<\/a>[\/vc_column_text][\/vc_column][vc_column width=&#8221;1\/12&#8243;][\/vc_column][\/vc_row]<\/p>\n<\/div>","protected":false},"excerpt":{"rendered":"<p>[vc_row][vc_column width=&#8221;1\/12&#8243;][\/vc_column][vc_column width=&#8221;10\/12&#8243;][vc_column_text css=&#8221;&#8221; woodmart_inline=&#8221;no&#8221; text_larger=&#8221;no&#8221;]Privatumo politika informuoja ir prane\u0161a, kaip SIA \u201eKRONUS\u201c (toliau \u2013 \u201eKronus\u201c) tvarko asmens duomenis svetain\u0117je<\/p>\n","protected":false},"author":38,"featured_media":0,"parent":0,"menu_order":0,"comment_status":"closed","ping_status":"closed","template":"","meta":{"footnotes":""},"yoast_head":"<!-- This site is optimized with the Yoast SEO Premium plugin v23.0 (Yoast SEO v23.0) - https:\/\/yoast.com\/wordpress\/plugins\/seo\/ -->\n<title>Privatumo politika - KronusHome.com<\/title>\n<meta name=\"robots\" content=\"index, follow, max-snippet:-1, max-image-preview:large, max-video-preview:-1\" \/>\n<link rel=\"canonical\" href=\"https:\/\/kronushome.com\/lt\/privatumo-politika\/\" \/>\n<meta property=\"og:locale\" content=\"lt_LT\" \/>\n<meta property=\"og:type\" content=\"article\" \/>\n<meta property=\"og:title\" content=\"Privatumo politika\" \/>\n<meta property=\"og:description\" content=\"[vc_row][vc_column width=&#8221;1\/12&#8243;][\/vc_column][vc_column width=&#8221;10\/12&#8243;][vc_column_text css=&#8221;&#8221; woodmart_inline=&#8221;no&#8221; text_larger=&#8221;no&#8221;]Privatumo politika informuoja ir prane\u0161a, kaip SIA \u201eKRONUS\u201c (toliau \u2013 \u201eKronus\u201c) tvarko asmens duomenis svetain\u0117je\" \/>\n<meta property=\"og:url\" content=\"https:\/\/kronushome.com\/lt\/privatumo-politika\/\" \/>\n<meta property=\"og:site_name\" content=\"KronusHome.com\" \/>\n<meta property=\"article:modified_time\" content=\"2024-06-03T10:41:24+00:00\" \/>\n<meta name=\"twitter:card\" content=\"summary_large_image\" \/>\n<meta name=\"twitter:label1\" content=\"Est. reading time\" \/>\n\t<meta name=\"twitter:data1\" content=\"10 minu\u010di\u0173\" \/>\n<script type=\"application\/ld+json\" class=\"yoast-schema-graph\">{\"@context\":\"https:\/\/schema.org\",\"@graph\":[{\"@type\":\"WebPage\",\"@id\":\"https:\/\/kronushome.com\/lt\/privatumo-politika\/\",\"url\":\"https:\/\/kronushome.com\/lt\/privatumo-politika\/\",\"name\":\"Privatumo politika - KronusHome.com\",\"isPartOf\":{\"@id\":\"https:\/\/kronushome.com\/lv\/#website\"},\"datePublished\":\"2022-04-05T11:55:31+00:00\",\"dateModified\":\"2024-06-03T10:41:24+00:00\",\"breadcrumb\":{\"@id\":\"https:\/\/kronushome.com\/lt\/privatumo-politika\/#breadcrumb\"},\"inLanguage\":\"lt-LT\",\"potentialAction\":[{\"@type\":\"ReadAction\",\"target\":[\"https:\/\/kronushome.com\/lt\/privatumo-politika\/\"]}]},{\"@type\":\"BreadcrumbList\",\"@id\":\"https:\/\/kronushome.com\/lt\/privatumo-politika\/#breadcrumb\",\"itemListElement\":[{\"@type\":\"ListItem\",\"position\":1,\"name\":\"Home\",\"item\":\"https:\/\/kronushome.com\/lt\/\"},{\"@type\":\"ListItem\",\"position\":2,\"name\":\"Privatumo politika\"}]},{\"@type\":\"WebSite\",\"@id\":\"https:\/\/kronushome.com\/lv\/#website\",\"url\":\"https:\/\/kronushome.com\/lv\/\",\"name\":\"Garden Houses\",\"description\":\"Find your garden house and enjoy life in it\",\"potentialAction\":[{\"@type\":\"SearchAction\",\"target\":{\"@type\":\"EntryPoint\",\"urlTemplate\":\"https:\/\/kronushome.com\/lv\/?s={search_term_string}\"},\"query-input\":\"required name=search_term_string\"}],\"inLanguage\":\"lt-LT\"}]}<\/script>\n<!-- \/ Yoast SEO Premium plugin. -->","yoast_head_json":{"title":"Privatumo politika - KronusHome.com","robots":{"index":"index","follow":"follow","max-snippet":"max-snippet:-1","max-image-preview":"max-image-preview:large","max-video-preview":"max-video-preview:-1"},"canonical":"https:\/\/kronushome.com\/lt\/privatumo-politika\/","og_locale":"lt_LT","og_type":"article","og_title":"Privatumo politika","og_description":"[vc_row][vc_column width=&#8221;1\/12&#8243;][\/vc_column][vc_column width=&#8221;10\/12&#8243;][vc_column_text css=&#8221;&#8221; woodmart_inline=&#8221;no&#8221; text_larger=&#8221;no&#8221;]Privatumo politika informuoja ir prane\u0161a, kaip SIA \u201eKRONUS\u201c (toliau \u2013 \u201eKronus\u201c) tvarko asmens duomenis svetain\u0117je","og_url":"https:\/\/kronushome.com\/lt\/privatumo-politika\/","og_site_name":"KronusHome.com","article_modified_time":"2024-06-03T10:41:24+00:00","twitter_card":"summary_large_image","twitter_misc":{"Est. reading time":"10 minu\u010di\u0173"},"schema":{"@context":"https:\/\/schema.org","@graph":[{"@type":"WebPage","@id":"https:\/\/kronushome.com\/lt\/privatumo-politika\/","url":"https:\/\/kronushome.com\/lt\/privatumo-politika\/","name":"Privatumo politika - KronusHome.com","isPartOf":{"@id":"https:\/\/kronushome.com\/lv\/#website"},"datePublished":"2022-04-05T11:55:31+00:00","dateModified":"2024-06-03T10:41:24+00:00","breadcrumb":{"@id":"https:\/\/kronushome.com\/lt\/privatumo-politika\/#breadcrumb"},"inLanguage":"lt-LT","potentialAction":[{"@type":"ReadAction","target":["https:\/\/kronushome.com\/lt\/privatumo-politika\/"]}]},{"@type":"BreadcrumbList","@id":"https:\/\/kronushome.com\/lt\/privatumo-politika\/#breadcrumb","itemListElement":[{"@type":"ListItem","position":1,"name":"Home","item":"https:\/\/kronushome.com\/lt\/"},{"@type":"ListItem","position":2,"name":"Privatumo politika"}]},{"@type":"WebSite","@id":"https:\/\/kronushome.com\/lv\/#website","url":"https:\/\/kronushome.com\/lv\/","name":"Garden Houses","description":"Find your garden house and enjoy life in it","potentialAction":[{"@type":"SearchAction","target":{"@type":"EntryPoint","urlTemplate":"https:\/\/kronushome.com\/lv\/?s={search_term_string}"},"query-input":"required name=search_term_string"}],"inLanguage":"lt-LT"}]}},"_links":{"self":[{"href":"https:\/\/kronushome.com\/lt\/wp-json\/wp\/v2\/pages\/2651"}],"collection":[{"href":"https:\/\/kronushome.com\/lt\/wp-json\/wp\/v2\/pages"}],"about":[{"href":"https:\/\/kronushome.com\/lt\/wp-json\/wp\/v2\/types\/page"}],"author":[{"embeddable":true,"href":"https:\/\/kronushome.com\/lt\/wp-json\/wp\/v2\/users\/38"}],"replies":[{"embeddable":true,"href":"https:\/\/kronushome.com\/lt\/wp-json\/wp\/v2\/comments?post=2651"}],"version-history":[{"count":6,"href":"https:\/\/kronushome.com\/lt\/wp-json\/wp\/v2\/pages\/2651\/revisions"}],"predecessor-version":[{"id":2695,"href":"https:\/\/kronushome.com\/lt\/wp-json\/wp\/v2\/pages\/2651\/revisions\/2695"}],"wp:attachment":[{"href":"https:\/\/kronushome.com\/lt\/wp-json\/wp\/v2\/media?parent=2651"}],"curies":[{"name":"wp","href":"https:\/\/api.w.org\/{rel}","templated":true}]}}