{"id":2592,"date":"2022-04-11T00:40:04","date_gmt":"2022-04-10T21:40:04","guid":{"rendered":"https:\/\/kronushome.com\/duk\/"},"modified":"2024-06-11T13:37:49","modified_gmt":"2024-06-11T10:37:49","slug":"duk","status":"publish","type":"page","link":"https:\/\/kronushome.com\/lt\/duk\/","title":{"rendered":"DUK"},"content":{"rendered":"<div class=\"wpb-content-wrapper\"><p>[vc_row][vc_column]\n\t\t<div id=\"wd-6253500169d17\" class=\"title-wrapper wd-wpb set-mb-s reset-last-child  wd-rs-6253500169d17 wd-title-color-default wd-title-style-default text-center  wd-title-empty wd-underline-colored\">\n\t\t\t\n\t\t\t<div class=\"liner-continer\">\n\t\t\t\t<h4 class=\"woodmart-title-container title  wd-font-weight- wd-fontsize-l\" ><\/h4>\n\t\t\t\t\t\t\t<\/div>\n\t\t\t\n\t\t\t\n\t\t\t\n\t\t<\/div>\n\t\t\n\t\t[\/vc_column][\/vc_row][vc_row][vc_column width=&#8221;1\/12&#8243;][\/vc_column][vc_column width=&#8221;10\/12&#8243;]\n\t\t<div id=\"wd-62534fd65f525\" class=\"wd-accordion wd-wpb wd-rs-62534fd65f525  wd-style-default\" data-state=\"all_closed\">\n\t\t\t\t\t\t\t\n\t\t\t\t\n\t\t\t\t<div class=\"wd-accordion-item\">\n\t\t\t\t\t<div class=\"wd-accordion-title font-primary wd-fontsize-m text-left wd-opener-pos-right wd-font-weight-400\" data-accordion-index=\"0\">\n\t\t\t\t\t\t<div class=\"wd-accordion-title-text\">\n\t\t\t\t\t\t\t\t\t\t\t\t\t\t<span>\n\t\t\t\t\t\t\t\tKokia med\u017eiaga naudojama \u0161ioms konstrukcijoms pastatyti?\t\t\t\t\t\t\t<\/span>\n\t\t\t\t\t\t<\/div>\n\t\t\t\t\t\t<span class=\"wd-accordion-opener wd-opener-style-plus\"><\/span>\n\t\t\t\t\t<\/div>\n\n\t\t\t\t\t<div class=\"wd-accordion-content reset-last-child\" data-accordion-index=\"0\">\n\t\t\t\t\t\t\t\t\t\t\t\t\t<p>Visi \u201eKRONUS Home\u201c asortimento namai ir pastog\u0117s pagaminti i\u0161 FSC\u00ae (FSC-153405) sertifikuotos \u0161iaur\u0117s medienos. \u0160i auk\u0161tos kokyb\u0117s konstrukcijos med\u017eiaga yra labai patvari, ilgaam\u017e\u0117 ir ekologi\u0161ka.<\/p>\n\t\t\t\t\t\t\t\t\t\t\t<\/div>\n\t\t\t\t<\/div>\n\t\t\t\t\t\t\t\n\t\t\t\t\n\t\t\t\t<div class=\"wd-accordion-item\">\n\t\t\t\t\t<div class=\"wd-accordion-title font-primary wd-fontsize-m text-left wd-opener-pos-right wd-font-weight-400\" data-accordion-index=\"1\">\n\t\t\t\t\t\t<div class=\"wd-accordion-title-text\">\n\t\t\t\t\t\t\t\t\t\t\t\t\t\t<span>\n\t\t\t\t\t\t\t\tKas \u012feina \u012f namo rinkin\u012f?\t\t\t\t\t\t\t<\/span>\n\t\t\t\t\t\t<\/div>\n\t\t\t\t\t\t<span class=\"wd-accordion-opener wd-opener-style-plus\"><\/span>\n\t\t\t\t\t<\/div>\n\n\t\t\t\t\t<div class=\"wd-accordion-content reset-last-child\" data-accordion-index=\"1\">\n\t\t\t\t\t\t\t\t\t\t\t\t\t<p><span data-sheets-root=\"1\" data-sheets-value=\"{\" data-sheets-userformat=\"{\">\u2022 Masyvios medienos frezuoti r\u0105stai su dvigubu ar viengubu grioveliu, atsi\u017evelgiant \u012f namo dyd\u012f<br \/>\n\u2022 20 mm stogo lentos su \u012flaidu ir i\u0161dro\u017ea<br \/>\n\u2022 Impregnuotos pamat\u0173 sijos didesniam ilgaam\u017ei\u0161kumui<br \/>\n\u2022 Durys ir langai<br \/>\n\u2022 Var\u017etai, sraigtai ir reikalingi priedai<br \/>\n\u2022 Lengvai suprantamas montavimo vadovas<\/span><\/p>\n<p>Ne\u012feina:<br \/>\n<span data-sheets-root=\"1\" data-sheets-value=\"{\" data-sheets-userformat=\"{\">\u2022 Pristatymas<br \/>\n\u2022 Surinkimas<br \/>\n\u2022 Stogo dengimas<br \/>\n\u2022 Pamat\u0173 d\u0117jimas<br \/>\n\u2022 Da\u017eymas<br \/>\n<\/span><\/p>\n\t\t\t\t\t\t\t\t\t\t\t<\/div>\n\t\t\t\t<\/div>\n\t\t\t\t\t\t\t\n\t\t\t\t\n\t\t\t\t<div class=\"wd-accordion-item\">\n\t\t\t\t\t<div class=\"wd-accordion-title font-primary wd-fontsize-m text-left wd-opener-pos-right wd-font-weight-400\" data-accordion-index=\"2\">\n\t\t\t\t\t\t<div class=\"wd-accordion-title-text\">\n\t\t\t\t\t\t\t\t\t\t\t\t\t\t<span>\n\t\t\t\t\t\t\t\tKas \u012feina \u012f pastog\u0117s rinkin\u012f?\t\t\t\t\t\t\t<\/span>\n\t\t\t\t\t\t<\/div>\n\t\t\t\t\t\t<span class=\"wd-accordion-opener wd-opener-style-plus\"><\/span>\n\t\t\t\t\t<\/div>\n\n\t\t\t\t\t<div class=\"wd-accordion-content reset-last-child\" data-accordion-index=\"2\">\n\t\t\t\t\t\t\t\t\t\t\t\t\t<p><span data-sheets-root=\"1\" data-sheets-value=\"{\" data-sheets-userformat=\"{\">\u2022 Sien\u0173 plok\u0161t\u0117s, pagamintos i\u0161 medini\u0173 r\u0117m\u0173 ir T&amp;G dailylen\u010di\u0173<br \/>\n\u2022 Grind\u0173 ir stogo plok\u0161t\u0117s, pagamintos i\u0161 medini\u0173 r\u0117m\u0173 ir T&amp;G dailylen\u010di\u0173<br \/>\n\u2022 Durys<br \/>\n\u2022 Stogo danga<br \/>\n\u2022 Var\u017etai, sraigtai, vyriai ir reikalingi priedai<br \/>\n\u2022 Lengvai suprantamas montavimo vadovas<\/span><\/p>\n\t\t\t\t\t\t\t\t\t\t\t<\/div>\n\t\t\t\t<\/div>\n\t\t\t\t\t\t\t\n\t\t\t\t\n\t\t\t\t<div class=\"wd-accordion-item\">\n\t\t\t\t\t<div class=\"wd-accordion-title font-primary wd-fontsize-m text-left wd-opener-pos-right wd-font-weight-400\" data-accordion-index=\"3\">\n\t\t\t\t\t\t<div class=\"wd-accordion-title-text\">\n\t\t\t\t\t\t\t\t\t\t\t\t\t\t<span>\n\t\t\t\t\t\t\t\tSienos ir stogas\t\t\t\t\t\t\t<\/span>\n\t\t\t\t\t\t<\/div>\n\t\t\t\t\t\t<span class=\"wd-accordion-opener wd-opener-style-plus\"><\/span>\n\t\t\t\t\t<\/div>\n\n\t\t\t\t\t<div class=\"wd-accordion-content reset-last-child\" data-accordion-index=\"3\">\n\t\t\t\t\t\t\t\t\t\t\t\t\t<p><span data-sheets-root=\"1\" data-sheets-value=\"{\" data-sheets-userformat=\"{\">Sienos pagamintos su viengubu ar dvigubu \u012flaidu ir i\u0161dro\u017ea, sujungianti lentas. Grind\u0173 ir stogo lentos pagamintos i\u0161 auk\u0161\u010diausios r\u016b\u0161ies obliuotos medienos ir sujungtos su vienu fiksatoriumi.<\/span><\/p>\n\t\t\t\t\t\t\t\t\t\t\t<\/div>\n\t\t\t\t<\/div>\n\t\t\t\t\t\t\t\n\t\t\t\t\n\t\t\t\t<div class=\"wd-accordion-item\">\n\t\t\t\t\t<div class=\"wd-accordion-title font-primary wd-fontsize-m text-left wd-opener-pos-right wd-font-weight-400\" data-accordion-index=\"4\">\n\t\t\t\t\t\t<div class=\"wd-accordion-title-text\">\n\t\t\t\t\t\t\t\t\t\t\t\t\t\t<span>\n\t\t\t\t\t\t\t\tLangai namams\t\t\t\t\t\t\t<\/span>\n\t\t\t\t\t\t<\/div>\n\t\t\t\t\t\t<span class=\"wd-accordion-opener wd-opener-style-plus\"><\/span>\n\t\t\t\t\t<\/div>\n\n\t\t\t\t\t<div class=\"wd-accordion-content reset-last-child\" data-accordion-index=\"4\">\n\t\t\t\t\t\t\t\t\t\t\t\t\t<p>Visuose namuose yra dvigubi langai su mediniais r\u0117mais, taip pat \u012f\u0117jimo durys.<\/p>\n\t\t\t\t\t\t\t\t\t\t\t<\/div>\n\t\t\t\t<\/div>\n\t\t\t\t\t\t\t\n\t\t\t\t\n\t\t\t\t<div class=\"wd-accordion-item\">\n\t\t\t\t\t<div class=\"wd-accordion-title font-primary wd-fontsize-m text-left wd-opener-pos-right wd-font-weight-400\" data-accordion-index=\"5\">\n\t\t\t\t\t\t<div class=\"wd-accordion-title-text\">\n\t\t\t\t\t\t\t\t\t\t\t\t\t\t<span>\n\t\t\t\t\t\t\t\tLent\u0173 apdorojimas ir pri\u017ei\u016br\u0117jimas\t\t\t\t\t\t\t<\/span>\n\t\t\t\t\t\t<\/div>\n\t\t\t\t\t\t<span class=\"wd-accordion-opener wd-opener-style-plus\"><\/span>\n\t\t\t\t\t<\/div>\n\n\t\t\t\t\t<div class=\"wd-accordion-content reset-last-child\" data-accordion-index=\"5\">\n\t\t\t\t\t\t\t\t\t\t\t\t\t<p>Mediena \u2013 nat\u016brali med\u017eiaga, kuri auga ir prisitaiko prie oro s\u0105lyg\u0173. Dideli ir ma\u017ei \u012ftr\u016bkiai, atspalvi\u0173 skirtumai ir pasikeitimai ir kintanti medienos strukt\u016bra yra nat\u016bralu. Sienos ir stogas n\u0117ra da\u017eyti ar padengti konservantu; tik pagrindas turi tiesiogin\u012f s\u0105lyt\u012f su \u017eeme.<\/p>\n<p>Neapdorota mediena gali tapti pilk\u0161va ilgai palikus nepri\u017ei\u016br\u0117t\u0105 ir gali tapti m\u0117lyna, apeiti pel\u0117siu. Privaloma apdoroti medienos konservantu i\u0161kart po surinkimo, kad apsaugotum\u0117te medien\u0105.<\/p>\n<p>Rekomenduojame paruo\u0161ti grind\u0173 lentas medienos impregnavimo priemon\u0117mis i\u0161 anksto, ypa\u010d lent\u0173 apa\u010dias, kad apsaugotum\u0117te nuo dr\u0117gm\u0117s.<\/p>\n<p>Labiausiai rekomenduojame impregnuoti duris ir langus i\u0161 abiej\u0173 pusi\u0173. Privaloma padengti medien\u0105 da\u017eais ar beicu, kad j\u0105 apsaugotum\u0117te nuo dr\u0117gm\u0117s ir UV radiacijos.<\/p>\n<p>Rekomenduojame ap\u017ei\u016br\u0117ti savo nam\u0105 kas \u0161e\u0161is m\u0117nesius.<\/p>\n\t\t\t\t\t\t\t\t\t\t\t<\/div>\n\t\t\t\t<\/div>\n\t\t\t\t\t\t\t\n\t\t\t\t\n\t\t\t\t<div class=\"wd-accordion-item\">\n\t\t\t\t\t<div class=\"wd-accordion-title font-primary wd-fontsize-m text-left wd-opener-pos-right wd-font-weight-400\" data-accordion-index=\"6\">\n\t\t\t\t\t\t<div class=\"wd-accordion-title-text\">\n\t\t\t\t\t\t\t\t\t\t\t\t\t\t<span>\n\t\t\t\t\t\t\t\tPapildomos paslaugos namams\t\t\t\t\t\t\t<\/span>\n\t\t\t\t\t\t<\/div>\n\t\t\t\t\t\t<span class=\"wd-accordion-opener wd-opener-style-plus\"><\/span>\n\t\t\t\t\t<\/div>\n\n\t\t\t\t\t<div class=\"wd-accordion-content reset-last-child\" data-accordion-index=\"6\">\n\t\t\t\t\t\t\t\t\t\t\t\t\t<p>STOGO DANGOS RINKINYS<br \/>\n\u012eprastai m\u016bs\u0173 r\u0105stinis namelis tiekiamas be jokios stogo dangos. Tokiam stogo tipui mes visada rekomenduojame naudoti stogo paklot\u0105 ir malksnas. Mes si\u016blome \u012fvairi\u0173 spalv\u0173 rinkinius: tamsiai pilkos, tamsiai raudonos, tamsiai \u017ealios ir rudos.<\/p>\n<p>PAMAT\u0172 RINKINYS<br \/>\nPra\u0161ome per\u017ei\u016br\u0117ti montavimo metodus ir nam\u0173 pamat\u0173 konstravim\u0105, kad gautum\u0117te daugiau informacijos<\/p>\n<p>PRIE\u017dI\u016aRA<br \/>\nVisi m\u016bs\u0173 gaminiai privalo b\u016bti apdoroti medienos konservantu i\u0161kart po surinkimo, kad apsaugotum\u0117te medien\u0105.<\/p>\n\t\t\t\t\t\t\t\t\t\t\t<\/div>\n\t\t\t\t<\/div>\n\t\t\t\t\t\t\t\n\t\t\t\t\n\t\t\t\t<div class=\"wd-accordion-item\">\n\t\t\t\t\t<div class=\"wd-accordion-title font-primary wd-fontsize-m text-left wd-opener-pos-right wd-font-weight-400\" data-accordion-index=\"7\">\n\t\t\t\t\t\t<div class=\"wd-accordion-title-text\">\n\t\t\t\t\t\t\t\t\t\t\t\t\t\t<span>\n\t\t\t\t\t\t\t\tMontavimo metodai ir nam\u0173 pamat\u0173 konstravimas\t\t\t\t\t\t\t<\/span>\n\t\t\t\t\t\t<\/div>\n\t\t\t\t\t\t<span class=\"wd-accordion-opener wd-opener-style-plus\"><\/span>\n\t\t\t\t\t<\/div>\n\n\t\t\t\t\t<div class=\"wd-accordion-content reset-last-child\" data-accordion-index=\"7\">\n\t\t\t\t\t\t\t\t\t\t\t\t\t<p>Yra trys pagrindiniai b\u016bdai surinkti i\u0161ardyt\u0105 konstrukcij\u0105: sraigtiniai poliai, betonini\u0173 blokeli\u0173 pamatai ar i\u0161pilto betono pamatai. \u201eKRONUS Home\u201c rekomenduoja j\u016bs\u0173 pasirinkt\u0105 gamin\u012f statyti ant \u012fgr\u0119\u017et\u0173 sraigtini\u0173 poli\u0173. Rekomenduojame naudoti \u012fgr\u0119\u017etus sraigtinius polius, nes jie ne tokie brang\u016bs ir juos lengviau montuoti nei betoninius pamatus ar blokelius. \u012egr\u0119\u017eti sraigtiniai poliai, kurie lengvai gali b\u016bti \u012fmontuoti beveik visuose \u017eem\u0117s tipuose, taip pat gali pad\u0117ti i\u0161spr\u0119sti pavir\u0161iaus nelygumo problem\u0105.<\/p>\n<p>SRAIGTINI\u0172 POLI\u0172 PRIVALUMAI:<br \/>\n\u2022 Ma\u017ea kaina: \u0161is montavimo b\u016bdas yra 30\u201370 % pigesnis nei statant pamatus.<br \/>\n\u2022 Draugi\u0161ka aplinkai: \u017eem\u0117 po namu i\u0161lieka beveik nepaliesta ir sugeria dr\u0117gm\u0119.<br \/>\n\u2022 Joki\u0173 brangi\u0173 ir ilg\u0173 pamat\u0173 duob\u0117s kasin\u0117jim\u0173.<br \/>\n\u2022 Greitas ir paprastas montavimas: daugiau grei\u010diau nei statyti betono pamatus ar sud\u0117ti betoninius blokelius.<br \/>\n\u2022 Montavimo galimyb\u0117s: poliai gali b\u016bti i\u0161imti, kad i\u0161ardytum\u0117te nam\u0105 ir perkeltum\u0117te \u012f kit\u0105 viet\u0105.<br \/>\n\u2022 Montavimas gali b\u016bti atliekamas bet kuriuo met\u0173 laiku ir bet kuriomis oro s\u0105lygomis.<\/p>\n<p>\u201eKRONUS Home\u201c si\u016blo montavimo paslaugas naudojant sraigtini\u0173 poli\u0173 technologij\u0105.<\/p>\n\t\t\t\t\t\t\t\t\t\t\t<\/div>\n\t\t\t\t<\/div>\n\t\t\t\t\t\t\t\n\t\t\t\t\n\t\t\t\t<div class=\"wd-accordion-item\">\n\t\t\t\t\t<div class=\"wd-accordion-title font-primary wd-fontsize-m text-left wd-opener-pos-right wd-font-weight-400\" data-accordion-index=\"8\">\n\t\t\t\t\t\t<div class=\"wd-accordion-title-text\">\n\t\t\t\t\t\t\t\t\t\t\t\t\t\t<span>\n\t\t\t\t\t\t\t\tBuitin\u0117s paslaugos\t\t\t\t\t\t\t<\/span>\n\t\t\t\t\t\t<\/div>\n\t\t\t\t\t\t<span class=\"wd-accordion-opener wd-opener-style-plus\"><\/span>\n\t\t\t\t\t<\/div>\n\n\t\t\t\t\t<div class=\"wd-accordion-content reset-last-child\" data-accordion-index=\"8\">\n\t\t\t\t\t\t\t\t\t\t\t\t\t<p>Buitini\u0173 tinkl\u0173 jungtys gali b\u016bti sudaromos prie\u0161 ar po konstrukcijos montavimo.<\/p>\n\t\t\t\t\t\t\t\t\t\t\t<\/div>\n\t\t\t\t<\/div>\n\t\t\t\t\t\t\t\n\t\t\t\t\n\t\t\t\t<div class=\"wd-accordion-item\">\n\t\t\t\t\t<div class=\"wd-accordion-title font-primary wd-fontsize-m text-left wd-opener-pos-right wd-font-weight-400\" data-accordion-index=\"9\">\n\t\t\t\t\t\t<div class=\"wd-accordion-title-text\">\n\t\t\t\t\t\t\t\t\t\t\t\t\t\t<span>\n\t\t\t\t\t\t\t\tAr galiu pats susimontuoti j\u016bs\u0173 konstrukcijas?\t\t\t\t\t\t\t<\/span>\n\t\t\t\t\t\t<\/div>\n\t\t\t\t\t\t<span class=\"wd-accordion-opener wd-opener-style-plus\"><\/span>\n\t\t\t\t\t<\/div>\n\n\t\t\t\t\t<div class=\"wd-accordion-content reset-last-child\" data-accordion-index=\"9\">\n\t\t\t\t\t\t\t\t\t\t\t\t\t<p>Surinkti gana paprasta ir tai gali b\u016bti atlikta statybose neturin\u010di\u0173 profesionalios patirties \u017emoni\u0173 per ma\u017edaug 3\u20135 dienas namams ir 2\u20138 valandas pastog\u0117ms. Mes suteikiame paprast\u0105 sekti montavimo vadov\u0105 ir patarimus, kaip montuoti pamatus.<\/p>\n\t\t\t\t\t\t\t\t\t\t\t<\/div>\n\t\t\t\t<\/div>\n\t\t\t\t\t\t\t\n\t\t\t\t\n\t\t\t\t<div class=\"wd-accordion-item\">\n\t\t\t\t\t<div class=\"wd-accordion-title font-primary wd-fontsize-m text-left wd-opener-pos-right wd-font-weight-400\" data-accordion-index=\"10\">\n\t\t\t\t\t\t<div class=\"wd-accordion-title-text\">\n\t\t\t\t\t\t\t\t\t\t\t\t\t\t<span>\n\t\t\t\t\t\t\t\tAr j\u016bs si\u016blote montavimo paslaug\u0105?\t\t\t\t\t\t\t<\/span>\n\t\t\t\t\t\t<\/div>\n\t\t\t\t\t\t<span class=\"wd-accordion-opener wd-opener-style-plus\"><\/span>\n\t\t\t\t\t<\/div>\n\n\t\t\t\t\t<div class=\"wd-accordion-content reset-last-child\" data-accordion-index=\"10\">\n\t\t\t\t\t\t\t\t\t\t\t\t\t<p>\u201eKRONUS Home\u201c si\u016blo sraigtini\u0173 poli\u0173 montavimo darbus ir reikaling\u0173 dokument\u0173 patvirtinim\u0105. Mes taip pat si\u016blome pastogi\u0173 montavim\u0105.<\/p>\n\t\t\t\t\t\t\t\t\t\t\t<\/div>\n\t\t\t\t<\/div>\n\t\t\t\t\t\t\t\n\t\t\t\t\n\t\t\t\t<div class=\"wd-accordion-item\">\n\t\t\t\t\t<div class=\"wd-accordion-title font-primary wd-fontsize-m text-left wd-opener-pos-right wd-font-weight-400\" data-accordion-index=\"11\">\n\t\t\t\t\t\t<div class=\"wd-accordion-title-text\">\n\t\t\t\t\t\t\t\t\t\t\t\t\t\t<span>\n\t\t\t\t\t\t\t\tKuriuo met\u0173 laiku galiu montuoti nam\u0105 ar pastog\u0119?\t\t\t\t\t\t\t<\/span>\n\t\t\t\t\t\t<\/div>\n\t\t\t\t\t\t<span class=\"wd-accordion-opener wd-opener-style-plus\"><\/span>\n\t\t\t\t\t<\/div>\n\n\t\t\t\t\t<div class=\"wd-accordion-content reset-last-child\" data-accordion-index=\"11\">\n\t\t\t\t\t\t\t\t\t\t\t\t\t\n<p class=\"western\" lang=\"ru-RU\">\u201eKRONUS\u201c namai ir pastog\u0117s gali b\u016bti sumontuoti visus metus. Apskritai viskas priklauso nuo pamat\u0173 tipo, t. y. geriausia statyti blokinius pamatus vasar\u0105, o \u012frengti sraigtinius polius galima visus metus, jei \u017eem\u0117 n\u0117ra pernelyg \u012f\u0161alusi. Montuodami pastoges, galite jas surinkti bet kurioje vietoje bet kuriuo metu, kada jums tik reikia.<\/p>\n\t\t\t\t\t\t\t\t\t\t\t<\/div>\n\t\t\t\t<\/div>\n\t\t\t\t\t\t\t\n\t\t\t\t\n\t\t\t\t<div class=\"wd-accordion-item\">\n\t\t\t\t\t<div class=\"wd-accordion-title font-primary wd-fontsize-m text-left wd-opener-pos-right wd-font-weight-400\" data-accordion-index=\"12\">\n\t\t\t\t\t\t<div class=\"wd-accordion-title-text\">\n\t\t\t\t\t\t\t\t\t\t\t\t\t\t<span>\n\t\t\t\t\t\t\t\tAr a\u0161 galiu gyventi j\u016bs\u0173 name visus metus?\t\t\t\t\t\t\t<\/span>\n\t\t\t\t\t\t<\/div>\n\t\t\t\t\t\t<span class=\"wd-accordion-opener wd-opener-style-plus\"><\/span>\n\t\t\t\t\t<\/div>\n\n\t\t\t\t\t<div class=\"wd-accordion-content reset-last-child\" data-accordion-index=\"12\">\n\t\t\t\t\t\t\t\t\t\t\t\t\t\n<p class=\"western\" lang=\"ru-RU\">\u201eKRONUS Home\u201c si\u016blomi standartiniai nam\u0173 rinkiniai yra vasarnamiai be sien\u0173 izoliacijos ar \u0161ildymo \u012frangos. M\u016bs\u0173 vasarnamiai gali b\u016bti izoliuoti ir naudojami visus metus, jeigu yra poreikis.<\/p>\n\t\t\t\t\t\t\t\t\t\t\t<\/div>\n\t\t\t\t<\/div>\n\t\t\t\t\t\t\t\n\t\t\t\t\n\t\t\t\t<div class=\"wd-accordion-item\">\n\t\t\t\t\t<div class=\"wd-accordion-title font-primary wd-fontsize-m text-left wd-opener-pos-right wd-font-weight-400\" data-accordion-index=\"13\">\n\t\t\t\t\t\t<div class=\"wd-accordion-title-text\">\n\t\t\t\t\t\t\t\t\t\t\t\t\t\t<span>\n\t\t\t\t\t\t\t\tGarantija\t\t\t\t\t\t\t<\/span>\n\t\t\t\t\t\t<\/div>\n\t\t\t\t\t\t<span class=\"wd-accordion-opener wd-opener-style-plus\"><\/span>\n\t\t\t\t\t<\/div>\n\n\t\t\t\t\t<div class=\"wd-accordion-content reset-last-child\" data-accordion-index=\"13\">\n\t\t\t\t\t\t\t\t\t\t\t\t\t<p>M\u016bs\u0173 gaminiams suteikiama 5 met\u0173 gamintojo garantija.<\/p>\n\t\t\t\t\t\t\t\t\t\t\t<\/div>\n\t\t\t\t<\/div>\n\t\t\t\t\t\t\t\n\t\t\t\t\n\t\t\t\t<div class=\"wd-accordion-item\">\n\t\t\t\t\t<div class=\"wd-accordion-title font-primary wd-fontsize-m text-left wd-opener-pos-right wd-font-weight-400\" data-accordion-index=\"14\">\n\t\t\t\t\t\t<div class=\"wd-accordion-title-text\">\n\t\t\t\t\t\t\t\t\t\t\t\t\t\t<span>\n\t\t\t\t\t\t\t\tEkologinis p\u0117dsakas\t\t\t\t\t\t\t<\/span>\n\t\t\t\t\t\t<\/div>\n\t\t\t\t\t\t<span class=\"wd-accordion-opener wd-opener-style-plus\"><\/span>\n\t\t\t\t\t<\/div>\n\n\t\t\t\t\t<div class=\"wd-accordion-content reset-last-child\" data-accordion-index=\"14\">\n\t\t\t\t\t\t\t\t\t\t\t\t\t<p>Namo ar pastog\u0117s ekologinis p\u0117dsakas priklauso nuo konstrukcijoje naudojam\u0173 med\u017eiag\u0173. Kada tik galime, mes renkam\u0117s \u017ealius sprendimus, kaip FSC\u00ae (FSC-153405) sertifikuota mediena, ir aplinkai draugi\u0161kus montavimo metodus.<\/p>\n\t\t\t\t\t\t\t\t\t\t\t<\/div>\n\t\t\t\t<\/div>\n\t\t\t\t\t\t\t\n\t\t\t\t\n\t\t\t\t<div class=\"wd-accordion-item\">\n\t\t\t\t\t<div class=\"wd-accordion-title font-primary wd-fontsize-m text-left wd-opener-pos-right wd-font-weight-400\" data-accordion-index=\"15\">\n\t\t\t\t\t\t<div class=\"wd-accordion-title-text\">\n\t\t\t\t\t\t\t\t\t\t\t\t\t\t<span>\n\t\t\t\t\t\t\t\tAr man reikia statybos leidimo?\t\t\t\t\t\t\t<\/span>\n\t\t\t\t\t\t<\/div>\n\t\t\t\t\t\t<span class=\"wd-accordion-opener wd-opener-style-plus\"><\/span>\n\t\t\t\t\t<\/div>\n\n\t\t\t\t\t<div class=\"wd-accordion-content reset-last-child\" data-accordion-index=\"15\">\n\t\t\t\t\t\t\t\t\t\t\t\t\t<p>J\u016bs\u0173 statybos leidimas priklauso nuo vietini\u0173 \u012fstatym\u0173. Nor\u0117dami gauti daugiau informacijos, pra\u0161ome susisiekti su j\u016bs\u0173 vietos vald\u017eios institucijomis.<\/p>\n\t\t\t\t\t\t\t\t\t\t\t<\/div>\n\t\t\t\t<\/div>\n\t\t\t\t\t\t\t\n\t\t\t\t\n\t\t\t\t<div class=\"wd-accordion-item\">\n\t\t\t\t\t<div class=\"wd-accordion-title font-primary wd-fontsize-m text-left wd-opener-pos-right wd-font-weight-400\" data-accordion-index=\"16\">\n\t\t\t\t\t\t<div class=\"wd-accordion-title-text\">\n\t\t\t\t\t\t\t\t\t\t\t\t\t\t<span>\n\t\t\t\t\t\t\t\tPristatymas\t\t\t\t\t\t\t<\/span>\n\t\t\t\t\t\t<\/div>\n\t\t\t\t\t\t<span class=\"wd-accordion-opener wd-opener-style-plus\"><\/span>\n\t\t\t\t\t<\/div>\n\n\t\t\t\t\t<div class=\"wd-accordion-content reset-last-child\" data-accordion-index=\"16\">\n\t\t\t\t\t\t\t\t\t\t\t\t\t<p>PRISTATYMAS LATVIJOJE<br \/>\n\u201eKRONUS Home\u201c pristato savo gaminius Latvijoje. Jeigu gaminys sand\u0117lyje, Latvijoje pristatoma per 3\u20135 dienas. Jeigu gaminio n\u0117ra sand\u0117lyje, pristatymas u\u017etrukus 2\u20133 savaites.<\/p>\n\t\t\t\t\t\t\t\t\t\t\t<\/div>\n\t\t\t\t<\/div>\n\t\t\t\t\t\t\t\t\t\t\t\t\t\t<\/div>\n\n\t\t[\/vc_column][vc_column width=&#8221;1\/12&#8243;][\/vc_column][\/vc_row]<\/p>\n<\/div>","protected":false},"excerpt":{"rendered":"<p>[vc_row][vc_column][\/vc_column][\/vc_row][vc_row][vc_column width=&#8221;1\/12&#8243;][\/vc_column][vc_column width=&#8221;10\/12&#8243;][\/vc_column][vc_column width=&#8221;1\/12&#8243;][\/vc_column][\/vc_row]<\/p>\n","protected":false},"author":38,"featured_media":0,"parent":0,"menu_order":0,"comment_status":"closed","ping_status":"closed","template":"","meta":{"footnotes":""},"yoast_head":"<!-- This site is optimized with the Yoast SEO Premium plugin v23.0 (Yoast SEO v23.0) - https:\/\/yoast.com\/wordpress\/plugins\/seo\/ -->\n<title>Klausimai ir atsakymai apie medinius sodo namus ir pastoges | KHOME<\/title>\n<meta name=\"description\" content=\"Mes prekiaujame mediniais sodo namais ir pastog\u0117mis su garantija, pristatymo paslauga. Turite klausim\u0105? U\u017esira\u0161ykite nemokamai konsultacijai!\" \/>\n<meta name=\"robots\" content=\"index, follow, max-snippet:-1, max-image-preview:large, max-video-preview:-1\" \/>\n<link rel=\"canonical\" href=\"https:\/\/kronushome.com\/lt\/duk\/\" \/>\n<meta property=\"og:locale\" content=\"lt_LT\" \/>\n<meta property=\"og:type\" content=\"article\" \/>\n<meta property=\"og:title\" content=\"DUK\" \/>\n<meta property=\"og:description\" content=\"Mes prekiaujame mediniais sodo namais ir pastog\u0117mis su garantija, pristatymo paslauga. Turite klausim\u0105? U\u017esira\u0161ykite nemokamai konsultacijai!\" \/>\n<meta property=\"og:url\" content=\"https:\/\/kronushome.com\/lt\/duk\/\" \/>\n<meta property=\"og:site_name\" content=\"KronusHome.com\" \/>\n<meta property=\"article:modified_time\" content=\"2024-06-11T10:37:49+00:00\" \/>\n<meta name=\"twitter:card\" content=\"summary_large_image\" \/>\n<meta name=\"twitter:label1\" content=\"Est. reading time\" \/>\n\t<meta name=\"twitter:data1\" content=\"4 minut\u0117s\" \/>\n<script type=\"application\/ld+json\" class=\"yoast-schema-graph\">{\"@context\":\"https:\/\/schema.org\",\"@graph\":[{\"@type\":\"WebPage\",\"@id\":\"https:\/\/kronushome.com\/lt\/duk\/\",\"url\":\"https:\/\/kronushome.com\/lt\/duk\/\",\"name\":\"Klausimai ir atsakymai apie medinius sodo namus ir pastoges | KHOME\",\"isPartOf\":{\"@id\":\"https:\/\/kronushome.com\/lv\/#website\"},\"datePublished\":\"2022-04-10T21:40:04+00:00\",\"dateModified\":\"2024-06-11T10:37:49+00:00\",\"description\":\"Mes prekiaujame mediniais sodo namais ir pastog\u0117mis su garantija, pristatymo paslauga. Turite klausim\u0105? U\u017esira\u0161ykite nemokamai konsultacijai!\",\"breadcrumb\":{\"@id\":\"https:\/\/kronushome.com\/lt\/duk\/#breadcrumb\"},\"inLanguage\":\"lt-LT\",\"potentialAction\":[{\"@type\":\"ReadAction\",\"target\":[\"https:\/\/kronushome.com\/lt\/duk\/\"]}]},{\"@type\":\"BreadcrumbList\",\"@id\":\"https:\/\/kronushome.com\/lt\/duk\/#breadcrumb\",\"itemListElement\":[{\"@type\":\"ListItem\",\"position\":1,\"name\":\"Home\",\"item\":\"https:\/\/kronushome.com\/lt\/\"},{\"@type\":\"ListItem\",\"position\":2,\"name\":\"DUK\"}]},{\"@type\":\"WebSite\",\"@id\":\"https:\/\/kronushome.com\/lv\/#website\",\"url\":\"https:\/\/kronushome.com\/lv\/\",\"name\":\"Garden Houses\",\"description\":\"Find your garden house and enjoy life in it\",\"potentialAction\":[{\"@type\":\"SearchAction\",\"target\":{\"@type\":\"EntryPoint\",\"urlTemplate\":\"https:\/\/kronushome.com\/lv\/?s={search_term_string}\"},\"query-input\":\"required name=search_term_string\"}],\"inLanguage\":\"lt-LT\"}]}<\/script>\n<!-- \/ Yoast SEO Premium plugin. -->","yoast_head_json":{"title":"Klausimai ir atsakymai apie medinius sodo namus ir pastoges | KHOME","description":"Mes prekiaujame mediniais sodo namais ir pastog\u0117mis su garantija, pristatymo paslauga. Turite klausim\u0105? U\u017esira\u0161ykite nemokamai konsultacijai!","robots":{"index":"index","follow":"follow","max-snippet":"max-snippet:-1","max-image-preview":"max-image-preview:large","max-video-preview":"max-video-preview:-1"},"canonical":"https:\/\/kronushome.com\/lt\/duk\/","og_locale":"lt_LT","og_type":"article","og_title":"DUK","og_description":"Mes prekiaujame mediniais sodo namais ir pastog\u0117mis su garantija, pristatymo paslauga. Turite klausim\u0105? U\u017esira\u0161ykite nemokamai konsultacijai!","og_url":"https:\/\/kronushome.com\/lt\/duk\/","og_site_name":"KronusHome.com","article_modified_time":"2024-06-11T10:37:49+00:00","twitter_card":"summary_large_image","twitter_misc":{"Est. reading time":"4 minut\u0117s"},"schema":{"@context":"https:\/\/schema.org","@graph":[{"@type":"WebPage","@id":"https:\/\/kronushome.com\/lt\/duk\/","url":"https:\/\/kronushome.com\/lt\/duk\/","name":"Klausimai ir atsakymai apie medinius sodo namus ir pastoges | KHOME","isPartOf":{"@id":"https:\/\/kronushome.com\/lv\/#website"},"datePublished":"2022-04-10T21:40:04+00:00","dateModified":"2024-06-11T10:37:49+00:00","description":"Mes prekiaujame mediniais sodo namais ir pastog\u0117mis su garantija, pristatymo paslauga. Turite klausim\u0105? U\u017esira\u0161ykite nemokamai konsultacijai!","breadcrumb":{"@id":"https:\/\/kronushome.com\/lt\/duk\/#breadcrumb"},"inLanguage":"lt-LT","potentialAction":[{"@type":"ReadAction","target":["https:\/\/kronushome.com\/lt\/duk\/"]}]},{"@type":"BreadcrumbList","@id":"https:\/\/kronushome.com\/lt\/duk\/#breadcrumb","itemListElement":[{"@type":"ListItem","position":1,"name":"Home","item":"https:\/\/kronushome.com\/lt\/"},{"@type":"ListItem","position":2,"name":"DUK"}]},{"@type":"WebSite","@id":"https:\/\/kronushome.com\/lv\/#website","url":"https:\/\/kronushome.com\/lv\/","name":"Garden Houses","description":"Find your garden house and enjoy life in it","potentialAction":[{"@type":"SearchAction","target":{"@type":"EntryPoint","urlTemplate":"https:\/\/kronushome.com\/lv\/?s={search_term_string}"},"query-input":"required name=search_term_string"}],"inLanguage":"lt-LT"}]}},"_links":{"self":[{"href":"https:\/\/kronushome.com\/lt\/wp-json\/wp\/v2\/pages\/2592"}],"collection":[{"href":"https:\/\/kronushome.com\/lt\/wp-json\/wp\/v2\/pages"}],"about":[{"href":"https:\/\/kronushome.com\/lt\/wp-json\/wp\/v2\/types\/page"}],"author":[{"embeddable":true,"href":"https:\/\/kronushome.com\/lt\/wp-json\/wp\/v2\/users\/38"}],"replies":[{"embeddable":true,"href":"https:\/\/kronushome.com\/lt\/wp-json\/wp\/v2\/comments?post=2592"}],"version-history":[{"count":2,"href":"https:\/\/kronushome.com\/lt\/wp-json\/wp\/v2\/pages\/2592\/revisions"}],"predecessor-version":[{"id":2941,"href":"https:\/\/kronushome.com\/lt\/wp-json\/wp\/v2\/pages\/2592\/revisions\/2941"}],"wp:attachment":[{"href":"https:\/\/kronushome.com\/lt\/wp-json\/wp\/v2\/media?parent=2592"}],"curies":[{"name":"wp","href":"https:\/\/api.w.org\/{rel}","templated":true}]}}