{"id":2261,"date":"2024-03-20T14:25:19","date_gmt":"2024-03-20T12:25:19","guid":{"rendered":"https:\/\/kronushome.com\/product\/strongbox-m\/"},"modified":"2024-07-01T15:34:46","modified_gmt":"2024-07-01T12:34:46","slug":"strongbox-m","status":"publish","type":"product","link":"https:\/\/kronushome.com\/et\/toode\/strongbox-m\/","title":{"rendered":"Strongbox M"},"content":{"rendered":"<ul>\n<li style=\"list-style-type: none;\">\n<ul>\n<li>Lai lukustatav uks koos lukuga.<\/li>\n<li>T\u00f6\u00f6stuslikult toodetud paneelidest seinad, katused, p\u00f5randad ja uksed tagavad kerge kokkupaneku.<\/li>\n<li>Spetsiaalse disainiga paneelid aitavad v\u00e4ltida vigu kokkupanekul.<\/li>\n<li>Tsingitud \u00fchendused ja metallosad.<\/li>\n<li>Ilmastikukindel katus kaitseb karmi ilma eest.<\/li>\n<li>K\u00f5ik osad kuuluvad komplekti.<\/li>\n<li>Kestlik ja FSC\u00ae (FSC-153405) sertifikaadiga puit.<\/li>\n<\/ul>\n<\/li>\n<\/ul>\n<p>&nbsp;<\/p>\n<p><em>Originaaltoode v\u00f5ib erineda toote piltidest. Enne ostmist tutvuge toote spetsifikatsiooni ja valikuliste lisadega. Tootjal on \u00f5igus teha tootes tehnilisi muudatusi.<\/em><\/p>\n<p>.<\/p>\n","protected":false},"excerpt":{"rendered":"<p>Tutvuge meie tootega Strongbox suuruses M, milles on \u00fchendatud turvalisus ja kaunis v\u00e4limus ning mis on ideaalne hoiustamislahendus teie aeda. See kuur on projekteeritud ventileeritava konstruktsiooniga, mille \u00fclaosas on strateegilised avad optimaalse \u00f5huvoolu tagamiseks teie asjadele. ELis valmistatud FSC\u00ae (FSC-153405) sertifikaadiga kestlikust Skandinaavia puidust aiakuur Strongbox talub \u00e4\u00e4rmuslikke ilmastikutingimusi, s\u00e4ilitades samal ajal oma ilu ja naturaalse puitviimistluse. Selle niiskuskindel komposiitp\u00f5hi pikendab kasutusaega, kaitstes kuuri maapinnast tuleneva niiskuse eest. Samal ajal tagavad laiad uksed h\u00f5lpsa juurdep\u00e4\u00e4su suurtele esemetele. T\u00e4nu erakordselt vastupidavale plastkatusele, mis pakub suurep\u00e4rast ilmastikukaitset, t\u00e4hendab investeering aiakuuri Strongbox investeeringut kvaliteeti, esteetikasse ja kestlikkusse.<\/p>\n","protected":false},"featured_media":2265,"comment_status":"open","ping_status":"closed","template":"","meta":[],"product_cat":[582],"product_tag":[],"yoast_head":"<!-- This site is optimized with the Yoast SEO Premium plugin v23.0 (Yoast SEO v23.0) - https:\/\/yoast.com\/wordpress\/plugins\/seo\/ -->\n<title>Strongbox M \u2013 vastupidav kuur aiatehnika jaoks | KHOME<\/title>\n<meta name=\"description\" content=\"Funktsionaalne v\u00e4line panipaik aiat\u00f6\u00f6riistade hoidmiseks. Kiire ja kerge kokkupanek. Vastupidav konstruktsioon, niiskuskindel p\u00f5hi.\" \/>\n<meta name=\"robots\" content=\"index, follow, max-snippet:-1, max-image-preview:large, max-video-preview:-1\" \/>\n<link rel=\"canonical\" href=\"https:\/\/kronushome.com\/et\/toode\/strongbox-m\/\" \/>\n<meta property=\"og:locale\" content=\"et_EE\" \/>\n<meta property=\"og:type\" content=\"article\" \/>\n<meta property=\"og:title\" content=\"Strongbox M\" \/>\n<meta property=\"og:description\" content=\"Funktsionaalne v\u00e4line panipaik aiat\u00f6\u00f6riistade hoidmiseks. Kiire ja kerge kokkupanek. Vastupidav konstruktsioon, niiskuskindel p\u00f5hi.\" \/>\n<meta property=\"og:url\" content=\"https:\/\/kronushome.com\/et\/toode\/strongbox-m\/\" \/>\n<meta property=\"og:site_name\" content=\"KronusHome.com\" \/>\n<meta property=\"article:modified_time\" content=\"2024-07-01T12:34:46+00:00\" \/>\n<meta property=\"og:image\" content=\"https:\/\/kronushome.com\/wp-content\/uploads\/2024\/03\/StrongBox-M-Natural-0-00-00-00-1024x768.png\" \/>\n\t<meta property=\"og:image:width\" content=\"1024\" \/>\n\t<meta property=\"og:image:height\" content=\"768\" \/>\n\t<meta property=\"og:image:type\" content=\"image\/png\" \/>\n<meta name=\"twitter:card\" content=\"summary_large_image\" \/>\n<meta name=\"twitter:label1\" content=\"Est. reading time\" \/>\n\t<meta name=\"twitter:data1\" content=\"1 minut\" \/>\n<script type=\"application\/ld+json\" class=\"yoast-schema-graph\">{\"@context\":\"https:\/\/schema.org\",\"@graph\":[{\"@type\":\"WebPage\",\"@id\":\"https:\/\/kronushome.com\/et\/toode\/strongbox-m\/\",\"url\":\"https:\/\/kronushome.com\/et\/toode\/strongbox-m\/\",\"name\":\"Strongbox M \u2013 vastupidav kuur aiatehnika jaoks | KHOME\",\"isPartOf\":{\"@id\":\"https:\/\/kronushome.com\/lv\/#website\"},\"primaryImageOfPage\":{\"@id\":\"https:\/\/kronushome.com\/et\/toode\/strongbox-m\/#primaryimage\"},\"image\":{\"@id\":\"https:\/\/kronushome.com\/et\/toode\/strongbox-m\/#primaryimage\"},\"thumbnailUrl\":\"https:\/\/kronushome.com\/wp-content\/uploads\/2024\/03\/StrongBox-M-Natural-0-00-00-00.png\",\"datePublished\":\"2024-03-20T12:25:19+00:00\",\"dateModified\":\"2024-07-01T12:34:46+00:00\",\"description\":\"Funktsionaalne v\u00e4line panipaik aiat\u00f6\u00f6riistade hoidmiseks. Kiire ja kerge kokkupanek. Vastupidav konstruktsioon, niiskuskindel p\u00f5hi.\",\"breadcrumb\":{\"@id\":\"https:\/\/kronushome.com\/et\/toode\/strongbox-m\/#breadcrumb\"},\"inLanguage\":\"et\",\"potentialAction\":[{\"@type\":\"ReadAction\",\"target\":[\"https:\/\/kronushome.com\/et\/toode\/strongbox-m\/\"]}]},{\"@type\":\"ImageObject\",\"inLanguage\":\"et\",\"@id\":\"https:\/\/kronushome.com\/et\/toode\/strongbox-m\/#primaryimage\",\"url\":\"https:\/\/kronushome.com\/wp-content\/uploads\/2024\/03\/StrongBox-M-Natural-0-00-00-00.png\",\"contentUrl\":\"https:\/\/kronushome.com\/wp-content\/uploads\/2024\/03\/StrongBox-M-Natural-0-00-00-00.png\",\"width\":3000,\"height\":2250},{\"@type\":\"BreadcrumbList\",\"@id\":\"https:\/\/kronushome.com\/et\/toode\/strongbox-m\/#breadcrumb\",\"itemListElement\":[{\"@type\":\"ListItem\",\"position\":1,\"name\":\"Home\",\"item\":\"https:\/\/kronushome.com\/et\/\"},{\"@type\":\"ListItem\",\"position\":2,\"name\":\"Palkmajad\",\"item\":\"https:\/\/kronushome.com\/palkmajad\/\"},{\"@type\":\"ListItem\",\"position\":3,\"name\":\"Strongbox M\"}]},{\"@type\":\"WebSite\",\"@id\":\"https:\/\/kronushome.com\/lv\/#website\",\"url\":\"https:\/\/kronushome.com\/lv\/\",\"name\":\"Garden Houses\",\"description\":\"Find your garden house and enjoy life in it\",\"potentialAction\":[{\"@type\":\"SearchAction\",\"target\":{\"@type\":\"EntryPoint\",\"urlTemplate\":\"https:\/\/kronushome.com\/lv\/?s={search_term_string}\"},\"query-input\":\"required name=search_term_string\"}],\"inLanguage\":\"et\"}]}<\/script>\n<!-- \/ Yoast SEO Premium plugin. -->","yoast_head_json":{"title":"Strongbox M \u2013 vastupidav kuur aiatehnika jaoks | KHOME","description":"Funktsionaalne v\u00e4line panipaik aiat\u00f6\u00f6riistade hoidmiseks. Kiire ja kerge kokkupanek. Vastupidav konstruktsioon, niiskuskindel p\u00f5hi.","robots":{"index":"index","follow":"follow","max-snippet":"max-snippet:-1","max-image-preview":"max-image-preview:large","max-video-preview":"max-video-preview:-1"},"canonical":"https:\/\/kronushome.com\/et\/toode\/strongbox-m\/","og_locale":"et_EE","og_type":"article","og_title":"Strongbox M","og_description":"Funktsionaalne v\u00e4line panipaik aiat\u00f6\u00f6riistade hoidmiseks. Kiire ja kerge kokkupanek. Vastupidav konstruktsioon, niiskuskindel p\u00f5hi.","og_url":"https:\/\/kronushome.com\/et\/toode\/strongbox-m\/","og_site_name":"KronusHome.com","article_modified_time":"2024-07-01T12:34:46+00:00","og_image":[{"width":1024,"height":768,"url":"https:\/\/kronushome.com\/wp-content\/uploads\/2024\/03\/StrongBox-M-Natural-0-00-00-00-1024x768.png","type":"image\/png"}],"twitter_card":"summary_large_image","twitter_misc":{"Est. reading time":"1 minut"},"schema":{"@context":"https:\/\/schema.org","@graph":[{"@type":"WebPage","@id":"https:\/\/kronushome.com\/et\/toode\/strongbox-m\/","url":"https:\/\/kronushome.com\/et\/toode\/strongbox-m\/","name":"Strongbox M \u2013 vastupidav kuur aiatehnika jaoks | KHOME","isPartOf":{"@id":"https:\/\/kronushome.com\/lv\/#website"},"primaryImageOfPage":{"@id":"https:\/\/kronushome.com\/et\/toode\/strongbox-m\/#primaryimage"},"image":{"@id":"https:\/\/kronushome.com\/et\/toode\/strongbox-m\/#primaryimage"},"thumbnailUrl":"https:\/\/kronushome.com\/wp-content\/uploads\/2024\/03\/StrongBox-M-Natural-0-00-00-00.png","datePublished":"2024-03-20T12:25:19+00:00","dateModified":"2024-07-01T12:34:46+00:00","description":"Funktsionaalne v\u00e4line panipaik aiat\u00f6\u00f6riistade hoidmiseks. Kiire ja kerge kokkupanek. Vastupidav konstruktsioon, niiskuskindel p\u00f5hi.","breadcrumb":{"@id":"https:\/\/kronushome.com\/et\/toode\/strongbox-m\/#breadcrumb"},"inLanguage":"et","potentialAction":[{"@type":"ReadAction","target":["https:\/\/kronushome.com\/et\/toode\/strongbox-m\/"]}]},{"@type":"ImageObject","inLanguage":"et","@id":"https:\/\/kronushome.com\/et\/toode\/strongbox-m\/#primaryimage","url":"https:\/\/kronushome.com\/wp-content\/uploads\/2024\/03\/StrongBox-M-Natural-0-00-00-00.png","contentUrl":"https:\/\/kronushome.com\/wp-content\/uploads\/2024\/03\/StrongBox-M-Natural-0-00-00-00.png","width":3000,"height":2250},{"@type":"BreadcrumbList","@id":"https:\/\/kronushome.com\/et\/toode\/strongbox-m\/#breadcrumb","itemListElement":[{"@type":"ListItem","position":1,"name":"Home","item":"https:\/\/kronushome.com\/et\/"},{"@type":"ListItem","position":2,"name":"Palkmajad","item":"https:\/\/kronushome.com\/palkmajad\/"},{"@type":"ListItem","position":3,"name":"Strongbox M"}]},{"@type":"WebSite","@id":"https:\/\/kronushome.com\/lv\/#website","url":"https:\/\/kronushome.com\/lv\/","name":"Garden Houses","description":"Find your garden house and enjoy life in it","potentialAction":[{"@type":"SearchAction","target":{"@type":"EntryPoint","urlTemplate":"https:\/\/kronushome.com\/lv\/?s={search_term_string}"},"query-input":"required name=search_term_string"}],"inLanguage":"et"}]}},"_links":{"self":[{"href":"https:\/\/kronushome.com\/et\/wp-json\/wp\/v2\/product\/2261"}],"collection":[{"href":"https:\/\/kronushome.com\/et\/wp-json\/wp\/v2\/product"}],"about":[{"href":"https:\/\/kronushome.com\/et\/wp-json\/wp\/v2\/types\/product"}],"replies":[{"embeddable":true,"href":"https:\/\/kronushome.com\/et\/wp-json\/wp\/v2\/comments?post=2261"}],"wp:featuredmedia":[{"embeddable":true,"href":"https:\/\/kronushome.com\/et\/wp-json\/wp\/v2\/media\/2265"}],"wp:attachment":[{"href":"https:\/\/kronushome.com\/et\/wp-json\/wp\/v2\/media?parent=2261"}],"wp:term":[{"taxonomy":"product_cat","embeddable":true,"href":"https:\/\/kronushome.com\/et\/wp-json\/wp\/v2\/product_cat?post=2261"},{"taxonomy":"product_tag","embeddable":true,"href":"https:\/\/kronushome.com\/et\/wp-json\/wp\/v2\/product_tag?post=2261"}],"curies":[{"name":"wp","href":"https:\/\/api.w.org\/{rel}","templated":true}]}}