{"id":2211,"date":"2023-03-15T13:31:49","date_gmt":"2023-03-15T11:31:49","guid":{"rendered":"https:\/\/kronushome.com\/product\/kuur\/"},"modified":"2024-07-01T17:04:24","modified_gmt":"2024-07-01T14:04:24","slug":"kuur","status":"publish","type":"product","link":"https:\/\/kronushome.com\/et\/toode\/kuur\/","title":{"rendered":"Kuur"},"content":{"rendered":"<ul>\n<li style=\"list-style-type: none;\">\n<ul>\n<li>Lai lukustatav uks koos lukuga.<\/li>\n<li>T\u00f6\u00f6stuslikult toodetud paneelidest seinad, katus, p\u00f5rand ja uks tagavad lihtsa ja v\u00e4ga kiire kokkupaneku.<\/li>\n<li>Spetsiaalse disainiga paneelid aitavad v\u00e4ltida vigu kokkupanekul.<\/li>\n<li>Tsingitud \u00fchendused ja metallosad.<\/li>\n<li>Ilmastikukindel katus kaitseb karmi ilma eest.<\/li>\n<li>K\u00f5ik osad kuuluvad komplekti.<\/li>\n<li>Kestlik ja FSC\u00ae (FSC-153405) sertifikaadiga puit.<\/li>\n<\/ul>\n<\/li>\n<\/ul>\n<p>&nbsp;<\/p>\n<p><em>Originaaltoode v\u00f5ib erineda toote piltidest. Enne ostmist tutvuge toote spetsifikatsiooni ja valikuliste lisadega. Tootjal on \u00f5igus teha tootes tehnilisi muudatusi.<\/em><\/p>\n","protected":false},"excerpt":{"rendered":"<p>Tutvuge naturaalsest puidust kuuriga, mis v\u00f5imaldab teil hoida oma aia korras. Selles suure p\u00f5randapinnaga puidust kuuris on palju ruumi k\u00f5igile teie t\u00f6\u00f6riistadele ja seadmetele. See on valmistatud tapp- ja soonkonstruktsiooniga ning materjaliks on esmaklassiline FSC\u00ae (FSC-153405) sertifikaadiga p\u00f5hjamaine puit, mis tagab pikaealisuse ja j\u00e4tkusuutliku metsamajandamise. Selle tugevad seinad ja p\u00f5randalauad kindlustavad stabiilsuse ja kaitse ilmastiku eest. Samal ajal kaitseb ka veekindel katusepaneel koos vastupidava katusepapiga vihma ja lume eest. Sellel kuuril on v\u00f5rdse suurusega seinapaneelid akende paindlikuks paigutamiseks ja paigaldusvigade v\u00e4ltimiseks. Laiad topeltuksed v\u00f5imaldavad h\u00f5lpsalt hoiustada ka suuremaid esemeid. Uksel olev lukk tagab lisakaitse. Optimaalseks vastupidavuseks soovitame toodet enne v\u00f5i p\u00e4rast kokkupanekut puidukaitsevahendiga t\u00f6\u00f6delda.<\/p>\n","protected":false},"featured_media":2229,"comment_status":"open","ping_status":"closed","template":"","meta":[],"product_cat":[582],"product_tag":[],"yoast_head":"<!-- This site is optimized with the Yoast SEO Premium plugin v23.0 (Yoast SEO v23.0) - https:\/\/yoast.com\/wordpress\/plugins\/seo\/ -->\n<title>Ilmastikukindel aiakuur | KHOME<\/title>\n<meta name=\"description\" content=\"Suur puidust kuur laiade topeltustega suuremate esemete hoidmiseks. Vastupidav ilmastikukindel aiaehitis lukustatavate ustega.\" \/>\n<meta name=\"robots\" content=\"index, follow, max-snippet:-1, max-image-preview:large, max-video-preview:-1\" \/>\n<link rel=\"canonical\" href=\"https:\/\/kronushome.com\/et\/toode\/kuur\/\" \/>\n<meta property=\"og:locale\" content=\"et_EE\" \/>\n<meta property=\"og:type\" content=\"article\" \/>\n<meta property=\"og:title\" content=\"Kuur\" \/>\n<meta property=\"og:description\" content=\"Suur puidust kuur laiade topeltustega suuremate esemete hoidmiseks. Vastupidav ilmastikukindel aiaehitis lukustatavate ustega.\" \/>\n<meta property=\"og:url\" content=\"https:\/\/kronushome.com\/et\/toode\/kuur\/\" \/>\n<meta property=\"og:site_name\" content=\"KronusHome.com\" \/>\n<meta property=\"article:modified_time\" content=\"2024-07-01T14:04:24+00:00\" \/>\n<meta property=\"og:image\" content=\"https:\/\/kronushome.com\/wp-content\/uploads\/2023\/03\/Storage-Shed-Natural-01.png\" \/>\n\t<meta property=\"og:image:width\" content=\"1200\" \/>\n\t<meta property=\"og:image:height\" content=\"848\" \/>\n\t<meta property=\"og:image:type\" content=\"image\/png\" \/>\n<meta name=\"twitter:card\" content=\"summary_large_image\" \/>\n<meta name=\"twitter:label1\" content=\"Est. reading time\" \/>\n\t<meta name=\"twitter:data1\" content=\"1 minut\" \/>\n<script type=\"application\/ld+json\" class=\"yoast-schema-graph\">{\"@context\":\"https:\/\/schema.org\",\"@graph\":[{\"@type\":\"WebPage\",\"@id\":\"https:\/\/kronushome.com\/et\/toode\/kuur\/\",\"url\":\"https:\/\/kronushome.com\/et\/toode\/kuur\/\",\"name\":\"Ilmastikukindel aiakuur | KHOME\",\"isPartOf\":{\"@id\":\"https:\/\/kronushome.com\/lv\/#website\"},\"primaryImageOfPage\":{\"@id\":\"https:\/\/kronushome.com\/et\/toode\/kuur\/#primaryimage\"},\"image\":{\"@id\":\"https:\/\/kronushome.com\/et\/toode\/kuur\/#primaryimage\"},\"thumbnailUrl\":\"https:\/\/kronushome.com\/wp-content\/uploads\/2023\/03\/Storage-Shed-Natural-01.png\",\"datePublished\":\"2023-03-15T11:31:49+00:00\",\"dateModified\":\"2024-07-01T14:04:24+00:00\",\"description\":\"Suur puidust kuur laiade topeltustega suuremate esemete hoidmiseks. Vastupidav ilmastikukindel aiaehitis lukustatavate ustega.\",\"breadcrumb\":{\"@id\":\"https:\/\/kronushome.com\/et\/toode\/kuur\/#breadcrumb\"},\"inLanguage\":\"et\",\"potentialAction\":[{\"@type\":\"ReadAction\",\"target\":[\"https:\/\/kronushome.com\/et\/toode\/kuur\/\"]}]},{\"@type\":\"ImageObject\",\"inLanguage\":\"et\",\"@id\":\"https:\/\/kronushome.com\/et\/toode\/kuur\/#primaryimage\",\"url\":\"https:\/\/kronushome.com\/wp-content\/uploads\/2023\/03\/Storage-Shed-Natural-01.png\",\"contentUrl\":\"https:\/\/kronushome.com\/wp-content\/uploads\/2023\/03\/Storage-Shed-Natural-01.png\",\"width\":1200,\"height\":848},{\"@type\":\"BreadcrumbList\",\"@id\":\"https:\/\/kronushome.com\/et\/toode\/kuur\/#breadcrumb\",\"itemListElement\":[{\"@type\":\"ListItem\",\"position\":1,\"name\":\"Home\",\"item\":\"https:\/\/kronushome.com\/et\/\"},{\"@type\":\"ListItem\",\"position\":2,\"name\":\"Palkmajad\",\"item\":\"https:\/\/kronushome.com\/palkmajad\/\"},{\"@type\":\"ListItem\",\"position\":3,\"name\":\"Kuur\"}]},{\"@type\":\"WebSite\",\"@id\":\"https:\/\/kronushome.com\/lv\/#website\",\"url\":\"https:\/\/kronushome.com\/lv\/\",\"name\":\"Garden Houses\",\"description\":\"Find your garden house and enjoy life in it\",\"potentialAction\":[{\"@type\":\"SearchAction\",\"target\":{\"@type\":\"EntryPoint\",\"urlTemplate\":\"https:\/\/kronushome.com\/lv\/?s={search_term_string}\"},\"query-input\":\"required name=search_term_string\"}],\"inLanguage\":\"et\"}]}<\/script>\n<!-- \/ Yoast SEO Premium plugin. -->","yoast_head_json":{"title":"Ilmastikukindel aiakuur | KHOME","description":"Suur puidust kuur laiade topeltustega suuremate esemete hoidmiseks. Vastupidav ilmastikukindel aiaehitis lukustatavate ustega.","robots":{"index":"index","follow":"follow","max-snippet":"max-snippet:-1","max-image-preview":"max-image-preview:large","max-video-preview":"max-video-preview:-1"},"canonical":"https:\/\/kronushome.com\/et\/toode\/kuur\/","og_locale":"et_EE","og_type":"article","og_title":"Kuur","og_description":"Suur puidust kuur laiade topeltustega suuremate esemete hoidmiseks. Vastupidav ilmastikukindel aiaehitis lukustatavate ustega.","og_url":"https:\/\/kronushome.com\/et\/toode\/kuur\/","og_site_name":"KronusHome.com","article_modified_time":"2024-07-01T14:04:24+00:00","og_image":[{"width":1200,"height":848,"url":"https:\/\/kronushome.com\/wp-content\/uploads\/2023\/03\/Storage-Shed-Natural-01.png","type":"image\/png"}],"twitter_card":"summary_large_image","twitter_misc":{"Est. reading time":"1 minut"},"schema":{"@context":"https:\/\/schema.org","@graph":[{"@type":"WebPage","@id":"https:\/\/kronushome.com\/et\/toode\/kuur\/","url":"https:\/\/kronushome.com\/et\/toode\/kuur\/","name":"Ilmastikukindel aiakuur | KHOME","isPartOf":{"@id":"https:\/\/kronushome.com\/lv\/#website"},"primaryImageOfPage":{"@id":"https:\/\/kronushome.com\/et\/toode\/kuur\/#primaryimage"},"image":{"@id":"https:\/\/kronushome.com\/et\/toode\/kuur\/#primaryimage"},"thumbnailUrl":"https:\/\/kronushome.com\/wp-content\/uploads\/2023\/03\/Storage-Shed-Natural-01.png","datePublished":"2023-03-15T11:31:49+00:00","dateModified":"2024-07-01T14:04:24+00:00","description":"Suur puidust kuur laiade topeltustega suuremate esemete hoidmiseks. Vastupidav ilmastikukindel aiaehitis lukustatavate ustega.","breadcrumb":{"@id":"https:\/\/kronushome.com\/et\/toode\/kuur\/#breadcrumb"},"inLanguage":"et","potentialAction":[{"@type":"ReadAction","target":["https:\/\/kronushome.com\/et\/toode\/kuur\/"]}]},{"@type":"ImageObject","inLanguage":"et","@id":"https:\/\/kronushome.com\/et\/toode\/kuur\/#primaryimage","url":"https:\/\/kronushome.com\/wp-content\/uploads\/2023\/03\/Storage-Shed-Natural-01.png","contentUrl":"https:\/\/kronushome.com\/wp-content\/uploads\/2023\/03\/Storage-Shed-Natural-01.png","width":1200,"height":848},{"@type":"BreadcrumbList","@id":"https:\/\/kronushome.com\/et\/toode\/kuur\/#breadcrumb","itemListElement":[{"@type":"ListItem","position":1,"name":"Home","item":"https:\/\/kronushome.com\/et\/"},{"@type":"ListItem","position":2,"name":"Palkmajad","item":"https:\/\/kronushome.com\/palkmajad\/"},{"@type":"ListItem","position":3,"name":"Kuur"}]},{"@type":"WebSite","@id":"https:\/\/kronushome.com\/lv\/#website","url":"https:\/\/kronushome.com\/lv\/","name":"Garden Houses","description":"Find your garden house and enjoy life in it","potentialAction":[{"@type":"SearchAction","target":{"@type":"EntryPoint","urlTemplate":"https:\/\/kronushome.com\/lv\/?s={search_term_string}"},"query-input":"required name=search_term_string"}],"inLanguage":"et"}]}},"_links":{"self":[{"href":"https:\/\/kronushome.com\/et\/wp-json\/wp\/v2\/product\/2211"}],"collection":[{"href":"https:\/\/kronushome.com\/et\/wp-json\/wp\/v2\/product"}],"about":[{"href":"https:\/\/kronushome.com\/et\/wp-json\/wp\/v2\/types\/product"}],"replies":[{"embeddable":true,"href":"https:\/\/kronushome.com\/et\/wp-json\/wp\/v2\/comments?post=2211"}],"wp:featuredmedia":[{"embeddable":true,"href":"https:\/\/kronushome.com\/et\/wp-json\/wp\/v2\/media\/2229"}],"wp:attachment":[{"href":"https:\/\/kronushome.com\/et\/wp-json\/wp\/v2\/media?parent=2211"}],"wp:term":[{"taxonomy":"product_cat","embeddable":true,"href":"https:\/\/kronushome.com\/et\/wp-json\/wp\/v2\/product_cat?post=2211"},{"taxonomy":"product_tag","embeddable":true,"href":"https:\/\/kronushome.com\/et\/wp-json\/wp\/v2\/product_tag?post=2211"}],"curies":[{"name":"wp","href":"https:\/\/api.w.org\/{rel}","templated":true}]}}