{"id":2060,"date":"2023-04-03T12:52:45","date_gmt":"2023-04-03T09:52:45","guid":{"rendered":"https:\/\/kronushome.com\/product\/tooriistakuur\/"},"modified":"2024-07-01T16:58:15","modified_gmt":"2024-07-01T13:58:15","slug":"tooriistakuur","status":"publish","type":"product","link":"https:\/\/kronushome.com\/et\/toode\/tooriistakuur\/","title":{"rendered":"T\u00f6\u00f6riistakuur"},"content":{"rendered":"<ul>\n<li>T\u00f6\u00f6stuslikult toodetud paneelid tagavad lihtsa ja kiire kokkupaneku.<\/li>\n<li>Lai lukustatav uks koos lukuga.<\/li>\n<li>Tsingitud \u00fchendused ja metallosad.<\/li>\n<li>Ilmastikukindel, t\u00f6\u00f6stuslikult valmistatud katusepaneel kaitseb karmide ilmastikuolude eest.<\/li>\n<li>Metallist r\u00e4\u00e4stapaneel kaitseb puitu niiskuse eest.<\/li>\n<li>Kuus konksu mugavaks hoiustamiseks.<\/li>\n<li>Kohandatavad riiulid.<\/li>\n<li>Kestlik ja FSC\u00ae (FSC-153405) sertifikaadiga puit.<\/li>\n<li>K\u00f5ik osad kuluvad komplekti.<\/li>\n<\/ul>\n<p>&nbsp;<\/p>\n<p><em>Originaaltoode v\u00f5ib erineda toote piltidest. Enne ostmist tutvuge toote spetsifikatsiooni ja valikuliste lisadega. Tootjal on \u00f5igus teha tootes tehnilisi muudatusi.<\/em><\/p>\n","protected":false},"excerpt":{"rendered":"<p>Tutvuge meie t\u00f6\u00f6riistakuuriga, mis on h\u00e4davajalik t\u00e4iendus teie aeda! See mahutab k\u00f5ik teie aiat\u00f6\u00f6riistad ja tarvikud ning pakub avarat hoiuruumi. See kestlikest looduslikest materjalidest kuur on valmistatud tugevast paneelkonstruktsioonist, mis tagab kiire ja lihtsa kokkupaneku. Selle laiad topeltuksed kindlustavad mugava juurdep\u00e4\u00e4su mahukate esemete hoiustamiseks, samas kui turvalukk pakub t\u00e4iendavat kaitset. See on varustatud veekindla katusepaneeli ja vastupidava katusepapiga, mis kaitseb teie asju t\u00f5husalt vihma ja lume eest. Sees on v\u00e4iksemate esemete paigutamiseks kaks riiulit ja kuus uksekonksu, mille asukohta saab muuta. Kuur, mis on valmistatud aeglaselt kasvatatud t\u00e4ispuidust, kestab pikki aastaid. Vastupidavuse suurendamiseks soovitame toodet enne v\u00f5i p\u00e4rast kokkupanekut puidukaitsevahendiga t\u00f6\u00f6delda.<\/p>\n","protected":false},"featured_media":2068,"comment_status":"open","ping_status":"closed","template":"","meta":[],"product_cat":[582],"product_tag":[],"yoast_head":"<!-- This site is optimized with the Yoast SEO Premium plugin v23.0 (Yoast SEO v23.0) - https:\/\/yoast.com\/wordpress\/plugins\/seo\/ -->\n<title>Kuur aiat\u00f6\u00f6riistade hoidmiseks | KHOME<\/title>\n<meta name=\"description\" content=\"Avar puidust kuur aiat\u00f6\u00f6riistade ja muude asjade hoiustamiseks. T\u00e4nu laiadele ustele on suuremaid esemeid mugav ja turvaline hoiustada.\" \/>\n<meta name=\"robots\" content=\"index, follow, max-snippet:-1, max-image-preview:large, max-video-preview:-1\" \/>\n<link rel=\"canonical\" href=\"https:\/\/kronushome.com\/et\/toode\/tooriistakuur\/\" \/>\n<meta property=\"og:locale\" content=\"et_EE\" \/>\n<meta property=\"og:type\" content=\"article\" \/>\n<meta property=\"og:title\" content=\"T\u00f6\u00f6riistakuur\" \/>\n<meta property=\"og:description\" content=\"Avar puidust kuur aiat\u00f6\u00f6riistade ja muude asjade hoiustamiseks. T\u00e4nu laiadele ustele on suuremaid esemeid mugav ja turvaline hoiustada.\" \/>\n<meta property=\"og:url\" content=\"https:\/\/kronushome.com\/et\/toode\/tooriistakuur\/\" \/>\n<meta property=\"og:site_name\" content=\"KronusHome.com\" \/>\n<meta property=\"article:modified_time\" content=\"2024-07-01T13:58:15+00:00\" \/>\n<meta property=\"og:image\" content=\"https:\/\/kronushome.com\/wp-content\/uploads\/2023\/03\/Tool-Shed-Natural-01.png\" \/>\n\t<meta property=\"og:image:width\" content=\"1200\" \/>\n\t<meta property=\"og:image:height\" content=\"848\" \/>\n\t<meta property=\"og:image:type\" content=\"image\/png\" \/>\n<meta name=\"twitter:card\" content=\"summary_large_image\" \/>\n<meta name=\"twitter:label1\" content=\"Est. reading time\" \/>\n\t<meta name=\"twitter:data1\" content=\"1 minut\" \/>\n<script type=\"application\/ld+json\" class=\"yoast-schema-graph\">{\"@context\":\"https:\/\/schema.org\",\"@graph\":[{\"@type\":\"WebPage\",\"@id\":\"https:\/\/kronushome.com\/et\/toode\/tooriistakuur\/\",\"url\":\"https:\/\/kronushome.com\/et\/toode\/tooriistakuur\/\",\"name\":\"Kuur aiat\u00f6\u00f6riistade hoidmiseks | KHOME\",\"isPartOf\":{\"@id\":\"https:\/\/kronushome.com\/lv\/#website\"},\"primaryImageOfPage\":{\"@id\":\"https:\/\/kronushome.com\/et\/toode\/tooriistakuur\/#primaryimage\"},\"image\":{\"@id\":\"https:\/\/kronushome.com\/et\/toode\/tooriistakuur\/#primaryimage\"},\"thumbnailUrl\":\"https:\/\/kronushome.com\/wp-content\/uploads\/2023\/03\/Tool-Shed-Natural-01.png\",\"datePublished\":\"2023-04-03T09:52:45+00:00\",\"dateModified\":\"2024-07-01T13:58:15+00:00\",\"description\":\"Avar puidust kuur aiat\u00f6\u00f6riistade ja muude asjade hoiustamiseks. T\u00e4nu laiadele ustele on suuremaid esemeid mugav ja turvaline hoiustada.\",\"breadcrumb\":{\"@id\":\"https:\/\/kronushome.com\/et\/toode\/tooriistakuur\/#breadcrumb\"},\"inLanguage\":\"et\",\"potentialAction\":[{\"@type\":\"ReadAction\",\"target\":[\"https:\/\/kronushome.com\/et\/toode\/tooriistakuur\/\"]}]},{\"@type\":\"ImageObject\",\"inLanguage\":\"et\",\"@id\":\"https:\/\/kronushome.com\/et\/toode\/tooriistakuur\/#primaryimage\",\"url\":\"https:\/\/kronushome.com\/wp-content\/uploads\/2023\/03\/Tool-Shed-Natural-01.png\",\"contentUrl\":\"https:\/\/kronushome.com\/wp-content\/uploads\/2023\/03\/Tool-Shed-Natural-01.png\",\"width\":1200,\"height\":848},{\"@type\":\"BreadcrumbList\",\"@id\":\"https:\/\/kronushome.com\/et\/toode\/tooriistakuur\/#breadcrumb\",\"itemListElement\":[{\"@type\":\"ListItem\",\"position\":1,\"name\":\"Home\",\"item\":\"https:\/\/kronushome.com\/et\/\"},{\"@type\":\"ListItem\",\"position\":2,\"name\":\"Palkmajad\",\"item\":\"https:\/\/kronushome.com\/palkmajad\/\"},{\"@type\":\"ListItem\",\"position\":3,\"name\":\"T\u00f6\u00f6riistakuur\"}]},{\"@type\":\"WebSite\",\"@id\":\"https:\/\/kronushome.com\/lv\/#website\",\"url\":\"https:\/\/kronushome.com\/lv\/\",\"name\":\"Garden Houses\",\"description\":\"Find your garden house and enjoy life in it\",\"potentialAction\":[{\"@type\":\"SearchAction\",\"target\":{\"@type\":\"EntryPoint\",\"urlTemplate\":\"https:\/\/kronushome.com\/lv\/?s={search_term_string}\"},\"query-input\":\"required name=search_term_string\"}],\"inLanguage\":\"et\"}]}<\/script>\n<!-- \/ Yoast SEO Premium plugin. -->","yoast_head_json":{"title":"Kuur aiat\u00f6\u00f6riistade hoidmiseks | KHOME","description":"Avar puidust kuur aiat\u00f6\u00f6riistade ja muude asjade hoiustamiseks. T\u00e4nu laiadele ustele on suuremaid esemeid mugav ja turvaline hoiustada.","robots":{"index":"index","follow":"follow","max-snippet":"max-snippet:-1","max-image-preview":"max-image-preview:large","max-video-preview":"max-video-preview:-1"},"canonical":"https:\/\/kronushome.com\/et\/toode\/tooriistakuur\/","og_locale":"et_EE","og_type":"article","og_title":"T\u00f6\u00f6riistakuur","og_description":"Avar puidust kuur aiat\u00f6\u00f6riistade ja muude asjade hoiustamiseks. T\u00e4nu laiadele ustele on suuremaid esemeid mugav ja turvaline hoiustada.","og_url":"https:\/\/kronushome.com\/et\/toode\/tooriistakuur\/","og_site_name":"KronusHome.com","article_modified_time":"2024-07-01T13:58:15+00:00","og_image":[{"width":1200,"height":848,"url":"https:\/\/kronushome.com\/wp-content\/uploads\/2023\/03\/Tool-Shed-Natural-01.png","type":"image\/png"}],"twitter_card":"summary_large_image","twitter_misc":{"Est. reading time":"1 minut"},"schema":{"@context":"https:\/\/schema.org","@graph":[{"@type":"WebPage","@id":"https:\/\/kronushome.com\/et\/toode\/tooriistakuur\/","url":"https:\/\/kronushome.com\/et\/toode\/tooriistakuur\/","name":"Kuur aiat\u00f6\u00f6riistade hoidmiseks | KHOME","isPartOf":{"@id":"https:\/\/kronushome.com\/lv\/#website"},"primaryImageOfPage":{"@id":"https:\/\/kronushome.com\/et\/toode\/tooriistakuur\/#primaryimage"},"image":{"@id":"https:\/\/kronushome.com\/et\/toode\/tooriistakuur\/#primaryimage"},"thumbnailUrl":"https:\/\/kronushome.com\/wp-content\/uploads\/2023\/03\/Tool-Shed-Natural-01.png","datePublished":"2023-04-03T09:52:45+00:00","dateModified":"2024-07-01T13:58:15+00:00","description":"Avar puidust kuur aiat\u00f6\u00f6riistade ja muude asjade hoiustamiseks. T\u00e4nu laiadele ustele on suuremaid esemeid mugav ja turvaline hoiustada.","breadcrumb":{"@id":"https:\/\/kronushome.com\/et\/toode\/tooriistakuur\/#breadcrumb"},"inLanguage":"et","potentialAction":[{"@type":"ReadAction","target":["https:\/\/kronushome.com\/et\/toode\/tooriistakuur\/"]}]},{"@type":"ImageObject","inLanguage":"et","@id":"https:\/\/kronushome.com\/et\/toode\/tooriistakuur\/#primaryimage","url":"https:\/\/kronushome.com\/wp-content\/uploads\/2023\/03\/Tool-Shed-Natural-01.png","contentUrl":"https:\/\/kronushome.com\/wp-content\/uploads\/2023\/03\/Tool-Shed-Natural-01.png","width":1200,"height":848},{"@type":"BreadcrumbList","@id":"https:\/\/kronushome.com\/et\/toode\/tooriistakuur\/#breadcrumb","itemListElement":[{"@type":"ListItem","position":1,"name":"Home","item":"https:\/\/kronushome.com\/et\/"},{"@type":"ListItem","position":2,"name":"Palkmajad","item":"https:\/\/kronushome.com\/palkmajad\/"},{"@type":"ListItem","position":3,"name":"T\u00f6\u00f6riistakuur"}]},{"@type":"WebSite","@id":"https:\/\/kronushome.com\/lv\/#website","url":"https:\/\/kronushome.com\/lv\/","name":"Garden Houses","description":"Find your garden house and enjoy life in it","potentialAction":[{"@type":"SearchAction","target":{"@type":"EntryPoint","urlTemplate":"https:\/\/kronushome.com\/lv\/?s={search_term_string}"},"query-input":"required name=search_term_string"}],"inLanguage":"et"}]}},"_links":{"self":[{"href":"https:\/\/kronushome.com\/et\/wp-json\/wp\/v2\/product\/2060"}],"collection":[{"href":"https:\/\/kronushome.com\/et\/wp-json\/wp\/v2\/product"}],"about":[{"href":"https:\/\/kronushome.com\/et\/wp-json\/wp\/v2\/types\/product"}],"replies":[{"embeddable":true,"href":"https:\/\/kronushome.com\/et\/wp-json\/wp\/v2\/comments?post=2060"}],"wp:featuredmedia":[{"embeddable":true,"href":"https:\/\/kronushome.com\/et\/wp-json\/wp\/v2\/media\/2068"}],"wp:attachment":[{"href":"https:\/\/kronushome.com\/et\/wp-json\/wp\/v2\/media?parent=2060"}],"wp:term":[{"taxonomy":"product_cat","embeddable":true,"href":"https:\/\/kronushome.com\/et\/wp-json\/wp\/v2\/product_cat?post=2060"},{"taxonomy":"product_tag","embeddable":true,"href":"https:\/\/kronushome.com\/et\/wp-json\/wp\/v2\/product_tag?post=2060"}],"curies":[{"name":"wp","href":"https:\/\/api.w.org\/{rel}","templated":true}]}}