{"id":2664,"date":"2022-04-05T14:55:31","date_gmt":"2022-04-05T11:55:31","guid":{"rendered":"https:\/\/kronushome.com\/privaatsuspoliitika\/"},"modified":"2024-06-03T13:41:25","modified_gmt":"2024-06-03T10:41:25","slug":"privaatsuspoliitika","status":"publish","type":"page","link":"https:\/\/kronushome.com\/et\/privaatsuspoliitika\/","title":{"rendered":"Privaatsuspoliitika"},"content":{"rendered":"<div class=\"wpb-content-wrapper\"><p>[vc_row][vc_column width=&#8221;1\/12&#8243;][\/vc_column][vc_column width=&#8221;10\/12&#8243;][vc_column_text css=&#8221;&#8221; woodmart_inline=&#8221;no&#8221; text_larger=&#8221;no&#8221;]Selles privaatsuspoliitikas teavitatakse ja selgitatakse, kuidas KRONUS SIA (edaspidi \u201eKronus\u201c) t\u00f6\u00f6tleb isikuandmeid veebilehel <a xmlns:xhtml=\"http:\/\/www.w3.org\/1999\/xhtml\" xhtml:href=\"https:\/\/www.kronushome.com\">https:\/\/www.kronushome.com<\/a> (edaspidi \u201eveebileht\u201c) koosk\u00f5las isikuandmete kaitse \u00fcldm\u00e4\u00e4ruse 2016\/679 (edaspidi \u201eGDPR\u201c) n\u00f5uetega.<\/p>\n<h3>Vastutav t\u00f6\u00f6tleja:<\/h3>\n<p>&nbsp;<\/p>\n<p>KRONUS SIA (rg-kood 40003479924, juriidiline aadress Daugu\u013cu iela 19, Ulbroka, Ropa\u017ei novads, LV-2130).<br \/>\nKontaktteave: e-posti aadress: <a xmlns:xhtml=\"http:\/\/www.w3.org\/1999\/xhtml\" xhtml:href=\"mailto:info@kronus.eu\">info@kronus.eu<\/a>, telefon: +371 67515952.<\/p>\n<h3>Isikuandmete t\u00f6\u00f6tlemise eesm\u00e4rgid ja alused.<\/h3>\n<p>Isikuandmete t\u00f6\u00f6tlemise eesm\u00e4rk n\u00e4itab, millist tulemust soovitakse saavutada. T\u00f6\u00f6tlemise \u00f5iguslik alus viitab GDPR-is tunnustatud \u00f5iguslikule alusele, mille p\u00f5hjal teie isikuandmeid saadakse, kasutatakse v\u00f5i s\u00e4ilitatakse.<br \/>\nKronus kogub ja kasutab isikuandmeid j\u00e4rgmiste p\u00f5hiprotsesside jaoks:<\/p>\n<p>1.1. Kronus t\u00f6\u00f6tleb teie ees- ja perekonnanime, isikukoodi (olemasolul), e-posti aadressi, telefoninumbrit, kliendi t\u00f6\u00f6taja\/esindaja ametikohta lepingute s\u00f5lmimiseks, nende t\u00e4itmiseks ja\/v\u00f5i teiega \u00fchenduse v\u00f5tmiseks lepingute t\u00e4itmisel. T\u00f6\u00f6tlemise \u00f5iguslik alus on \u00f5igustatud huvi s\u00f5lmida ja t\u00e4ita klientidega lepinguid ning luua potentsiaalsete klientidega uusi \u00e4risuhteid (GDPR-i artikli 6 l\u00f5ike 1 punktid b ja f).<\/p>\n<p>1.2. Kronus t\u00f6\u00f6tleb teie ees- ja perekonnanime, isikukoodi (olemasolul), e-posti aadressi, telefoninumbrit, ametikohta \u00e4ripartneri t\u00f6\u00f6taja\/esindajana lepingute s\u00f5lmimiseks, nende t\u00e4itmiseks ja\/v\u00f5i teiega \u00fchenduse v\u00f5tmiseks lepingute t\u00e4itmisel. T\u00f6\u00f6tlemise \u00f5iguslik alus on \u00f5igustatud huvi s\u00f5lmida ja t\u00e4ita lepinguid \u00e4ripartneritega ning luua potentsiaalsete \u00e4ripartneritega uusi \u00e4risuhteid (GDPR-i artikli 6 l\u00f5ike 1 punktid b ja f).<\/p>\n<p>1.3. Jaotise \u201eSaada p\u00e4ring\u201c t\u00e4itmisel t\u00f6\u00f6tleb Kronus teie nime, telefoninumbrit, e-posti aadressi ja tarneaadressi, et koostada ja saata pakkumine teid huvitavale tootele. T\u00f6\u00f6tlemise \u00f5iguslik alus on lepingueelsete meetmete rakendamine ja lepingu s\u00f5lmimine (GDPR-i artikli 6 l\u00f5ike 1 punkt b).<\/p>\n<p>1.4. Jaotise \u201eV\u00f5tke meiega \u00fchendust\u201c v\u00f5i \u201eTaotle konsultatsiooni\u201c kasutamisel t\u00f6\u00f6tleb Kronus teie nime, e-posti aadressi, telefoninumbrit ja ettev\u00f5tte nime (juhul, kui juriidilist isikut esindab t\u00f6\u00f6taja) ning edastatud s\u00f5numit kasutatakse tutvumiseks teemaga ja selleks et vastata teie n\u00f5usoleku alusel teie teaben\u00f5udele meie teenusepakkumiste ja lepingu t\u00e4itmise kohta (GDPR-i artikli 6 l\u00f5ike 1 punkt a);<\/p>\n<p>1.5. Kronuse uudiskirjade v\u00e4ljasaatmisel t\u00f6\u00f6deldakse teie e-posti aadressi vastavalt teie antud n\u00f5usolekule (GDPR-i artikli 6 l\u00f5ike 1 punkt a).<\/p>\n<p>1.6. Kronus v\u00f5ib t\u00f6\u00f6delda teie isikuandmeid GDPR-i j\u00e4rgimiseks, kui olete esitanud p\u00e4ringu oma andmete t\u00f6\u00f6tlemise kohta v\u00f5i kui soovite kasutada m\u00f5nda oma andmesubjekti \u00f5igust GDPR-i alusel. T\u00f6\u00f6deldavad isikuandmed: ees- ja perekonnanimi, aadress, e-posti aadress, elektroonilise esitamise korral ka isikukood. T\u00f6\u00f6tlemise \u00f5iguslik alus: juriidilise kohustuse t\u00e4itmine ja vastutava t\u00f6\u00f6tleja \u00f5igustatud huvi (GDPR-i artikli 6 l\u00f5ike 1 punktid c ja f);<\/p>\n<p>1.7. kui registreerute uudiskirja saamiseks, kasutatakse teie e-posti aadressi Kronuse uudiskirjade ja muu kasuliku teabe saatmiseks Kronuse kohta. T\u00f6\u00f6tlemise \u00f5iguslik alus: n\u00f5usolek uudiskirja saamiseks e-posti teel (GDPR-i artikli 6 l\u00f5ike 1 punkt a);<\/p>\n<p>1.8. Videovalvet teostatakse Kronuse ruumides, kus ligip\u00e4\u00e4su kontrollimiseks t\u00f6\u00f6deldakse teie isiku kujutist (v\u00e4limus, k\u00e4itumine), asukohta (ruum, kaamera asukoht), isiku kujutise aega (kuup\u00e4ev, kellaaeg, salvestuse algus ja l\u00f5pp), et tagada infrastruktuuri, t\u00f6\u00f6tajate ja klientide turvalisus, sh Kronusele, tema t\u00f6\u00f6tajatele ja klientidele kuuluvate esemete varguste ennetamiseks, avastamiseks ja uurimiseks, Kronuse t\u00f6\u00f6tajate ja klientide turvalisust \u00e4hvardavate f\u00fc\u00fcsiliste ohtude ennetamiseks v\u00f5i avastamiseks. Videovalve t\u00f6\u00f6tlemise \u00f5iguslik alus on \u00f5igustatud huvi (GDPR-i artikli 6 l\u00f5ike 1 punkt f).<\/p>\n<p>1.9. T\u00f6\u00f6kohale kandideerimisel t\u00f6\u00f6tleb Kronus teie CV-s ja kandideerimiskirjas esitatud andmeid, nagu teie ees- ja perekonnanimi, aadress, isikukood, sugu, kontaktandmed, foto ja muud teid identifitseerivad andmed, samuti teavet isikutelt, kes on esitanud teie kohta soovitusi, kui olete andnud s\u00f5naselge loa asjaomaste isikutega \u00fchendust v\u00f5tta. Kronus t\u00f6\u00f6tleb teie andmeid v\u00e4rbamisprotsessi haldamise eesm\u00e4rgil, n\u00e4iteks teie avaldusele vastamiseks ja teiega \u00fchenduse v\u00f5tmiseks (vestlustele kutsumiseks). Kui olete esitanud soovituse, t\u00f6\u00f6tleb Kronus ka soovituse kontaktandmeid, et hinnata soovitusi valikuprotsessi k\u00e4igus. Kronus t\u00f6\u00f6tleb teie andmeid ka teie p\u00e4devuse ja ametikohale sobivuse hindamiseks. Vestluste ajal v\u00f5ib Kronus paluda teil teha m\u00f5ned testid, et kontrollida teie sobivust v\u00e4ljakuulutatud vabale ametikohale. T\u00f6\u00f6tlemise \u00f5iguslik alus on n\u00f5usolek (GDPR-i artikli 6 l\u00f5ike 1 punkt a).<br \/>\nKronusel on teie avalduse saamisel \u00f5igustatud huvi teie avaldust menetleda, hinnates selles esitatud teavet, korraldades vestluse protseduuri, viies vestlused l\u00e4bi ja esitades t\u00f5endeid vastava protsessi seadusliku elluviimise toetamiseks. Vaidluse korral v\u00f5ib valikuprotsessi k\u00e4igus saadud teavet kasutada protsessi legitiimse elluviimise kajastamiseks.<\/p>\n<p>Kui otsustate kandideerida sotsiaalmeediakontodel (Facebook, LinkedIn) v\u00e4ljakuulutatud ametikohale, t\u00f6\u00f6tleb Kronus teie andmeid teie n\u00f5usoleku alusel. Teie sotsiaalmeedia kontodel olevaid andmeid vaadatakse vaid juhul, kui see on k\u00f5nealuse ametikoha jaoks vajalik ja ainult sellises ulatuses, kuiv\u00f5rd see on vajalik selle ametikoha t\u00f6\u00f6\u00fclesannete t\u00e4itmiseks, millele kandideerisite.<\/p>\n<p>P\u00f6\u00f6rame t\u00e4helepanu, et me kasutame teie avalduse andmeid ainult selle vaba t\u00f6\u00f6koha valikuprotsessis, millele te kandideerite. Kui Kronus kavatseb teie isikuandmeid t\u00f6\u00f6delda muul eesm\u00e4rgil kui see, milleks andmeid algselt koguti, teavitab Kronus teid enne t\u00f6\u00f6tlemist ja k\u00fcsib vajaduse korral teie n\u00f5usolekut. N\u00e4iteks kui teie isikuandmeid t\u00f6\u00f6deldakse osana v\u00e4rbamisprotsessist konkreetsele ametikohale ning Kronus leiab, et sobiksite m\u00f5nele teisele ametikohale ettev\u00f5ttes, v\u00f5ib Kronus k\u00fcsida teie n\u00f5usolekut teie isikuandmete t\u00f6\u00f6tlemiseks seoses selle teise ametikohaga tulevikus.<\/p>\n<h3>2. Isikuandmete saajate kategooriad<\/h3>\n<p>&nbsp;<\/p>\n<p>2.1. Kronus ei v\u00f5imalda volitamata isikutele juurdep\u00e4\u00e4su oma andmebaasile ja kaitseb teie esitatud isikuandmeid. Teatud isikuandmeid v\u00f5ib teistele osapooltele edastada ainult:<\/p>\n<p>2.1.1. veebilehe t\u00f6\u00f6 ja teenuse toimimise tagamiseks (nt veebilehe hoolduse ja serverimajutusteenuse pakkujad);<\/p>\n<p>2.1.2. andmet\u00f6\u00f6tlejatele, kes hoiavad Kronuse \u00e4riandmeid sisseostetava teenusena;<\/p>\n<p>2.2. Kronus on kohustatud ametiasutuselt p\u00e4ringu saamisel edastama ametiasutustele andmeid \u00f5igusaktides s\u00e4testatud juhtudel.<\/p>\n<p>2.3. CCTV salvestistele v\u00f5ivad ligi p\u00e4\u00e4seda ainult selleks volitatud isikud vastavalt isikuandmete t\u00f6\u00f6tlemise eesm\u00e4rgile. Videovalve salvestisi ei edastata ilma seadusliku aluseta kolmandale isikule; neid v\u00f5ib seaduste ja m\u00e4\u00e4rustega kehtestatud korras \u00fcle anda \u00f5iguskaitseorganitele ning need antakse \u00fcle turvaettev\u00f5ttele, kes t\u00f6\u00f6tleb isikuandmeid \u00fcksnes vastutava t\u00f6\u00f6tleja juhiste kohaselt ega tohi kasutada neid muudel eesm\u00e4rkidel. Turvaettev\u00f5te on lepingust ja seadustest tulenevalt kohustatud teie isikuandmeid kaitsma.<\/p>\n<p>2.4. Teie isikuandmeid ei edastata kolmandatesse riikidesse ega rahvusvahelistele organisatsioonidele, v\u00e4lja arvatud juhul, kui see on s\u00e4testatud poolte vahel s\u00f5lmitud lepingus v\u00f5i s\u00f5naselge n\u00f5usoleku korral.<\/p>\n<h3>3. Isikuandmete s\u00e4ilitamise aeg<\/h3>\n<p>&nbsp;<\/p>\n<p>3.1. Isikuandmeid s\u00e4ilitatakse ja kasutatakse vastavalt isikuandmete t\u00f6\u00f6tlemise m\u00e4\u00e4ratletud eesm\u00e4rkidele ja \u00f5iguslikule alusele seni, kuni Kronusele kehtib v\u00e4hemalt \u00fcks j\u00e4rgmistest kriteeriumidest:<\/p>\n<p>3.1.1. \u00f5iguslik kohustus s\u00e4ilitada andmeid teatud aja jooksul vastavalt seadustele ja m\u00e4\u00e4rustele;<\/p>\n<p>3.1.2. vaja on j\u00e4rgida oma \u00f5igustatud huve;<\/p>\n<p>3.1.3. vaja on t\u00e4ita v\u00f5etud lepingulisi kohustusi, samuti teatud aja jooksul p\u00e4rast lepingu t\u00e4itmist;<\/p>\n<p>3.1.4. andmesubjekti n\u00f5usolek isikuandmete vastavaks t\u00f6\u00f6tlemiseks on kehtiv.<\/p>\n<p>3.2. CCTV salvestust s\u00e4ilitatakse 15 p\u00e4eva alates selle loomisest, v\u00e4lja arvatud juhtudel, kui on tuvastatud \u00f5igusrikkumisi v\u00f5i on laekunud korrakaitsen\u00f5uded, mille puhul on vajalik CCTV salvestuste t\u00e4iendav t\u00f6\u00f6tlemine teatud aja jooksul.<\/p>\n<p>3.3. Teie kui kliendi t\u00f6\u00f6taja\/esindaja ja kui \u00e4ripartneri t\u00f6\u00f6taja\/esindaja isikuandmeid s\u00e4ilitatakse 10 (k\u00fcmme) aastat p\u00e4rast lepingu l\u00f5ppemist. Kui lepingus on ette n\u00e4htud garantiiaeg, mis \u00fcletab \u00fclaltoodud s\u00e4ilitamise aega, s\u00e4ilitatakse k\u00f5iki lepinguga seotud isikuandmeid kuni garantiiaja l\u00f5puni. Kui leping on vajalik kohtumenetluseks, mis ulatub \u00fcle eespool nimetatud s\u00e4ilitamise aja, s\u00e4ilitatakse k\u00f5iki lepinguga seotud isikuandmeid kuni vastutava asutuse l\u00f5pliku otsuse tegemiseni v\u00f5i j\u00f5ustumiseni. Teie (kui potentsiaalse kliendi t\u00f6\u00f6taja\/esindaja) isikuandmeid s\u00e4ilitatakse kuni konkursi\/v\u00e4rbamise l\u00f5puni.<\/p>\n<p>3.4. V\u00e4rbamisprotsessi k\u00e4igus esitatud andmeid s\u00e4ilitatakse hiljemalt v\u00e4ljakuulutatud vaba t\u00f6\u00f6koha konkursi l\u00f5puni. Juhul, kui olete andnud n\u00f5usoleku edaspidi osaleda valikuprotsessis m\u00f5nele teisele vabale ametikohale, s\u00e4ilitab Kronus teie isikuandmeid maksimaalselt 1 (\u00fcks) aasta alates selle n\u00f5usoleku saamisest.<\/p>\n<h3>4. Teie \u00f5igused, nende kasutamine ja piirangud seoses isikuandmete t\u00f6\u00f6tlemisega<\/h3>\n<p>&nbsp;<\/p>\n<p>Teavitame teid \u00f5igustest, mida Kronus teile kui andmesubjektile tagab. Juhime teie t\u00e4helepanu asjaolule, et GDPR-is v\u00f5i seaduses v\u00f5idakse kehtestada nende \u00f5iguste kasutamisele piiranguid ning iga \u00f5iguste kasutamise taotlust hinnatakse individuaalselt.<\/p>\n<p><strong>4.1. \u00d5igus p\u00e4\u00e4seda juurde oma isikuandmetele<\/strong><br \/>\nKronus annab teile kinnituse selle kohta, kas Kronus t\u00f6\u00f6tleb teie isikuandmeid ning annab teile GDPR-i kohaselt t\u00e4iendava teabena kokkuv\u00f5tte t\u00f6\u00f6deldavate andmete kohta. Kronusel on \u00f5igus isikuandmeid mitte esitada v\u00f5i isikuandmete saajaid mitte avaldada juhul, kui isikuandmete v\u00f5i nende saajate avaldamine on seadusega keelatud.<\/p>\n<p><strong>4.2. \u00d5igus n\u00f5uda ebat\u00e4psete isikuandmete parandamist v\u00f5i t\u00e4iendamist<\/strong><br \/>\nKronus palub teil teatada oma eesnime, perekonnanime, tarneaadressi, kontaktandmete v\u00f5i muude isikuandmete muudatustest, et tagada isikuandmete korrektne t\u00f6\u00f6tlemine.<\/p>\n<p>Kronus kaalub eba\u00f5igete v\u00f5i ebat\u00e4psete andmete parandamise taotlust ja kui see on p\u00f5hjendatud, parandatakse isikuandmed, edastades teile asjakohane teade tehtud otsuse kohta. Isikuandmete parandamise \u00f5igus ei kehti arhiivis hoitavatele dokumentidele ega muudel erandjuhtudel.<\/p>\n<p><strong>4.3. \u00d5igus n\u00f5uda isikuandmete t\u00f6\u00f6tlemise piiramist (peatamist).<\/strong><\/p>\n<p>Kronus piirab automaatselt teie isikuandmete t\u00f6\u00f6tlemist (v\u00e4lja arvatud s\u00e4ilitamine), kui:<br \/>\n\u2022 esitate taotluse ebat\u00e4psete isikuandmete parandamiseks;<br \/>\n\u2022 esitate vastuv\u00e4ite isikuandmete t\u00f6\u00f6tlemisele.<\/p>\n<p>T\u00f6\u00f6tlemine on piiratud perioodiks, mille jooksul vastavalt olukorrale menetletakse isikuandmete parandamise taotlust v\u00f5i vastuv\u00e4idet. Muudel juhtudel peate taotlema Kronuselt isikuandmete t\u00f6\u00f6tlemise piiramist, esitades p\u00f5hjuse.<\/p>\n<p><strong>4.4. \u00d5igus esitada vastuv\u00e4ide isikuandmete t\u00f6\u00f6tlemisele.<\/strong><\/p>\n<p>Teil on \u00f5igus esitada vastuv\u00e4iteid teatud isikuandmete t\u00f6\u00f6tlemisele, mida Kronus t\u00f6\u00f6tleb Kronuse jaoks v\u00f5i \u00f5igustatud huvi alusel. Kronusel on taotluse l\u00e4bivaatamisel \u00f5igus taotlus t\u00e4ielikult v\u00f5i osaliselt rahuldada. Juhul, kui Kronus tuvastab, et tal on teie isikuandmete t\u00f6\u00f6tlemiseks kaalukas \u00f5igustatud huvi, taotlust ei rahuldata.<\/p>\n<p><strong>4.5. \u00d5igus taotleda isikuandmete kustutamist<\/strong><\/p>\n<p>Kronus kaalub, kas isikuandmete kustutamiseks on GDPR-i p\u00f5hjal alust ning teavitab teid oma otsusest. Kustutamis\u00f5igust ei ole, kui andmete s\u00e4ilitamine on seadusega n\u00f5utud.<\/p>\n<p><strong>4.6. \u00d5igus n\u00f5usolek tagasi v\u00f5tta<\/strong><\/p>\n<p>Kui isikuandmete t\u00f6\u00f6tlemine p\u00f5hineb n\u00f5usolekul, v\u00f5ib selle tagasi v\u00f5tta. Kronus l\u00f5petab t\u00f6\u00f6tlemise sel eesm\u00e4rgil, milleks n\u00f5usolek anti, v\u00e4lja arvatud juhul, kui isikuandmeid s\u00e4ilitatakse Kronuse \u00f5igustatud huvide kaitseks.<br \/>\nN\u00f5usoleku tagasiv\u00f5tmine ei tohi m\u00f5jutada isikuandmete t\u00f6\u00f6tlemist, mis on vajalik seaduste ja m\u00e4\u00e4ruste n\u00f5uete t\u00e4itmiseks v\u00f5i mis p\u00f5hineb lepingul, Kronuse \u00f5igustatud huvidel v\u00f5i muudel seadustes ja m\u00e4\u00e4rustes s\u00e4testatud alustel isikuandmete seaduslikuks t\u00f6\u00f6tlemiseks.<\/p>\n<p>4.7. Esitades mis tahes taotluse oma \u00f5iguste kohta, edastate Kronusele oma isikuandmed. Sellisel juhul on isikuandmete t\u00f6\u00f6tlemise eesm\u00e4rk teha otsus ja anda teile vastus sellele taotlusele. Isikuandmeid, mille esitate oma andmesubjekti \u00f5iguste kasutamise taotluses ja taotlust ennast, s\u00e4ilitatakse viis aastat alates Kronuse vastuse kuup\u00e4evast, et s\u00e4ilitada t\u00f5endid andmesubjekti \u00f5iguste kasutamise kohta.<\/p>\n<p>4.8. Eelnimetatud andmesubjekti \u00f5igusi saate kasutada, esitades taotluse \u00fchel j\u00e4rgmistest viisidest:<\/p>\n<p>4.8.1. kirjalik ja k\u00e4sitsi kirjutatud taotlus, mis on adresseeritud Kronusele k\u00e4esolevas privaatsuspoliitikas m\u00e4rgitud aadressil;<\/p>\n<p>4.8.2. Kroonusele adresseeritud turvalise elektroonilise allkirjaga allkirjastatud taotlus, mis saadetakse j\u00e4rgmisele e-posti aadressile: info@kronus.eu. Selleks, et Kronus saadaks teie e-posti aadressile sisulise vastuse, peab turvalise elektroonilise allkirjaga allkirjastatud esildis sisaldama teie e-posti aadressi, millele soovite vastust saada.<\/p>\n<p>Iga \u00f5iguse kasutamise avaldusega tegeletakse esimesel v\u00f5imalusel, kuid mitte hiljem kui \u00fche kuu jooksul.<\/p>\n<p>4.9. Andmesubjektil on \u00f5igus esitada kaebus j\u00e4relevalveasutusele. Isikuandmete t\u00f6\u00f6tlemist puudutavate k\u00fcsimuste korral v\u00f5tke Kronusega \u00fchendust j\u00e4rgmisel e-posti aadressil: <a xmlns:xhtml=\"http:\/\/www.w3.org\/1999\/xhtml\" xhtml:href=\"mailto:info@kronus.eu\">info@kronus.eu<\/a>. Kui te ei ole vastusega rahul, on teil \u00f5igus esitada kaebus andmekaitseinspektsioonile aadressil Elijas iela 17, Riia, L\u00e4ti, LV-1050.<\/p>\n<h3>5. Muudatused privaatsuspoliitikas ja konsultatsioonid<\/h3>\n<p>&nbsp;<\/p>\n<p>Privaatsuspoliitikat v\u00f5idakse perioodiliselt uuendada ja selles v\u00f5idakse teha muudatusi.<\/p>\n<p>K\u00fcsimuste, kommentaaride ja p\u00e4ringute korral seoses selle privaatsuspoliitikaga v\u00f5tke \u00fchendust \u2013 KRONUS SIA, rg-kood 40003479924, juriidiline aadress Daugu\u013cu iela 19, Ulbroka, Ropa\u017ei novads, LV-2130 v\u00f5i saatke e-kiri aadressile: <a xmlns:xhtml=\"http:\/\/www.w3.org\/1999\/xhtml\" xhtml:href=\"mailto:info@kronus.eu\">info@kronus.eu<\/a>.<\/p>\n<p>Privaatsuspoliitikat muudeti viimati 10. veebruaril 2023.<\/p>\n<p>&nbsp;<\/p>\n<p>&nbsp;<\/p>\n<p><a href=\"https:\/\/kronushome.com\/et\/teade-kupsiste-kohta\/\">Teade k\u00fcpsiste kohta \u2192<\/a>[\/vc_column_text][\/vc_column][vc_column width=&#8221;1\/12&#8243;][\/vc_column][\/vc_row]<\/p>\n<\/div>","protected":false},"excerpt":{"rendered":"<p>[vc_row][vc_column width=&#8221;1\/12&#8243;][\/vc_column][vc_column width=&#8221;10\/12&#8243;][vc_column_text css=&#8221;&#8221; woodmart_inline=&#8221;no&#8221; text_larger=&#8221;no&#8221;]Selles privaatsuspoliitikas teavitatakse ja selgitatakse, kuidas KRONUS SIA (edaspidi \u201eKronus\u201c) t\u00f6\u00f6tleb isikuandmeid veebilehel https:\/\/www.kronushome.com (edaspidi<\/p>\n","protected":false},"author":38,"featured_media":0,"parent":0,"menu_order":0,"comment_status":"closed","ping_status":"closed","template":"","meta":{"footnotes":""},"yoast_head":"<!-- This site is optimized with the Yoast SEO Premium plugin v23.0 (Yoast SEO v23.0) - https:\/\/yoast.com\/wordpress\/plugins\/seo\/ -->\n<title>Privaatsuspoliitika - KronusHome.com<\/title>\n<meta name=\"robots\" content=\"index, follow, max-snippet:-1, max-image-preview:large, max-video-preview:-1\" \/>\n<link rel=\"canonical\" href=\"https:\/\/kronushome.com\/et\/privaatsuspoliitika\/\" \/>\n<meta property=\"og:locale\" content=\"et_EE\" \/>\n<meta property=\"og:type\" content=\"article\" \/>\n<meta property=\"og:title\" content=\"Privaatsuspoliitika\" \/>\n<meta property=\"og:description\" content=\"[vc_row][vc_column width=&#8221;1\/12&#8243;][\/vc_column][vc_column width=&#8221;10\/12&#8243;][vc_column_text css=&#8221;&#8221; woodmart_inline=&#8221;no&#8221; text_larger=&#8221;no&#8221;]Selles privaatsuspoliitikas teavitatakse ja selgitatakse, kuidas KRONUS SIA (edaspidi \u201eKronus\u201c) t\u00f6\u00f6tleb isikuandmeid veebilehel https:\/\/www.kronushome.com (edaspidi\" \/>\n<meta property=\"og:url\" content=\"https:\/\/kronushome.com\/et\/privaatsuspoliitika\/\" \/>\n<meta property=\"og:site_name\" content=\"KronusHome.com\" \/>\n<meta property=\"article:modified_time\" content=\"2024-06-03T10:41:25+00:00\" \/>\n<meta name=\"twitter:card\" content=\"summary_large_image\" \/>\n<meta name=\"twitter:label1\" content=\"Est. reading time\" \/>\n\t<meta name=\"twitter:data1\" content=\"10 minutit\" \/>\n<script type=\"application\/ld+json\" class=\"yoast-schema-graph\">{\"@context\":\"https:\/\/schema.org\",\"@graph\":[{\"@type\":\"WebPage\",\"@id\":\"https:\/\/kronushome.com\/et\/privaatsuspoliitika\/\",\"url\":\"https:\/\/kronushome.com\/et\/privaatsuspoliitika\/\",\"name\":\"Privaatsuspoliitika - KronusHome.com\",\"isPartOf\":{\"@id\":\"https:\/\/kronushome.com\/lv\/#website\"},\"datePublished\":\"2022-04-05T11:55:31+00:00\",\"dateModified\":\"2024-06-03T10:41:25+00:00\",\"breadcrumb\":{\"@id\":\"https:\/\/kronushome.com\/et\/privaatsuspoliitika\/#breadcrumb\"},\"inLanguage\":\"et\",\"potentialAction\":[{\"@type\":\"ReadAction\",\"target\":[\"https:\/\/kronushome.com\/et\/privaatsuspoliitika\/\"]}]},{\"@type\":\"BreadcrumbList\",\"@id\":\"https:\/\/kronushome.com\/et\/privaatsuspoliitika\/#breadcrumb\",\"itemListElement\":[{\"@type\":\"ListItem\",\"position\":1,\"name\":\"Home\",\"item\":\"https:\/\/kronushome.com\/et\/\"},{\"@type\":\"ListItem\",\"position\":2,\"name\":\"Privaatsuspoliitika\"}]},{\"@type\":\"WebSite\",\"@id\":\"https:\/\/kronushome.com\/lv\/#website\",\"url\":\"https:\/\/kronushome.com\/lv\/\",\"name\":\"Garden Houses\",\"description\":\"Find your garden house and enjoy life in it\",\"potentialAction\":[{\"@type\":\"SearchAction\",\"target\":{\"@type\":\"EntryPoint\",\"urlTemplate\":\"https:\/\/kronushome.com\/lv\/?s={search_term_string}\"},\"query-input\":\"required name=search_term_string\"}],\"inLanguage\":\"et\"}]}<\/script>\n<!-- \/ Yoast SEO Premium plugin. -->","yoast_head_json":{"title":"Privaatsuspoliitika - KronusHome.com","robots":{"index":"index","follow":"follow","max-snippet":"max-snippet:-1","max-image-preview":"max-image-preview:large","max-video-preview":"max-video-preview:-1"},"canonical":"https:\/\/kronushome.com\/et\/privaatsuspoliitika\/","og_locale":"et_EE","og_type":"article","og_title":"Privaatsuspoliitika","og_description":"[vc_row][vc_column width=&#8221;1\/12&#8243;][\/vc_column][vc_column width=&#8221;10\/12&#8243;][vc_column_text css=&#8221;&#8221; woodmart_inline=&#8221;no&#8221; text_larger=&#8221;no&#8221;]Selles privaatsuspoliitikas teavitatakse ja selgitatakse, kuidas KRONUS SIA (edaspidi \u201eKronus\u201c) t\u00f6\u00f6tleb isikuandmeid veebilehel https:\/\/www.kronushome.com (edaspidi","og_url":"https:\/\/kronushome.com\/et\/privaatsuspoliitika\/","og_site_name":"KronusHome.com","article_modified_time":"2024-06-03T10:41:25+00:00","twitter_card":"summary_large_image","twitter_misc":{"Est. reading time":"10 minutit"},"schema":{"@context":"https:\/\/schema.org","@graph":[{"@type":"WebPage","@id":"https:\/\/kronushome.com\/et\/privaatsuspoliitika\/","url":"https:\/\/kronushome.com\/et\/privaatsuspoliitika\/","name":"Privaatsuspoliitika - KronusHome.com","isPartOf":{"@id":"https:\/\/kronushome.com\/lv\/#website"},"datePublished":"2022-04-05T11:55:31+00:00","dateModified":"2024-06-03T10:41:25+00:00","breadcrumb":{"@id":"https:\/\/kronushome.com\/et\/privaatsuspoliitika\/#breadcrumb"},"inLanguage":"et","potentialAction":[{"@type":"ReadAction","target":["https:\/\/kronushome.com\/et\/privaatsuspoliitika\/"]}]},{"@type":"BreadcrumbList","@id":"https:\/\/kronushome.com\/et\/privaatsuspoliitika\/#breadcrumb","itemListElement":[{"@type":"ListItem","position":1,"name":"Home","item":"https:\/\/kronushome.com\/et\/"},{"@type":"ListItem","position":2,"name":"Privaatsuspoliitika"}]},{"@type":"WebSite","@id":"https:\/\/kronushome.com\/lv\/#website","url":"https:\/\/kronushome.com\/lv\/","name":"Garden Houses","description":"Find your garden house and enjoy life in it","potentialAction":[{"@type":"SearchAction","target":{"@type":"EntryPoint","urlTemplate":"https:\/\/kronushome.com\/lv\/?s={search_term_string}"},"query-input":"required name=search_term_string"}],"inLanguage":"et"}]}},"_links":{"self":[{"href":"https:\/\/kronushome.com\/et\/wp-json\/wp\/v2\/pages\/2664"}],"collection":[{"href":"https:\/\/kronushome.com\/et\/wp-json\/wp\/v2\/pages"}],"about":[{"href":"https:\/\/kronushome.com\/et\/wp-json\/wp\/v2\/types\/page"}],"author":[{"embeddable":true,"href":"https:\/\/kronushome.com\/et\/wp-json\/wp\/v2\/users\/38"}],"replies":[{"embeddable":true,"href":"https:\/\/kronushome.com\/et\/wp-json\/wp\/v2\/comments?post=2664"}],"version-history":[{"count":4,"href":"https:\/\/kronushome.com\/et\/wp-json\/wp\/v2\/pages\/2664\/revisions"}],"predecessor-version":[{"id":2696,"href":"https:\/\/kronushome.com\/et\/wp-json\/wp\/v2\/pages\/2664\/revisions\/2696"}],"wp:attachment":[{"href":"https:\/\/kronushome.com\/et\/wp-json\/wp\/v2\/media?parent=2664"}],"curies":[{"name":"wp","href":"https:\/\/api.w.org\/{rel}","templated":true}]}}