{"id":2615,"date":"2022-04-11T00:40:04","date_gmt":"2022-04-10T21:40:04","guid":{"rendered":"https:\/\/kronushome.com\/kkk\/"},"modified":"2024-06-11T13:39:09","modified_gmt":"2024-06-11T10:39:09","slug":"kkk","status":"publish","type":"page","link":"https:\/\/kronushome.com\/et\/kkk\/","title":{"rendered":"KKK"},"content":{"rendered":"<div class=\"wpb-content-wrapper\"><p>[vc_row][vc_column]\n\t\t<div id=\"wd-6253500169d17\" class=\"title-wrapper wd-wpb set-mb-s reset-last-child  wd-rs-6253500169d17 wd-title-color-default wd-title-style-default text-center  wd-title-empty wd-underline-colored\">\n\t\t\t\n\t\t\t<div class=\"liner-continer\">\n\t\t\t\t<h4 class=\"woodmart-title-container title  wd-font-weight- wd-fontsize-l\" ><\/h4>\n\t\t\t\t\t\t\t<\/div>\n\t\t\t\n\t\t\t\n\t\t\t\n\t\t<\/div>\n\t\t\n\t\t[\/vc_column][\/vc_row][vc_row][vc_column width=&#8221;1\/12&#8243;][\/vc_column][vc_column width=&#8221;10\/12&#8243;]\n\t\t<div id=\"wd-62534fd65f525\" class=\"wd-accordion wd-wpb wd-rs-62534fd65f525  wd-style-default\" data-state=\"all_closed\">\n\t\t\t\t\t\t\t\n\t\t\t\t\n\t\t\t\t<div class=\"wd-accordion-item\">\n\t\t\t\t\t<div class=\"wd-accordion-title font-primary wd-fontsize-m text-left wd-opener-pos-right wd-font-weight-400\" data-accordion-index=\"0\">\n\t\t\t\t\t\t<div class=\"wd-accordion-title-text\">\n\t\t\t\t\t\t\t\t\t\t\t\t\t\t<span>\n\t\t\t\t\t\t\t\tMis materjalist on need konstruktsioonid tehtud?\t\t\t\t\t\t\t<\/span>\n\t\t\t\t\t\t<\/div>\n\t\t\t\t\t\t<span class=\"wd-accordion-opener wd-opener-style-plus\"><\/span>\n\t\t\t\t\t<\/div>\n\n\t\t\t\t\t<div class=\"wd-accordion-content reset-last-child\" data-accordion-index=\"0\">\n\t\t\t\t\t\t\t\t\t\t\t\t\t<p>K\u00f5ik ettev\u00f5tte KRONUS Home majad ja kuurid on valmistatud FSC\u00ae (FSC-153405) sertifitseeritud p\u00f5hjamaisest puidust. Seda kvaliteetset ehitusmaterjali iseloomustavad suurep\u00e4rane vastupidavus ja keskkonnas\u00e4\u00e4stlikud omadused.<\/p>\n\t\t\t\t\t\t\t\t\t\t\t<\/div>\n\t\t\t\t<\/div>\n\t\t\t\t\t\t\t\n\t\t\t\t\n\t\t\t\t<div class=\"wd-accordion-item\">\n\t\t\t\t\t<div class=\"wd-accordion-title font-primary wd-fontsize-m text-left wd-opener-pos-right wd-font-weight-400\" data-accordion-index=\"1\">\n\t\t\t\t\t\t<div class=\"wd-accordion-title-text\">\n\t\t\t\t\t\t\t\t\t\t\t\t\t\t<span>\n\t\t\t\t\t\t\t\tMida majakomplekt sisaldab?\t\t\t\t\t\t\t<\/span>\n\t\t\t\t\t\t<\/div>\n\t\t\t\t\t\t<span class=\"wd-accordion-opener wd-opener-style-plus\"><\/span>\n\t\t\t\t\t<\/div>\n\n\t\t\t\t\t<div class=\"wd-accordion-content reset-last-child\" data-accordion-index=\"1\">\n\t\t\t\t\t\t\t\t\t\t\t\t\t<p><span data-sheets-root=\"1\" data-sheets-value=\"{\" data-sheets-userformat=\"{\">\u2022 T\u00e4ispuidust freesitud palgid kahe v\u00f5i \u00fche tapiga s\u00f5ltuvalt maja suurusest<br \/>\n\u2022 20 mm tapikeele ja soonega katuselauad<br \/>\n\u2022 Immutatud vundamendipalgid vastupidavuse suurendamiseks<br \/>\n\u2022 Uksed ja aknad<br \/>\n\u2022 Kruvid, poldid ja vajalikud tarvikud<br \/>\n\u2022 H\u00f5lpsasti j\u00e4lgitav kasutusjuhend<\/span><\/p>\n<p>Komplekti ei kuulu:<br \/>\n<span data-sheets-root=\"1\" data-sheets-value=\"{\" data-sheets-userformat=\"{\">\u2022 tarne<br \/>\n\u2022 kokkupanek<br \/>\n\u2022 katusekate<br \/>\n\u2022 vundament<br \/>\n\u2022 v\u00e4rvimist\u00f6\u00f6d<br \/>\n<\/span><\/p>\n\t\t\t\t\t\t\t\t\t\t\t<\/div>\n\t\t\t\t<\/div>\n\t\t\t\t\t\t\t\n\t\t\t\t\n\t\t\t\t<div class=\"wd-accordion-item\">\n\t\t\t\t\t<div class=\"wd-accordion-title font-primary wd-fontsize-m text-left wd-opener-pos-right wd-font-weight-400\" data-accordion-index=\"2\">\n\t\t\t\t\t\t<div class=\"wd-accordion-title-text\">\n\t\t\t\t\t\t\t\t\t\t\t\t\t\t<span>\n\t\t\t\t\t\t\t\tMida kuurikomplekt sisaldab?\t\t\t\t\t\t\t<\/span>\n\t\t\t\t\t\t<\/div>\n\t\t\t\t\t\t<span class=\"wd-accordion-opener wd-opener-style-plus\"><\/span>\n\t\t\t\t\t<\/div>\n\n\t\t\t\t\t<div class=\"wd-accordion-content reset-last-child\" data-accordion-index=\"2\">\n\t\t\t\t\t\t\t\t\t\t\t\t\t<p><span data-sheets-root=\"1\" data-sheets-value=\"{\" data-sheets-userformat=\"{\">\u2022 Puitkarkassist ja tapp\u00fchendusega voodrilauast valmistatud seinapaneelid<br \/>\n\u2022 P\u00f5randa- ja katusepaneelid, mis on valmistatud puitkarkassist ja tapp\u00fchendusega voodrilauast<br \/>\n\u2022 Uksed<br \/>\n\u2022 Katusekate<br \/>\n\u2022 Kruvid, poldid, hinged ja vajalikud tarvikud<br \/>\n\u2022 H\u00f5lpsasti j\u00e4lgitav kasutusjuhend<\/span><\/p>\n\t\t\t\t\t\t\t\t\t\t\t<\/div>\n\t\t\t\t<\/div>\n\t\t\t\t\t\t\t\n\t\t\t\t\n\t\t\t\t<div class=\"wd-accordion-item\">\n\t\t\t\t\t<div class=\"wd-accordion-title font-primary wd-fontsize-m text-left wd-opener-pos-right wd-font-weight-400\" data-accordion-index=\"3\">\n\t\t\t\t\t\t<div class=\"wd-accordion-title-text\">\n\t\t\t\t\t\t\t\t\t\t\t\t\t\t<span>\n\t\t\t\t\t\t\t\tSeinad ja katus\t\t\t\t\t\t\t<\/span>\n\t\t\t\t\t\t<\/div>\n\t\t\t\t\t\t<span class=\"wd-accordion-opener wd-opener-style-plus\"><\/span>\n\t\t\t\t\t<\/div>\n\n\t\t\t\t\t<div class=\"wd-accordion-content reset-last-child\" data-accordion-index=\"3\">\n\t\t\t\t\t\t\t\t\t\t\t\t\t<p><span data-sheets-root=\"1\" data-sheets-value=\"{\" data-sheets-userformat=\"{\">Seinad on valmistatud \u00fche v\u00f5i kahe tapi ja soonega lukustuvatest laudadest. P\u00f5randa- ja katuselauad on valmistatud kvaliteetsest h\u00f6\u00f6veldatud puidust ja \u00fchendatud \u00fchekordsete tuulelukkudega.<\/span><\/p>\n\t\t\t\t\t\t\t\t\t\t\t<\/div>\n\t\t\t\t<\/div>\n\t\t\t\t\t\t\t\n\t\t\t\t\n\t\t\t\t<div class=\"wd-accordion-item\">\n\t\t\t\t\t<div class=\"wd-accordion-title font-primary wd-fontsize-m text-left wd-opener-pos-right wd-font-weight-400\" data-accordion-index=\"4\">\n\t\t\t\t\t\t<div class=\"wd-accordion-title-text\">\n\t\t\t\t\t\t\t\t\t\t\t\t\t\t<span>\n\t\t\t\t\t\t\t\tMajade aknad\t\t\t\t\t\t\t<\/span>\n\t\t\t\t\t\t<\/div>\n\t\t\t\t\t\t<span class=\"wd-accordion-opener wd-opener-style-plus\"><\/span>\n\t\t\t\t\t<\/div>\n\n\t\t\t\t\t<div class=\"wd-accordion-content reset-last-child\" data-accordion-index=\"4\">\n\t\t\t\t\t\t\t\t\t\t\t\t\t<p>K\u00f5igil majadel on topeltklaasidega aknad. Aknad ja uksed on puitraamidega.<\/p>\n\t\t\t\t\t\t\t\t\t\t\t<\/div>\n\t\t\t\t<\/div>\n\t\t\t\t\t\t\t\n\t\t\t\t\n\t\t\t\t<div class=\"wd-accordion-item\">\n\t\t\t\t\t<div class=\"wd-accordion-title font-primary wd-fontsize-m text-left wd-opener-pos-right wd-font-weight-400\" data-accordion-index=\"5\">\n\t\t\t\t\t\t<div class=\"wd-accordion-title-text\">\n\t\t\t\t\t\t\t\t\t\t\t\t\t\t<span>\n\t\t\t\t\t\t\t\tLaudade t\u00f6\u00f6tlemine ja hooldus\t\t\t\t\t\t\t<\/span>\n\t\t\t\t\t\t<\/div>\n\t\t\t\t\t\t<span class=\"wd-accordion-opener wd-opener-style-plus\"><\/span>\n\t\t\t\t\t<\/div>\n\n\t\t\t\t\t<div class=\"wd-accordion-content reset-last-child\" data-accordion-index=\"5\">\n\t\t\t\t\t\t\t\t\t\t\t\t\t<p>Puit on looduslik materjal, mis kasvab ja kohaneb ilmastikutingimustega. Suured ja v\u00e4ikesed praod, v\u00e4rvitooni erinevused ja muutused ning puidu struktuuri muutumine on loomulik n\u00e4htus. Seinad ja katus ei ole v\u00e4rvitud ega puidukaitsevahendiga t\u00f6\u00f6deldud. Vahetus kokkupuutes maapinnaga on ainult p\u00f5hi.<\/p>\n<p>T\u00f6\u00f6tlemata puit v\u00f5ib p\u00e4rast pikemaajalist t\u00f6\u00f6tlemata j\u00e4tmist muutuda hallikaks ja siniseks ning hallitama hakata. Puidu kaitsmiseks tuleb seda kohe p\u00e4rast kokkupanekut t\u00f6\u00f6delda puidukaitsevahendiga.<\/p>\n<p>P\u00f5randalaudade kaitsmiseks niiskuse eest soovitame esmajoones laudade alumised pooled t\u00f6\u00f6delda eelnevalt puiduimmutusvahendiga, et neid niiskuse eest kaitsta.<\/p>\n<p>Uks ja aknad soovitame tungivalt t\u00f6\u00f6delda m\u00f5lemalt poolt. V\u00e4rvi v\u00f5i peitsi kasutamine puidu kaitsmiseks niiskuse ja UV-kiirguse eest on kohustuslik.<\/p>\n<p>Soovitame kontrollida oma maja iga kuue kuu j\u00e4rel.<\/p>\n\t\t\t\t\t\t\t\t\t\t\t<\/div>\n\t\t\t\t<\/div>\n\t\t\t\t\t\t\t\n\t\t\t\t\n\t\t\t\t<div class=\"wd-accordion-item\">\n\t\t\t\t\t<div class=\"wd-accordion-title font-primary wd-fontsize-m text-left wd-opener-pos-right wd-font-weight-400\" data-accordion-index=\"6\">\n\t\t\t\t\t\t<div class=\"wd-accordion-title-text\">\n\t\t\t\t\t\t\t\t\t\t\t\t\t\t<span>\n\t\t\t\t\t\t\t\tLisateenused majade jaoks\t\t\t\t\t\t\t<\/span>\n\t\t\t\t\t\t<\/div>\n\t\t\t\t\t\t<span class=\"wd-accordion-opener wd-opener-style-plus\"><\/span>\n\t\t\t\t\t<\/div>\n\n\t\t\t\t\t<div class=\"wd-accordion-content reset-last-child\" data-accordion-index=\"6\">\n\t\t\t\t\t\t\t\t\t\t\t\t\t<p>KATUSEKATTEKOMPLEKT<br \/>\nStandardselt tarnitakse meie palkmaja ilma katusekatteta. Selle katuset\u00fc\u00fcbi puhul soovitame alati kasutada katuse alusmaterjali ja katusesindleid. Pakume komplekte eri v\u00e4rvides: tumehall, tumepunane, tumeroheline ja pruun.<\/p>\n<p>VUNDAMENDIKOMPLEKT<br \/>\n\u00dcksikasjalik teave on esitatud jaotises \u201eMajade paigaldusmeetodid ja vundament\u201c.<\/p>\n<p>T\u00d6\u00d6TLUS<br \/>\nK\u00f5iki meie tooteid tuleb kohe p\u00e4rast kokkupanekut puidukaitsevahendiga t\u00f6\u00f6delda.<\/p>\n\t\t\t\t\t\t\t\t\t\t\t<\/div>\n\t\t\t\t<\/div>\n\t\t\t\t\t\t\t\n\t\t\t\t\n\t\t\t\t<div class=\"wd-accordion-item\">\n\t\t\t\t\t<div class=\"wd-accordion-title font-primary wd-fontsize-m text-left wd-opener-pos-right wd-font-weight-400\" data-accordion-index=\"7\">\n\t\t\t\t\t\t<div class=\"wd-accordion-title-text\">\n\t\t\t\t\t\t\t\t\t\t\t\t\t\t<span>\n\t\t\t\t\t\t\t\tMajade paigaldusmeetodid ja vundament\t\t\t\t\t\t\t<\/span>\n\t\t\t\t\t\t<\/div>\n\t\t\t\t\t\t<span class=\"wd-accordion-opener wd-opener-style-plus\"><\/span>\n\t\t\t\t\t<\/div>\n\n\t\t\t\t\t<div class=\"wd-accordion-content reset-last-child\" data-accordion-index=\"7\">\n\t\t\t\t\t\t\t\t\t\t\t\t\t<p>Valmismaju saab paigaldada kolmele eri t\u00fc\u00fcpi vundamendile: kruvivaiadest vundament, betoonplokkidest vundament v\u00f5i valatud betoonvundament. KRONUS Home soovitab paigaldada konstruktsiooni puuritud kruvivaiadele. Soovitame kasutada puuritud kruvivaiasid, sest see on odavam ja kiirem paigaldusviis kui betoonvundament v\u00f5i plokid. Puuritud kruvivaiad, mida saab h\u00f5lpsasti paigaldada peaaegu igat t\u00fc\u00fcpi pinnasesse, aitavad lahendada ka pinna ebatasasuse probleemi.<\/p>\n<p>KRUVIVAIADE EELISED<br \/>\n\u2022 Madalad kulud: see paigaldusmeetod on 30\u201370% odavam kui vundamendi ehitamine.<br \/>\n\u2022 Keskkonnas\u00f5bralik: maja all olev pinnas j\u00e4\u00e4b peaaegu puutumata ja neelab endasse niiskust.<br \/>\n\u2022 Pole vajadust vundamendiauku kaevata, mis oleks kallis ja aegan\u00f5udev.<br \/>\n\u2022 Kiire ja lihtne paigaldus: see on palju kiirem kui betoonvundamendi ehitamine v\u00f5i betoonplokkide rihtimine ja paigaldamine.<br \/>\n\u2022 Teisaldamisv\u00f5imalused: vaiad saab eemaldada, et maja lahti v\u00f5tta ja teise kohta paigaldada.<br \/>\n\u2022 Paigaldamine v\u00f5ib toimuda mis tahes aastaajal v\u00f5i ilmastikutingimustes.<\/p>\n<p>KRONUS Home pakub paigaldusteenuseid. Meie kasutame puuritud kruvivaiadega tehnoloogiat.<\/p>\n\t\t\t\t\t\t\t\t\t\t\t<\/div>\n\t\t\t\t<\/div>\n\t\t\t\t\t\t\t\n\t\t\t\t\n\t\t\t\t<div class=\"wd-accordion-item\">\n\t\t\t\t\t<div class=\"wd-accordion-title font-primary wd-fontsize-m text-left wd-opener-pos-right wd-font-weight-400\" data-accordion-index=\"8\">\n\t\t\t\t\t\t<div class=\"wd-accordion-title-text\">\n\t\t\t\t\t\t\t\t\t\t\t\t\t\t<span>\n\t\t\t\t\t\t\t\tKommunaalv\u00f5rk\t\t\t\t\t\t\t<\/span>\n\t\t\t\t\t\t<\/div>\n\t\t\t\t\t\t<span class=\"wd-accordion-opener wd-opener-style-plus\"><\/span>\n\t\t\t\t\t<\/div>\n\n\t\t\t\t\t<div class=\"wd-accordion-content reset-last-child\" data-accordion-index=\"8\">\n\t\t\t\t\t\t\t\t\t\t\t\t\t<p>Kommunaalv\u00f5rgu \u00fchendused saab teha enne v\u00f5i p\u00e4rast konstruktsiooni paigaldamist.<\/p>\n\t\t\t\t\t\t\t\t\t\t\t<\/div>\n\t\t\t\t<\/div>\n\t\t\t\t\t\t\t\n\t\t\t\t\n\t\t\t\t<div class=\"wd-accordion-item\">\n\t\t\t\t\t<div class=\"wd-accordion-title font-primary wd-fontsize-m text-left wd-opener-pos-right wd-font-weight-400\" data-accordion-index=\"9\">\n\t\t\t\t\t\t<div class=\"wd-accordion-title-text\">\n\t\t\t\t\t\t\t\t\t\t\t\t\t\t<span>\n\t\t\t\t\t\t\t\tKas ma saan teie majade paigaldamisega ise hakkama?\t\t\t\t\t\t\t<\/span>\n\t\t\t\t\t\t<\/div>\n\t\t\t\t\t\t<span class=\"wd-accordion-opener wd-opener-style-plus\"><\/span>\n\t\t\t\t\t<\/div>\n\n\t\t\t\t\t<div class=\"wd-accordion-content reset-last-child\" data-accordion-index=\"9\">\n\t\t\t\t\t\t\t\t\t\t\t\t\t<p>Kokkupanek on \u00fcsna lihtne ja seda saavad teha ka need, kellel ei ole ehituskogemust. Maja kokkupanekuks kulub umbes 3\u20135 p\u00e4eva ja kuuri kokkupanekuks 2\u20138 tundi. Komplektis on kergesti j\u00e4rgitav paigaldusjuhend ja anname soovitusi ka vundamendi paigaldamiseks.<\/p>\n\t\t\t\t\t\t\t\t\t\t\t<\/div>\n\t\t\t\t<\/div>\n\t\t\t\t\t\t\t\n\t\t\t\t\n\t\t\t\t<div class=\"wd-accordion-item\">\n\t\t\t\t\t<div class=\"wd-accordion-title font-primary wd-fontsize-m text-left wd-opener-pos-right wd-font-weight-400\" data-accordion-index=\"10\">\n\t\t\t\t\t\t<div class=\"wd-accordion-title-text\">\n\t\t\t\t\t\t\t\t\t\t\t\t\t\t<span>\n\t\t\t\t\t\t\t\tKas te pakute paigaldusteenust?\t\t\t\t\t\t\t<\/span>\n\t\t\t\t\t\t<\/div>\n\t\t\t\t\t\t<span class=\"wd-accordion-opener wd-opener-style-plus\"><\/span>\n\t\t\t\t\t<\/div>\n\n\t\t\t\t\t<div class=\"wd-accordion-content reset-last-child\" data-accordion-index=\"10\">\n\t\t\t\t\t\t\t\t\t\t\t\t\t<p>KRONUS Home pakub kruvivaiadele paigaldust ja vajalike dokumentide kinnitamist. Pakume ka kuuride paigaldamist.<\/p>\n\t\t\t\t\t\t\t\t\t\t\t<\/div>\n\t\t\t\t<\/div>\n\t\t\t\t\t\t\t\n\t\t\t\t\n\t\t\t\t<div class=\"wd-accordion-item\">\n\t\t\t\t\t<div class=\"wd-accordion-title font-primary wd-fontsize-m text-left wd-opener-pos-right wd-font-weight-400\" data-accordion-index=\"11\">\n\t\t\t\t\t\t<div class=\"wd-accordion-title-text\">\n\t\t\t\t\t\t\t\t\t\t\t\t\t\t<span>\n\t\t\t\t\t\t\t\tMis aastaajal saab maja v\u00f5i kuuri paigaldada?\t\t\t\t\t\t\t<\/span>\n\t\t\t\t\t\t<\/div>\n\t\t\t\t\t\t<span class=\"wd-accordion-opener wd-opener-style-plus\"><\/span>\n\t\t\t\t\t<\/div>\n\n\t\t\t\t\t<div class=\"wd-accordion-content reset-last-child\" data-accordion-index=\"11\">\n\t\t\t\t\t\t\t\t\t\t\t\t\t\n<p class=\"western\" lang=\"ru-RU\">Kaubam\u00e4rgi KRONUS maju ja kuure saab paigaldada aastaringselt. \u00dcldiselt s\u00f5ltub k\u00f5ik vundamendi t\u00fc\u00fcbist, st plokkvundamenti on k\u00f5ige parem ehitada suvel, samas kui kruvivaiu saab paigaldada igal aastaajal, eeldusel et maapind ei ole v\u00e4ga k\u00fclmunud. Kuure saab paigaldada igal ajal ja just sinna, kuhu soovite.<\/p>\n\t\t\t\t\t\t\t\t\t\t\t<\/div>\n\t\t\t\t<\/div>\n\t\t\t\t\t\t\t\n\t\t\t\t\n\t\t\t\t<div class=\"wd-accordion-item\">\n\t\t\t\t\t<div class=\"wd-accordion-title font-primary wd-fontsize-m text-left wd-opener-pos-right wd-font-weight-400\" data-accordion-index=\"12\">\n\t\t\t\t\t\t<div class=\"wd-accordion-title-text\">\n\t\t\t\t\t\t\t\t\t\t\t\t\t\t<span>\n\t\t\t\t\t\t\t\tKas teie majades saab elada aastaringselt?\t\t\t\t\t\t\t<\/span>\n\t\t\t\t\t\t<\/div>\n\t\t\t\t\t\t<span class=\"wd-accordion-opener wd-opener-style-plus\"><\/span>\n\t\t\t\t\t<\/div>\n\n\t\t\t\t\t<div class=\"wd-accordion-content reset-last-child\" data-accordion-index=\"12\">\n\t\t\t\t\t\t\t\t\t\t\t\t\t\n<p class=\"western\" lang=\"ru-RU\">KRONUS Home\u2019i pakutavad standardsed majakomplektid on suvemajad ilma seinasoojustuse ja k\u00fctteseadmeteta. Meie suvemaju saab soojustada ja vajadusel kasutada aastaringselt.<\/p>\n\t\t\t\t\t\t\t\t\t\t\t<\/div>\n\t\t\t\t<\/div>\n\t\t\t\t\t\t\t\n\t\t\t\t\n\t\t\t\t<div class=\"wd-accordion-item\">\n\t\t\t\t\t<div class=\"wd-accordion-title font-primary wd-fontsize-m text-left wd-opener-pos-right wd-font-weight-400\" data-accordion-index=\"13\">\n\t\t\t\t\t\t<div class=\"wd-accordion-title-text\">\n\t\t\t\t\t\t\t\t\t\t\t\t\t\t<span>\n\t\t\t\t\t\t\t\tGarantii\t\t\t\t\t\t\t<\/span>\n\t\t\t\t\t\t<\/div>\n\t\t\t\t\t\t<span class=\"wd-accordion-opener wd-opener-style-plus\"><\/span>\n\t\t\t\t\t<\/div>\n\n\t\t\t\t\t<div class=\"wd-accordion-content reset-last-child\" data-accordion-index=\"13\">\n\t\t\t\t\t\t\t\t\t\t\t\t\t<p>Meie toodetel on 5-aastane tootjagarantii.<\/p>\n\t\t\t\t\t\t\t\t\t\t\t<\/div>\n\t\t\t\t<\/div>\n\t\t\t\t\t\t\t\n\t\t\t\t\n\t\t\t\t<div class=\"wd-accordion-item\">\n\t\t\t\t\t<div class=\"wd-accordion-title font-primary wd-fontsize-m text-left wd-opener-pos-right wd-font-weight-400\" data-accordion-index=\"14\">\n\t\t\t\t\t\t<div class=\"wd-accordion-title-text\">\n\t\t\t\t\t\t\t\t\t\t\t\t\t\t<span>\n\t\t\t\t\t\t\t\t\u00d6koloogiline jalaj\u00e4lg\t\t\t\t\t\t\t<\/span>\n\t\t\t\t\t\t<\/div>\n\t\t\t\t\t\t<span class=\"wd-accordion-opener wd-opener-style-plus\"><\/span>\n\t\t\t\t\t<\/div>\n\n\t\t\t\t\t<div class=\"wd-accordion-content reset-last-child\" data-accordion-index=\"14\">\n\t\t\t\t\t\t\t\t\t\t\t\t\t<p>Maja v\u00f5i kuuri \u00f6koloogiline jalaj\u00e4lg s\u00f5ltub selle ehitamiseks kasutatud materjalidest. Kui v\u00e4hegi v\u00f5imalik, valime keskkonnas\u00f5bralikud lahendused, n\u00e4iteks FSC\u00ae (FSC-153405) sertifitseeritud puidu ja kestlikud paigaldusmeetodid.<\/p>\n\t\t\t\t\t\t\t\t\t\t\t<\/div>\n\t\t\t\t<\/div>\n\t\t\t\t\t\t\t\n\t\t\t\t\n\t\t\t\t<div class=\"wd-accordion-item\">\n\t\t\t\t\t<div class=\"wd-accordion-title font-primary wd-fontsize-m text-left wd-opener-pos-right wd-font-weight-400\" data-accordion-index=\"15\">\n\t\t\t\t\t\t<div class=\"wd-accordion-title-text\">\n\t\t\t\t\t\t\t\t\t\t\t\t\t\t<span>\n\t\t\t\t\t\t\t\tKas mul peab olema ehitusluba?\t\t\t\t\t\t\t<\/span>\n\t\t\t\t\t\t<\/div>\n\t\t\t\t\t\t<span class=\"wd-accordion-opener wd-opener-style-plus\"><\/span>\n\t\t\t\t\t<\/div>\n\n\t\t\t\t\t<div class=\"wd-accordion-content reset-last-child\" data-accordion-index=\"15\">\n\t\t\t\t\t\t\t\t\t\t\t\t\t<p>Ehitusloa vajalikkus s\u00f5ltub kohalikest eeskirjadest. T\u00e4iendava teabe saamiseks v\u00f5tke \u00fchendust oma kohaliku omavalitsusega.<\/p>\n\t\t\t\t\t\t\t\t\t\t\t<\/div>\n\t\t\t\t<\/div>\n\t\t\t\t\t\t\t\n\t\t\t\t\n\t\t\t\t<div class=\"wd-accordion-item\">\n\t\t\t\t\t<div class=\"wd-accordion-title font-primary wd-fontsize-m text-left wd-opener-pos-right wd-font-weight-400\" data-accordion-index=\"16\">\n\t\t\t\t\t\t<div class=\"wd-accordion-title-text\">\n\t\t\t\t\t\t\t\t\t\t\t\t\t\t<span>\n\t\t\t\t\t\t\t\tTarne\t\t\t\t\t\t\t<\/span>\n\t\t\t\t\t\t<\/div>\n\t\t\t\t\t\t<span class=\"wd-accordion-opener wd-opener-style-plus\"><\/span>\n\t\t\t\t\t<\/div>\n\n\t\t\t\t\t<div class=\"wd-accordion-content reset-last-child\" data-accordion-index=\"16\">\n\t\t\t\t\t\t\t\t\t\t\t\t\t<p>TARNE L\u00c4TIS<br \/>\nKRONUS Home tarnib oma tooteid L\u00e4ti piires. Kui toode on laos olemas, tarnitakse see L\u00e4ti piires 3\u20135 p\u00e4eva jooksul. Kui toode on laost otsas, on tarneaeg 2\u20133 n\u00e4dalat.<\/p>\n\t\t\t\t\t\t\t\t\t\t\t<\/div>\n\t\t\t\t<\/div>\n\t\t\t\t\t\t\t\t\t\t\t\t\t\t<\/div>\n\n\t\t[\/vc_column][vc_column width=&#8221;1\/12&#8243;][\/vc_column][\/vc_row]<\/p>\n<\/div>","protected":false},"excerpt":{"rendered":"<p>[vc_row][vc_column][\/vc_column][\/vc_row][vc_row][vc_column width=&#8221;1\/12&#8243;][\/vc_column][vc_column width=&#8221;10\/12&#8243;][\/vc_column][vc_column width=&#8221;1\/12&#8243;][\/vc_column][\/vc_row]<\/p>\n","protected":false},"author":38,"featured_media":0,"parent":0,"menu_order":0,"comment_status":"closed","ping_status":"closed","template":"","meta":{"footnotes":""},"yoast_head":"<!-- This site is optimized with the Yoast SEO Premium plugin v23.0 (Yoast SEO v23.0) - https:\/\/yoast.com\/wordpress\/plugins\/seo\/ -->\n<title>K&amp;V puidust aiamajade ja kuuride kohta | KHOME<\/title>\n<meta name=\"description\" content=\"Pakume puidust aiamaju ja kuure garantii ning tarneteenusega. Teil on k\u00fcsimus? Taotlege tasuta n\u00f5ustamist!\" \/>\n<meta name=\"robots\" content=\"index, follow, max-snippet:-1, max-image-preview:large, max-video-preview:-1\" \/>\n<link rel=\"canonical\" href=\"https:\/\/kronushome.com\/et\/kkk\/\" \/>\n<meta property=\"og:locale\" content=\"et_EE\" \/>\n<meta property=\"og:type\" content=\"article\" \/>\n<meta property=\"og:title\" content=\"KKK\" \/>\n<meta property=\"og:description\" content=\"Pakume puidust aiamaju ja kuure garantii ning tarneteenusega. Teil on k\u00fcsimus? Taotlege tasuta n\u00f5ustamist!\" \/>\n<meta property=\"og:url\" content=\"https:\/\/kronushome.com\/et\/kkk\/\" \/>\n<meta property=\"og:site_name\" content=\"KronusHome.com\" \/>\n<meta property=\"article:modified_time\" content=\"2024-06-11T10:39:09+00:00\" \/>\n<meta name=\"twitter:card\" content=\"summary_large_image\" \/>\n<meta name=\"twitter:label1\" content=\"Est. reading time\" \/>\n\t<meta name=\"twitter:data1\" content=\"4 minutit\" \/>\n<script type=\"application\/ld+json\" class=\"yoast-schema-graph\">{\"@context\":\"https:\/\/schema.org\",\"@graph\":[{\"@type\":\"WebPage\",\"@id\":\"https:\/\/kronushome.com\/et\/kkk\/\",\"url\":\"https:\/\/kronushome.com\/et\/kkk\/\",\"name\":\"K&V puidust aiamajade ja kuuride kohta | KHOME\",\"isPartOf\":{\"@id\":\"https:\/\/kronushome.com\/lv\/#website\"},\"datePublished\":\"2022-04-10T21:40:04+00:00\",\"dateModified\":\"2024-06-11T10:39:09+00:00\",\"description\":\"Pakume puidust aiamaju ja kuure garantii ning tarneteenusega. Teil on k\u00fcsimus? Taotlege tasuta n\u00f5ustamist!\",\"breadcrumb\":{\"@id\":\"https:\/\/kronushome.com\/et\/kkk\/#breadcrumb\"},\"inLanguage\":\"et\",\"potentialAction\":[{\"@type\":\"ReadAction\",\"target\":[\"https:\/\/kronushome.com\/et\/kkk\/\"]}]},{\"@type\":\"BreadcrumbList\",\"@id\":\"https:\/\/kronushome.com\/et\/kkk\/#breadcrumb\",\"itemListElement\":[{\"@type\":\"ListItem\",\"position\":1,\"name\":\"Home\",\"item\":\"https:\/\/kronushome.com\/et\/\"},{\"@type\":\"ListItem\",\"position\":2,\"name\":\"KKK\"}]},{\"@type\":\"WebSite\",\"@id\":\"https:\/\/kronushome.com\/lv\/#website\",\"url\":\"https:\/\/kronushome.com\/lv\/\",\"name\":\"Garden Houses\",\"description\":\"Find your garden house and enjoy life in it\",\"potentialAction\":[{\"@type\":\"SearchAction\",\"target\":{\"@type\":\"EntryPoint\",\"urlTemplate\":\"https:\/\/kronushome.com\/lv\/?s={search_term_string}\"},\"query-input\":\"required name=search_term_string\"}],\"inLanguage\":\"et\"}]}<\/script>\n<!-- \/ Yoast SEO Premium plugin. -->","yoast_head_json":{"title":"K&V puidust aiamajade ja kuuride kohta | KHOME","description":"Pakume puidust aiamaju ja kuure garantii ning tarneteenusega. Teil on k\u00fcsimus? Taotlege tasuta n\u00f5ustamist!","robots":{"index":"index","follow":"follow","max-snippet":"max-snippet:-1","max-image-preview":"max-image-preview:large","max-video-preview":"max-video-preview:-1"},"canonical":"https:\/\/kronushome.com\/et\/kkk\/","og_locale":"et_EE","og_type":"article","og_title":"KKK","og_description":"Pakume puidust aiamaju ja kuure garantii ning tarneteenusega. Teil on k\u00fcsimus? Taotlege tasuta n\u00f5ustamist!","og_url":"https:\/\/kronushome.com\/et\/kkk\/","og_site_name":"KronusHome.com","article_modified_time":"2024-06-11T10:39:09+00:00","twitter_card":"summary_large_image","twitter_misc":{"Est. reading time":"4 minutit"},"schema":{"@context":"https:\/\/schema.org","@graph":[{"@type":"WebPage","@id":"https:\/\/kronushome.com\/et\/kkk\/","url":"https:\/\/kronushome.com\/et\/kkk\/","name":"K&V puidust aiamajade ja kuuride kohta | KHOME","isPartOf":{"@id":"https:\/\/kronushome.com\/lv\/#website"},"datePublished":"2022-04-10T21:40:04+00:00","dateModified":"2024-06-11T10:39:09+00:00","description":"Pakume puidust aiamaju ja kuure garantii ning tarneteenusega. Teil on k\u00fcsimus? Taotlege tasuta n\u00f5ustamist!","breadcrumb":{"@id":"https:\/\/kronushome.com\/et\/kkk\/#breadcrumb"},"inLanguage":"et","potentialAction":[{"@type":"ReadAction","target":["https:\/\/kronushome.com\/et\/kkk\/"]}]},{"@type":"BreadcrumbList","@id":"https:\/\/kronushome.com\/et\/kkk\/#breadcrumb","itemListElement":[{"@type":"ListItem","position":1,"name":"Home","item":"https:\/\/kronushome.com\/et\/"},{"@type":"ListItem","position":2,"name":"KKK"}]},{"@type":"WebSite","@id":"https:\/\/kronushome.com\/lv\/#website","url":"https:\/\/kronushome.com\/lv\/","name":"Garden Houses","description":"Find your garden house and enjoy life in it","potentialAction":[{"@type":"SearchAction","target":{"@type":"EntryPoint","urlTemplate":"https:\/\/kronushome.com\/lv\/?s={search_term_string}"},"query-input":"required name=search_term_string"}],"inLanguage":"et"}]}},"_links":{"self":[{"href":"https:\/\/kronushome.com\/et\/wp-json\/wp\/v2\/pages\/2615"}],"collection":[{"href":"https:\/\/kronushome.com\/et\/wp-json\/wp\/v2\/pages"}],"about":[{"href":"https:\/\/kronushome.com\/et\/wp-json\/wp\/v2\/types\/page"}],"author":[{"embeddable":true,"href":"https:\/\/kronushome.com\/et\/wp-json\/wp\/v2\/users\/38"}],"replies":[{"embeddable":true,"href":"https:\/\/kronushome.com\/et\/wp-json\/wp\/v2\/comments?post=2615"}],"version-history":[{"count":2,"href":"https:\/\/kronushome.com\/et\/wp-json\/wp\/v2\/pages\/2615\/revisions"}],"predecessor-version":[{"id":2943,"href":"https:\/\/kronushome.com\/et\/wp-json\/wp\/v2\/pages\/2615\/revisions\/2943"}],"wp:attachment":[{"href":"https:\/\/kronushome.com\/et\/wp-json\/wp\/v2\/media?parent=2615"}],"curies":[{"name":"wp","href":"https:\/\/api.w.org\/{rel}","templated":true}]}}